{"id":122,"date":"2023-10-24T09:50:41","date_gmt":"2023-10-24T07:50:41","guid":{"rendered":"https:\/\/grace-guolin-qigong.org\/?page_id=122"},"modified":"2025-03-03T09:19:20","modified_gmt":"2025-03-03T08:19:20","slug":"qi-gong","status":"publish","type":"page","link":"https:\/\/grace-guolin-qigong.org\/index.php\/qi-gong\/","title":{"rendered":"Le qi gong"},"content":{"rendered":"\t\t<div data-elementor-type=\"wp-page\" data-elementor-id=\"122\" class=\"elementor elementor-122\">\n\t\t\t\t<div class=\"elementor-element elementor-element-1eb410a1 e-flex e-con-boxed e-con e-parent\" data-id=\"1eb410a1\" data-element_type=\"container\">\n\t\t\t\t\t<div class=\"e-con-inner\">\n\t\t\t\t<div class=\"elementor-element elementor-element-1b158fed elementor-widget elementor-widget-text-editor\" data-id=\"1b158fed\" data-element_type=\"widget\" data-widget_type=\"text-editor.default\">\n\t\t\t\t<div class=\"elementor-widget-container\">\n\t\t\t\t\t\t\t<p>Le Qi Gong est un art e\u0301nerge\u0301tique chinois ancestral, vieux de 5000 ans, dont la pratique relie Corps et Esprit.Qi signifie \u2018\u2019Souffle\u2019\u2019, \u2018\u2019Energie vitale\u2019\u2019.<\/p><p>Gong de\u0301signe le travail fait \u2018\u2019dans le but d\u2019atteindre un e\u0301tat de calme et de de\u0301tente physique et mentale\u2019\u2019 (Dr Bingkai LIU).Qi Gong signifie le travail fait avec de\u0301termination et perse\u0301ve\u0301rance pour mai\u0302triser et cultiver l\u2019e\u0301nergie vitale.<\/p><p>Il implique des respirations spe\u0301cifiques, des postures et des mouvements doux dans un e\u0301tat de concentration mentale et de relaxation. Ces mouvements peuvent e\u0302tre adapte\u0301s et pratique\u0301s en marchant, debout, assis ou couche\u0301 (De\u0301finition NCCIH* * National Center for Complementary and Integrative Health (NCCIH)Il est divise\u0301 en cinq e\u0301coles :<\/p><p>1- Qi Gong taoi\u0308ste, insiste sur le bien-e\u0302tre, la longe\u0301vite\u0301 et le de\u0301veloppement spirituel,<\/p><p>2- Qi Gong bouddhiste<\/p><p>3- Qi Gong confucianiste<\/p><p>4- Qi Gong des arts martiaux (Wushu), Tai chi<\/p><p>5- Qi Gong me\u0301dical, cible le soin et la pre\u0301vention de la maladie. Il propose des pratiques qui se sont montre\u0301es efficaces dans certaines maladies ou troubles des organes. Le GuoLin Qi Gong en est issu. Il est le seul qui cible le cancer et les maladies chroniques. Il aide le patient dans la prise en charge de sa maladie et accompagne le traitement conventionnel.<\/p>\t\t\t\t\t\t<\/div>\n\t\t\t\t<\/div>\n\t\t\t\t\t<\/div>\n\t\t\t\t<\/div>\n\t\t\t\t<\/div>\n\t\t","protected":false},"excerpt":{"rendered":"<p>Le Qi Gong est un art e\u0301nerge\u0301tique chinois ancestral, vieux de 5000 ans, dont la pratique relie Corps et Esprit.Qi signifie \u2018\u2019Souffle\u2019\u2019, \u2018\u2019Energie vitale\u2019\u2019. Gong de\u0301signe le travail fait \u2018\u2019dans le but d\u2019atteindre un e\u0301tat de calme et de de\u0301tente physique et mentale\u2019\u2019 (Dr Bingkai LIU).Qi Gong signifie le travail fait avec de\u0301termination et perse\u0301ve\u0301rance [&hellip;]<\/p>\n","protected":false},"author":1,"featured_media":0,"parent":0,"menu_order":0,"comment_status":"closed","ping_status":"closed","template":"","meta":{"_monsterinsights_skip_tracking":false,"_monsterinsights_sitenote_active":false,"_monsterinsights_sitenote_note":"","_monsterinsights_sitenote_category":0,"_uf_show_specific_survey":0,"_uf_disable_surveys":false,"footnotes":""},"class_list":["post-122","page","type-page","status-publish","hentry"],"aioseo_notices":[],"yoast_head":"<!-- This site is optimized with the Yoast SEO plugin v27.2 - https:\/\/yoast.com\/product\/yoast-seo-wordpress\/ -->\n<title>Le qi gong - GRACE<\/title>\n<meta name=\"description\" content=\"Le Qi Gong est un art \u00e9nerg\u00e9tique chinois ancestral, pratiqu\u00e9 depuis plus de 5000 ans, qui relie le corps et l\u2019esprit. Il combine respiration, postures et mouvements doux pour cultiver et ma\u00eetriser l\u2019\u00e9nergie vitale (Qi). Issu du Qi Gong m\u00e9dical, le GuoLin Qi Gong est sp\u00e9cialement con\u00e7u pour accompagner les patients atteints de cancer et de maladies chroniques, en soutien aux traitements conventionnels.\" \/>\n<meta name=\"robots\" content=\"index, follow, max-snippet:-1, max-image-preview:large, max-video-preview:-1\" \/>\n<link rel=\"canonical\" href=\"https:\/\/grace-guolin-qigong.org\/index.php\/qi-gong\/\" \/>\n<meta property=\"og:locale\" content=\"fr_FR\" \/>\n<meta property=\"og:type\" content=\"article\" \/>\n<meta property=\"og:title\" content=\"Le qi gong - GRACE\" \/>\n<meta property=\"og:description\" content=\"Le Qi Gong est un art \u00e9nerg\u00e9tique chinois ancestral, pratiqu\u00e9 depuis plus de 5000 ans, qui relie le corps et l\u2019esprit. Il combine respiration, postures et mouvements doux pour cultiver et ma\u00eetriser l\u2019\u00e9nergie vitale (Qi). Issu du Qi Gong m\u00e9dical, le GuoLin Qi Gong est sp\u00e9cialement con\u00e7u pour accompagner les patients atteints de cancer et de maladies chroniques, en soutien aux traitements conventionnels.\" \/>\n<meta property=\"og:url\" content=\"https:\/\/grace-guolin-qigong.org\/index.php\/qi-gong\/\" \/>\n<meta property=\"og:site_name\" content=\"GRACE\" \/>\n<meta property=\"article:modified_time\" content=\"2025-03-03T08:19:20+00:00\" \/>\n<meta name=\"twitter:card\" content=\"summary_large_image\" \/>\n<meta name=\"twitter:label1\" content=\"Dur\u00e9e de lecture estim\u00e9e\" \/>\n\t<meta name=\"twitter:data1\" content=\"2 minutes\" \/>\n<script type=\"application\/ld+json\" class=\"yoast-schema-graph\">{\"@context\":\"https:\/\/schema.org\",\"@graph\":[{\"@type\":\"WebPage\",\"@id\":\"https:\/\/grace-guolin-qigong.org\/index.php\/qi-gong\/\",\"url\":\"https:\/\/grace-guolin-qigong.org\/index.php\/qi-gong\/\",\"name\":\"Le qi gong - GRACE\",\"isPartOf\":{\"@id\":\"https:\/\/grace-guolin-qigong.org\/#website\"},\"datePublished\":\"2023-10-24T07:50:41+00:00\",\"dateModified\":\"2025-03-03T08:19:20+00:00\",\"description\":\"Le Qi Gong est un art \u00e9nerg\u00e9tique chinois ancestral, pratiqu\u00e9 depuis plus de 5000 ans, qui relie le corps et l\u2019esprit. Il combine respiration, postures et mouvements doux pour cultiver et ma\u00eetriser l\u2019\u00e9nergie vitale (Qi). Issu du Qi Gong m\u00e9dical, le GuoLin Qi Gong est sp\u00e9cialement con\u00e7u pour accompagner les patients atteints de cancer et de maladies chroniques, en soutien aux traitements conventionnels.\",\"breadcrumb\":{\"@id\":\"https:\/\/grace-guolin-qigong.org\/index.php\/qi-gong\/#breadcrumb\"},\"inLanguage\":\"fr-FR\",\"potentialAction\":[{\"@type\":\"ReadAction\",\"target\":[\"https:\/\/grace-guolin-qigong.org\/index.php\/qi-gong\/\"]}]},{\"@type\":\"BreadcrumbList\",\"@id\":\"https:\/\/grace-guolin-qigong.org\/index.php\/qi-gong\/#breadcrumb\",\"itemListElement\":[{\"@type\":\"ListItem\",\"position\":1,\"name\":\"Accueil\",\"item\":\"https:\/\/grace-guolin-qigong.org\/\"},{\"@type\":\"ListItem\",\"position\":2,\"name\":\"Le qi gong\"}]},{\"@type\":\"WebSite\",\"@id\":\"https:\/\/grace-guolin-qigong.org\/#website\",\"url\":\"https:\/\/grace-guolin-qigong.org\/\",\"name\":\"GRACE\",\"description\":\"\",\"publisher\":{\"@id\":\"https:\/\/grace-guolin-qigong.org\/#organization\"},\"potentialAction\":[{\"@type\":\"SearchAction\",\"target\":{\"@type\":\"EntryPoint\",\"urlTemplate\":\"https:\/\/grace-guolin-qigong.org\/?s={search_term_string}\"},\"query-input\":{\"@type\":\"PropertyValueSpecification\",\"valueRequired\":true,\"valueName\":\"search_term_string\"}}],\"inLanguage\":\"fr-FR\"},{\"@type\":\"Organization\",\"@id\":\"https:\/\/grace-guolin-qigong.org\/#organization\",\"name\":\"GRACE\",\"url\":\"https:\/\/grace-guolin-qigong.org\/\",\"logo\":{\"@type\":\"ImageObject\",\"inLanguage\":\"fr-FR\",\"@id\":\"https:\/\/grace-guolin-qigong.org\/#\/schema\/logo\/image\/\",\"url\":\"https:\/\/grace-guolin-qigong.org\/wp-content\/uploads\/2023\/10\/logo-blanc-grace-video.jpg\",\"contentUrl\":\"https:\/\/grace-guolin-qigong.org\/wp-content\/uploads\/2023\/10\/logo-blanc-grace-video.jpg\",\"width\":841,\"height\":595,\"caption\":\"GRACE\"},\"image\":{\"@id\":\"https:\/\/grace-guolin-qigong.org\/#\/schema\/logo\/image\/\"}}]}<\/script>\n<!-- \/ Yoast SEO plugin. -->","yoast_head_json":{"title":"Le qi gong - GRACE","description":"Le Qi Gong est un art \u00e9nerg\u00e9tique chinois ancestral, pratiqu\u00e9 depuis plus de 5000 ans, qui relie le corps et l\u2019esprit. Il combine respiration, postures et mouvements doux pour cultiver et ma\u00eetriser l\u2019\u00e9nergie vitale (Qi). Issu du Qi Gong m\u00e9dical, le GuoLin Qi Gong est sp\u00e9cialement con\u00e7u pour accompagner les patients atteints de cancer et de maladies chroniques, en soutien aux traitements conventionnels.","robots":{"index":"index","follow":"follow","max-snippet":"max-snippet:-1","max-image-preview":"max-image-preview:large","max-video-preview":"max-video-preview:-1"},"canonical":"https:\/\/grace-guolin-qigong.org\/index.php\/qi-gong\/","og_locale":"fr_FR","og_type":"article","og_title":"Le qi gong - GRACE","og_description":"Le Qi Gong est un art \u00e9nerg\u00e9tique chinois ancestral, pratiqu\u00e9 depuis plus de 5000 ans, qui relie le corps et l\u2019esprit. Il combine respiration, postures et mouvements doux pour cultiver et ma\u00eetriser l\u2019\u00e9nergie vitale (Qi). Issu du Qi Gong m\u00e9dical, le GuoLin Qi Gong est sp\u00e9cialement con\u00e7u pour accompagner les patients atteints de cancer et de maladies chroniques, en soutien aux traitements conventionnels.","og_url":"https:\/\/grace-guolin-qigong.org\/index.php\/qi-gong\/","og_site_name":"GRACE","article_modified_time":"2025-03-03T08:19:20+00:00","twitter_card":"summary_large_image","twitter_misc":{"Dur\u00e9e de lecture estim\u00e9e":"2 minutes"},"schema":{"@context":"https:\/\/schema.org","@graph":[{"@type":"WebPage","@id":"https:\/\/grace-guolin-qigong.org\/index.php\/qi-gong\/","url":"https:\/\/grace-guolin-qigong.org\/index.php\/qi-gong\/","name":"Le qi gong - GRACE","isPartOf":{"@id":"https:\/\/grace-guolin-qigong.org\/#website"},"datePublished":"2023-10-24T07:50:41+00:00","dateModified":"2025-03-03T08:19:20+00:00","description":"Le Qi Gong est un art \u00e9nerg\u00e9tique chinois ancestral, pratiqu\u00e9 depuis plus de 5000 ans, qui relie le corps et l\u2019esprit. Il combine respiration, postures et mouvements doux pour cultiver et ma\u00eetriser l\u2019\u00e9nergie vitale (Qi). Issu du Qi Gong m\u00e9dical, le GuoLin Qi Gong est sp\u00e9cialement con\u00e7u pour accompagner les patients atteints de cancer et de maladies chroniques, en soutien aux traitements conventionnels.","breadcrumb":{"@id":"https:\/\/grace-guolin-qigong.org\/index.php\/qi-gong\/#breadcrumb"},"inLanguage":"fr-FR","potentialAction":[{"@type":"ReadAction","target":["https:\/\/grace-guolin-qigong.org\/index.php\/qi-gong\/"]}]},{"@type":"BreadcrumbList","@id":"https:\/\/grace-guolin-qigong.org\/index.php\/qi-gong\/#breadcrumb","itemListElement":[{"@type":"ListItem","position":1,"name":"Accueil","item":"https:\/\/grace-guolin-qigong.org\/"},{"@type":"ListItem","position":2,"name":"Le qi gong"}]},{"@type":"WebSite","@id":"https:\/\/grace-guolin-qigong.org\/#website","url":"https:\/\/grace-guolin-qigong.org\/","name":"GRACE","description":"","publisher":{"@id":"https:\/\/grace-guolin-qigong.org\/#organization"},"potentialAction":[{"@type":"SearchAction","target":{"@type":"EntryPoint","urlTemplate":"https:\/\/grace-guolin-qigong.org\/?s={search_term_string}"},"query-input":{"@type":"PropertyValueSpecification","valueRequired":true,"valueName":"search_term_string"}}],"inLanguage":"fr-FR"},{"@type":"Organization","@id":"https:\/\/grace-guolin-qigong.org\/#organization","name":"GRACE","url":"https:\/\/grace-guolin-qigong.org\/","logo":{"@type":"ImageObject","inLanguage":"fr-FR","@id":"https:\/\/grace-guolin-qigong.org\/#\/schema\/logo\/image\/","url":"https:\/\/grace-guolin-qigong.org\/wp-content\/uploads\/2023\/10\/logo-blanc-grace-video.jpg","contentUrl":"https:\/\/grace-guolin-qigong.org\/wp-content\/uploads\/2023\/10\/logo-blanc-grace-video.jpg","width":841,"height":595,"caption":"GRACE"},"image":{"@id":"https:\/\/grace-guolin-qigong.org\/#\/schema\/logo\/image\/"}}]}},"_links":{"self":[{"href":"https:\/\/grace-guolin-qigong.org\/index.php\/wp-json\/wp\/v2\/pages\/122","targetHints":{"allow":["GET"]}}],"collection":[{"href":"https:\/\/grace-guolin-qigong.org\/index.php\/wp-json\/wp\/v2\/pages"}],"about":[{"href":"https:\/\/grace-guolin-qigong.org\/index.php\/wp-json\/wp\/v2\/types\/page"}],"author":[{"embeddable":true,"href":"https:\/\/grace-guolin-qigong.org\/index.php\/wp-json\/wp\/v2\/users\/1"}],"replies":[{"embeddable":true,"href":"https:\/\/grace-guolin-qigong.org\/index.php\/wp-json\/wp\/v2\/comments?post=122"}],"version-history":[{"count":14,"href":"https:\/\/grace-guolin-qigong.org\/index.php\/wp-json\/wp\/v2\/pages\/122\/revisions"}],"predecessor-version":[{"id":264,"href":"https:\/\/grace-guolin-qigong.org\/index.php\/wp-json\/wp\/v2\/pages\/122\/revisions\/264"}],"wp:attachment":[{"href":"https:\/\/grace-guolin-qigong.org\/index.php\/wp-json\/wp\/v2\/media?parent=122"}],"curies":[{"name":"wp","href":"https:\/\/api.w.org\/{rel}","templated":true}]}}