{"id":132,"date":"2023-10-24T09:54:59","date_gmt":"2023-10-24T07:54:59","guid":{"rendered":"https:\/\/grace-guolin-qigong.org\/?page_id=132"},"modified":"2025-03-03T09:17:29","modified_gmt":"2025-03-03T08:17:29","slug":"qi-gong-de-guo-lin","status":"publish","type":"page","link":"https:\/\/grace-guolin-qigong.org\/index.php\/qi-gong-de-guo-lin\/","title":{"rendered":"Le qi gong de Guo Lin"},"content":{"rendered":"\t\t<div data-elementor-type=\"wp-page\" data-elementor-id=\"132\" class=\"elementor elementor-132\">\n\t\t\t\t<div class=\"elementor-element elementor-element-31afd449 e-flex e-con-boxed e-con e-parent\" data-id=\"31afd449\" data-element_type=\"container\">\n\t\t\t\t\t<div class=\"e-con-inner\">\n\t\t\t\t<div class=\"elementor-element elementor-element-13e617f3 elementor-widget elementor-widget-text-editor\" data-id=\"13e617f3\" data-element_type=\"widget\" data-widget_type=\"text-editor.default\">\n\t\t\t\t<div class=\"elementor-widget-container\">\n\t\t\t\t\t\t\t<p>Le Qi Gong de GuoLin est pratiqu\u00e9 par des milliers de personnes atteintes du cancer en Chine depuis 1971<\/p><p>Le GuoLin Qi Gong, connu aussi sous les noms de \u00ab QiGong en marchant \u00bb ou \u00ab QiGong luttant contre le cancer \u00bb, fut cre\u0301e\u0301 par Mme GUO Lin (1909-1984) artiste peintre renomme\u0301e.\u00a0<\/p><p>En 1949, on lui diagnostiqua un cancer de l\u2019ute\u0301rus avec me\u0301tastases a\u0300 la vessie. Suite a\u0300 cela, elle fut ope\u0301re\u0301e 6 fois entre 1949 et 1959.Le Qi Gong traditionnel, appris avec son pe\u0300re Taoi\u0308ste, n\u2019empe\u0302chant pas la progression de la maladie, elle chercha et mis au point un nouveau QiGong qui l\u2019aida a\u0300 se ressourcer face a\u0300 sa maladie, l\u2019accompagna dans ses traitements et prolongea son espe\u0301rance de vie.\u00a0<\/p><p>C\u2019est a\u0300 partir de 1971 qu\u2019elle commenc\u0327a a\u0300 enseigner celui-ci aupre\u0300s de nombreux malades.<\/p><p>Depuis, cet art chinois de la sante\u0301 s\u2019est re\u0301pandu rapidement dans toutes les associations de patients atteints de cancer en Chine, avec plus de 100 000 adhe\u0301rents, puis aux E\u0301tats-Unis (1984), en Allemagne (1990), en Malaisie (1991), a\u0300 Singapour (1993), au Japon (1995), a\u0300 Hongkong (1998), au Canada (2002), en Australie (2006) et introduit en France par notre association en 2016.<\/p>\t\t\t\t\t\t<\/div>\n\t\t\t\t<\/div>\n\t\t\t\t\t<\/div>\n\t\t\t\t<\/div>\n\t\t\t\t<\/div>\n\t\t","protected":false},"excerpt":{"rendered":"<p>Le Qi Gong de GuoLin est pratiqu\u00e9 par des milliers de personnes atteintes du cancer en Chine depuis 1971 Le GuoLin Qi Gong, connu aussi sous les noms de \u00ab QiGong en marchant \u00bb ou \u00ab QiGong luttant contre le cancer \u00bb, fut cre\u0301e\u0301 par Mme GUO Lin (1909-1984) artiste peintre renomme\u0301e.\u00a0 En 1949, on [&hellip;]<\/p>\n","protected":false},"author":1,"featured_media":0,"parent":0,"menu_order":0,"comment_status":"closed","ping_status":"closed","template":"","meta":{"_monsterinsights_skip_tracking":false,"_monsterinsights_sitenote_active":false,"_monsterinsights_sitenote_note":"","_monsterinsights_sitenote_category":0,"_uf_show_specific_survey":0,"_uf_disable_surveys":false,"footnotes":""},"class_list":["post-132","page","type-page","status-publish","hentry"],"aioseo_notices":[],"yoast_head":"<!-- This site is optimized with the Yoast SEO plugin v27.2 - https:\/\/yoast.com\/product\/yoast-seo-wordpress\/ -->\n<title>Le qi gong de Guo Lin - GRACE<\/title>\n<meta name=\"description\" content=\"Le Qi Gong de GuoLin est une pratique reconnue en Chine et \u00e0 l\u2019international pour accompagner les patients atteints de cancer. D\u00e9velopp\u00e9 en 1971 par Guo Lin, cette m\u00e9thode allie marche th\u00e9rapeutique et respiration sp\u00e9cifique pour renforcer l\u2019\u00e9nergie vitale, soutenir les traitements et am\u00e9liorer la qualit\u00e9 de vie.\" \/>\n<meta name=\"robots\" content=\"index, follow, max-snippet:-1, max-image-preview:large, max-video-preview:-1\" \/>\n<link rel=\"canonical\" href=\"https:\/\/grace-guolin-qigong.org\/index.php\/qi-gong-de-guo-lin\/\" \/>\n<meta property=\"og:locale\" content=\"fr_FR\" \/>\n<meta property=\"og:type\" content=\"article\" \/>\n<meta property=\"og:title\" content=\"Le qi gong de Guo Lin - GRACE\" \/>\n<meta property=\"og:description\" content=\"Le Qi Gong de GuoLin est une pratique reconnue en Chine et \u00e0 l\u2019international pour accompagner les patients atteints de cancer. D\u00e9velopp\u00e9 en 1971 par Guo Lin, cette m\u00e9thode allie marche th\u00e9rapeutique et respiration sp\u00e9cifique pour renforcer l\u2019\u00e9nergie vitale, soutenir les traitements et am\u00e9liorer la qualit\u00e9 de vie.\" \/>\n<meta property=\"og:url\" content=\"https:\/\/grace-guolin-qigong.org\/index.php\/qi-gong-de-guo-lin\/\" \/>\n<meta property=\"og:site_name\" content=\"GRACE\" \/>\n<meta property=\"article:modified_time\" content=\"2025-03-03T08:17:29+00:00\" \/>\n<meta name=\"twitter:card\" content=\"summary_large_image\" \/>\n<meta name=\"twitter:label1\" content=\"Dur\u00e9e de lecture estim\u00e9e\" \/>\n\t<meta name=\"twitter:data1\" content=\"1 minute\" \/>\n<script type=\"application\/ld+json\" class=\"yoast-schema-graph\">{\"@context\":\"https:\/\/schema.org\",\"@graph\":[{\"@type\":\"WebPage\",\"@id\":\"https:\/\/grace-guolin-qigong.org\/index.php\/qi-gong-de-guo-lin\/\",\"url\":\"https:\/\/grace-guolin-qigong.org\/index.php\/qi-gong-de-guo-lin\/\",\"name\":\"Le qi gong de Guo Lin - GRACE\",\"isPartOf\":{\"@id\":\"https:\/\/grace-guolin-qigong.org\/#website\"},\"datePublished\":\"2023-10-24T07:54:59+00:00\",\"dateModified\":\"2025-03-03T08:17:29+00:00\",\"description\":\"Le Qi Gong de GuoLin est une pratique reconnue en Chine et \u00e0 l\u2019international pour accompagner les patients atteints de cancer. D\u00e9velopp\u00e9 en 1971 par Guo Lin, cette m\u00e9thode allie marche th\u00e9rapeutique et respiration sp\u00e9cifique pour renforcer l\u2019\u00e9nergie vitale, soutenir les traitements et am\u00e9liorer la qualit\u00e9 de vie.\",\"breadcrumb\":{\"@id\":\"https:\/\/grace-guolin-qigong.org\/index.php\/qi-gong-de-guo-lin\/#breadcrumb\"},\"inLanguage\":\"fr-FR\",\"potentialAction\":[{\"@type\":\"ReadAction\",\"target\":[\"https:\/\/grace-guolin-qigong.org\/index.php\/qi-gong-de-guo-lin\/\"]}]},{\"@type\":\"BreadcrumbList\",\"@id\":\"https:\/\/grace-guolin-qigong.org\/index.php\/qi-gong-de-guo-lin\/#breadcrumb\",\"itemListElement\":[{\"@type\":\"ListItem\",\"position\":1,\"name\":\"Accueil\",\"item\":\"https:\/\/grace-guolin-qigong.org\/\"},{\"@type\":\"ListItem\",\"position\":2,\"name\":\"Le qi gong de Guo Lin\"}]},{\"@type\":\"WebSite\",\"@id\":\"https:\/\/grace-guolin-qigong.org\/#website\",\"url\":\"https:\/\/grace-guolin-qigong.org\/\",\"name\":\"GRACE\",\"description\":\"\",\"publisher\":{\"@id\":\"https:\/\/grace-guolin-qigong.org\/#organization\"},\"potentialAction\":[{\"@type\":\"SearchAction\",\"target\":{\"@type\":\"EntryPoint\",\"urlTemplate\":\"https:\/\/grace-guolin-qigong.org\/?s={search_term_string}\"},\"query-input\":{\"@type\":\"PropertyValueSpecification\",\"valueRequired\":true,\"valueName\":\"search_term_string\"}}],\"inLanguage\":\"fr-FR\"},{\"@type\":\"Organization\",\"@id\":\"https:\/\/grace-guolin-qigong.org\/#organization\",\"name\":\"GRACE\",\"url\":\"https:\/\/grace-guolin-qigong.org\/\",\"logo\":{\"@type\":\"ImageObject\",\"inLanguage\":\"fr-FR\",\"@id\":\"https:\/\/grace-guolin-qigong.org\/#\/schema\/logo\/image\/\",\"url\":\"https:\/\/grace-guolin-qigong.org\/wp-content\/uploads\/2023\/10\/logo-blanc-grace-video.jpg\",\"contentUrl\":\"https:\/\/grace-guolin-qigong.org\/wp-content\/uploads\/2023\/10\/logo-blanc-grace-video.jpg\",\"width\":841,\"height\":595,\"caption\":\"GRACE\"},\"image\":{\"@id\":\"https:\/\/grace-guolin-qigong.org\/#\/schema\/logo\/image\/\"}}]}<\/script>\n<!-- \/ Yoast SEO plugin. -->","yoast_head_json":{"title":"Le qi gong de Guo Lin - GRACE","description":"Le Qi Gong de GuoLin est une pratique reconnue en Chine et \u00e0 l\u2019international pour accompagner les patients atteints de cancer. D\u00e9velopp\u00e9 en 1971 par Guo Lin, cette m\u00e9thode allie marche th\u00e9rapeutique et respiration sp\u00e9cifique pour renforcer l\u2019\u00e9nergie vitale, soutenir les traitements et am\u00e9liorer la qualit\u00e9 de vie.","robots":{"index":"index","follow":"follow","max-snippet":"max-snippet:-1","max-image-preview":"max-image-preview:large","max-video-preview":"max-video-preview:-1"},"canonical":"https:\/\/grace-guolin-qigong.org\/index.php\/qi-gong-de-guo-lin\/","og_locale":"fr_FR","og_type":"article","og_title":"Le qi gong de Guo Lin - GRACE","og_description":"Le Qi Gong de GuoLin est une pratique reconnue en Chine et \u00e0 l\u2019international pour accompagner les patients atteints de cancer. D\u00e9velopp\u00e9 en 1971 par Guo Lin, cette m\u00e9thode allie marche th\u00e9rapeutique et respiration sp\u00e9cifique pour renforcer l\u2019\u00e9nergie vitale, soutenir les traitements et am\u00e9liorer la qualit\u00e9 de vie.","og_url":"https:\/\/grace-guolin-qigong.org\/index.php\/qi-gong-de-guo-lin\/","og_site_name":"GRACE","article_modified_time":"2025-03-03T08:17:29+00:00","twitter_card":"summary_large_image","twitter_misc":{"Dur\u00e9e de lecture estim\u00e9e":"1 minute"},"schema":{"@context":"https:\/\/schema.org","@graph":[{"@type":"WebPage","@id":"https:\/\/grace-guolin-qigong.org\/index.php\/qi-gong-de-guo-lin\/","url":"https:\/\/grace-guolin-qigong.org\/index.php\/qi-gong-de-guo-lin\/","name":"Le qi gong de Guo Lin - GRACE","isPartOf":{"@id":"https:\/\/grace-guolin-qigong.org\/#website"},"datePublished":"2023-10-24T07:54:59+00:00","dateModified":"2025-03-03T08:17:29+00:00","description":"Le Qi Gong de GuoLin est une pratique reconnue en Chine et \u00e0 l\u2019international pour accompagner les patients atteints de cancer. D\u00e9velopp\u00e9 en 1971 par Guo Lin, cette m\u00e9thode allie marche th\u00e9rapeutique et respiration sp\u00e9cifique pour renforcer l\u2019\u00e9nergie vitale, soutenir les traitements et am\u00e9liorer la qualit\u00e9 de vie.","breadcrumb":{"@id":"https:\/\/grace-guolin-qigong.org\/index.php\/qi-gong-de-guo-lin\/#breadcrumb"},"inLanguage":"fr-FR","potentialAction":[{"@type":"ReadAction","target":["https:\/\/grace-guolin-qigong.org\/index.php\/qi-gong-de-guo-lin\/"]}]},{"@type":"BreadcrumbList","@id":"https:\/\/grace-guolin-qigong.org\/index.php\/qi-gong-de-guo-lin\/#breadcrumb","itemListElement":[{"@type":"ListItem","position":1,"name":"Accueil","item":"https:\/\/grace-guolin-qigong.org\/"},{"@type":"ListItem","position":2,"name":"Le qi gong de Guo Lin"}]},{"@type":"WebSite","@id":"https:\/\/grace-guolin-qigong.org\/#website","url":"https:\/\/grace-guolin-qigong.org\/","name":"GRACE","description":"","publisher":{"@id":"https:\/\/grace-guolin-qigong.org\/#organization"},"potentialAction":[{"@type":"SearchAction","target":{"@type":"EntryPoint","urlTemplate":"https:\/\/grace-guolin-qigong.org\/?s={search_term_string}"},"query-input":{"@type":"PropertyValueSpecification","valueRequired":true,"valueName":"search_term_string"}}],"inLanguage":"fr-FR"},{"@type":"Organization","@id":"https:\/\/grace-guolin-qigong.org\/#organization","name":"GRACE","url":"https:\/\/grace-guolin-qigong.org\/","logo":{"@type":"ImageObject","inLanguage":"fr-FR","@id":"https:\/\/grace-guolin-qigong.org\/#\/schema\/logo\/image\/","url":"https:\/\/grace-guolin-qigong.org\/wp-content\/uploads\/2023\/10\/logo-blanc-grace-video.jpg","contentUrl":"https:\/\/grace-guolin-qigong.org\/wp-content\/uploads\/2023\/10\/logo-blanc-grace-video.jpg","width":841,"height":595,"caption":"GRACE"},"image":{"@id":"https:\/\/grace-guolin-qigong.org\/#\/schema\/logo\/image\/"}}]}},"_links":{"self":[{"href":"https:\/\/grace-guolin-qigong.org\/index.php\/wp-json\/wp\/v2\/pages\/132","targetHints":{"allow":["GET"]}}],"collection":[{"href":"https:\/\/grace-guolin-qigong.org\/index.php\/wp-json\/wp\/v2\/pages"}],"about":[{"href":"https:\/\/grace-guolin-qigong.org\/index.php\/wp-json\/wp\/v2\/types\/page"}],"author":[{"embeddable":true,"href":"https:\/\/grace-guolin-qigong.org\/index.php\/wp-json\/wp\/v2\/users\/1"}],"replies":[{"embeddable":true,"href":"https:\/\/grace-guolin-qigong.org\/index.php\/wp-json\/wp\/v2\/comments?post=132"}],"version-history":[{"count":14,"href":"https:\/\/grace-guolin-qigong.org\/index.php\/wp-json\/wp\/v2\/pages\/132\/revisions"}],"predecessor-version":[{"id":276,"href":"https:\/\/grace-guolin-qigong.org\/index.php\/wp-json\/wp\/v2\/pages\/132\/revisions\/276"}],"wp:attachment":[{"href":"https:\/\/grace-guolin-qigong.org\/index.php\/wp-json\/wp\/v2\/media?parent=132"}],"curies":[{"name":"wp","href":"https:\/\/api.w.org\/{rel}","templated":true}]}}