{"id":1428,"date":"2024-04-10T07:56:32","date_gmt":"2024-04-10T05:56:32","guid":{"rendered":"https:\/\/grace-guolin-qigong.org\/?page_id=1428"},"modified":"2026-04-03T16:28:31","modified_gmt":"2026-04-03T14:28:31","slug":"stage-methode-marche-pointee-guolin-qigong-week-end-paris","status":"publish","type":"page","link":"https:\/\/grace-guolin-qigong.org\/index.php\/stage-methode-marche-pointee-guolin-qigong-week-end-paris\/","title":{"rendered":"Stage de Guo Lin Qi Gong \u00e0 Paris sur un week-end : M\u00e9thode de la Marche Point\u00e9e"},"content":{"rendered":"\t\t<div data-elementor-type=\"wp-page\" data-elementor-id=\"1428\" class=\"elementor elementor-1428\">\n\t\t\t\t<div class=\"elementor-element elementor-element-ff98e61 e-flex e-con-boxed e-con e-parent\" data-id=\"ff98e61\" data-element_type=\"container\">\n\t\t\t\t\t<div class=\"e-con-inner\">\n\t\t\t\t<div class=\"elementor-element elementor-element-2d606ec elementor-widget elementor-widget-text-editor\" data-id=\"2d606ec\" data-element_type=\"widget\" data-widget_type=\"text-editor.default\">\n\t\t\t\t<div class=\"elementor-widget-container\">\n\t\t\t\t\t\t\t<p>Afin de vous soutenir dans l&rsquo;apprentissage du <strong>Guo Lin Qi Gong<\/strong> et de vous permettre d&rsquo;approfondir certaines techniques, nous avons la joie de vous annoncer l&rsquo;organisation d&rsquo;un stage \u00e0 Paris le temps d&rsquo;un week-end.<\/p><h3>\ud83d\uddd3\ufe0f DATES<\/h3><p><strong>Samedi 9\u00a0 mai et Dimanche 10 mai 2026<\/strong><\/p><h3>\ud83d\udccd LIEU<\/h3><p><a href=\"https:\/\/www.aphp.fr\/contenu\/plateforme-de-soins-oncologiques-de-support-de-lhopital-tenon-un-atout-pour-la-patients\">Plateforme de soins oncologiques de support de l&rsquo;h\u00f4pital Tenon<\/a>, b\u00e2timent Proust, secteur orange, porte 20, 5\u00e8me \u00e9tage, 4 rue de Chine, 75020 Paris. M\u00e9tro Gambetta<\/p><h3>\ud83d\udc65 ANIMATEURS<\/h3><ul><li><strong>Samedi<\/strong> : Marc, Philippe (secr\u00e9taire)<\/li><li><strong>Dimanche<\/strong> : Bingkai LIU, Marc, Philippe (secr\u00e9taire)<\/li><\/ul><h3>\u23f0 HORAIRES<\/h3><ul><li><strong>Matin<\/strong> : 10h &#8211; 12h30<\/li><li><strong>Apr\u00e8s-midi<\/strong> : 14h30 &#8211; 17h<\/li><\/ul><h3>\ud83d\udcb0 TARIFS<\/h3><ul><li><strong>Non-adh\u00e9rent<\/strong> : 150 \u20ac pour les 2 jours<\/li><li><strong>Adh\u00e9rent<\/strong> : 120 \u20ac pour les 2 jours<br \/>\ud83d\udccc L\u2019adh\u00e9sion annuelle pour 2025 est de <strong>25 \u20ac<\/strong>.<\/li><\/ul><h3>\ud83c\udf74 REPAS<\/h3><ul><li><strong>Option 1<\/strong> : Apportez vos encas et de l\u2019eau.<\/li><li><strong>Option 2<\/strong> : D\u00e9jeuner en groupe au restaurant (merci de le pr\u00e9ciser lors de votre inscription).<\/li><\/ul><h3>\u270d\ufe0f INSCRIPTIONS<\/h3><p>Vous pouvez d\u00e8s \u00e0 pr\u00e9sent vous inscrire en pr\u00e9cisant :<\/p><ol><li><strong>Comment souhaitez-vous d\u00e9jeuner \u00e0 midi ?<\/strong><ul><li>Vous apportez votre repas.<\/li><li>Vous d\u00e9jeunez au restaurant avec le groupe.<\/li><\/ul><\/li><\/ol><p>Gracieusement,<br \/><strong>Le Bureau de GRACE<\/strong><\/p>\t\t\t\t\t\t<\/div>\n\t\t\t\t<\/div>\n\t\t\t\t\t<\/div>\n\t\t\t\t<\/div>\n\t\t<div class=\"elementor-element elementor-element-ec9544b e-flex e-con-boxed e-con e-parent\" data-id=\"ec9544b\" data-element_type=\"container\">\n\t\t\t\t\t<div class=\"e-con-inner\">\n\t\t\t\t<div class=\"elementor-element elementor-element-a8a4308 elementor-widget elementor-widget-button\" data-id=\"a8a4308\" data-element_type=\"widget\" data-widget_type=\"button.default\">\n\t\t\t\t<div class=\"elementor-widget-container\">\n\t\t\t\t\t<div class=\"elementor-button-wrapper\">\n\t\t\t<a class=\"elementor-button elementor-button-link elementor-size-sm\" href=\"https:\/\/grace-guolin-qigong.org\/index.php\/contact\/\">\n\t\t\t\t\t\t<span class=\"elementor-button-content-wrapper\">\n\t\t\t\t\t\t\t\t\t<span class=\"elementor-button-text\">Cliquez ici pour l'inscription<\/span>\n\t\t\t\t\t<\/span>\n\t\t\t\t\t<\/a>\n\t\t<\/div>\n\t\t\t\t<\/div>\n\t\t\t\t<\/div>\n\t\t\t\t\t<\/div>\n\t\t\t\t<\/div>\n\t\t<div class=\"elementor-element elementor-element-9c4bba0 e-flex e-con-boxed e-con e-parent\" data-id=\"9c4bba0\" data-element_type=\"container\">\n\t\t\t\t\t<div class=\"e-con-inner\">\n\t\t\t\t<div class=\"elementor-element elementor-element-2e3d2a2 elementor-widget elementor-widget-button\" data-id=\"2e3d2a2\" data-element_type=\"widget\" data-widget_type=\"button.default\">\n\t\t\t\t<div class=\"elementor-widget-container\">\n\t\t\t\t\t<div class=\"elementor-button-wrapper\">\n\t\t\t<a class=\"elementor-button elementor-button-link elementor-size-sm\" href=\"https:\/\/grace-guolin-qigong.org\/index.php\/adhesion-a-lassociation-grace\/\">\n\t\t\t\t\t\t<span class=\"elementor-button-content-wrapper\">\n\t\t\t\t\t\t\t\t\t<span class=\"elementor-button-text\">Cliquez ici pour l'adh\u00e9sion<\/span>\n\t\t\t\t\t<\/span>\n\t\t\t\t\t<\/a>\n\t\t<\/div>\n\t\t\t\t<\/div>\n\t\t\t\t<\/div>\n\t\t\t\t\t<\/div>\n\t\t\t\t<\/div>\n\t\t\t\t<\/div>\n\t\t","protected":false},"excerpt":{"rendered":"<p>Afin de vous soutenir dans l&rsquo;apprentissage du Guo Lin Qi Gong et de vous permettre d&rsquo;approfondir certaines techniques, nous avons la joie de vous annoncer l&rsquo;organisation d&rsquo;un stage \u00e0 Paris le temps d&rsquo;un week-end. \ud83d\uddd3\ufe0f DATES Samedi 9\u00a0 mai et Dimanche 10 mai 2026 \ud83d\udccd LIEU Plateforme de soins oncologiques de support de l&rsquo;h\u00f4pital Tenon, [&hellip;]<\/p>\n","protected":false},"author":1,"featured_media":0,"parent":0,"menu_order":0,"comment_status":"closed","ping_status":"closed","template":"","meta":{"_monsterinsights_skip_tracking":false,"_monsterinsights_sitenote_active":false,"_monsterinsights_sitenote_note":"","_monsterinsights_sitenote_category":0,"_uf_show_specific_survey":0,"_uf_disable_surveys":false,"footnotes":""},"class_list":["post-1428","page","type-page","status-publish","hentry"],"aioseo_notices":[],"yoast_head":"<!-- This site is optimized with the Yoast SEO plugin v27.2 - https:\/\/yoast.com\/product\/yoast-seo-wordpress\/ -->\n<title>Stage de Guo Lin Qi Gong \u00e0 Paris sur un week-end : M\u00e9thode de la Marche Point\u00e9e - GRACE<\/title>\n<meta name=\"description\" content=\"Participez au stage de Guo Lin Qi Gong \u00e0 Paris les 24 et 25 mai 2025, d\u00e9di\u00e9 \u00e0 la M\u00e9thode de la Marche Point\u00e9e, pour approfondir votre pratique et am\u00e9liorer votre bien-\u00eatre.\" \/>\n<meta name=\"robots\" content=\"index, follow, max-snippet:-1, max-image-preview:large, max-video-preview:-1\" \/>\n<link rel=\"canonical\" href=\"https:\/\/grace-guolin-qigong.org\/index.php\/stage-methode-marche-pointee-guolin-qigong-week-end-paris\/\" \/>\n<meta property=\"og:locale\" content=\"fr_FR\" \/>\n<meta property=\"og:type\" content=\"article\" \/>\n<meta property=\"og:title\" content=\"Stage de Guo Lin Qi Gong \u00e0 Paris sur un week-end : M\u00e9thode de la Marche Point\u00e9e - GRACE\" \/>\n<meta property=\"og:description\" content=\"Participez au stage de Guo Lin Qi Gong \u00e0 Paris les 24 et 25 mai 2025, d\u00e9di\u00e9 \u00e0 la M\u00e9thode de la Marche Point\u00e9e, pour approfondir votre pratique et am\u00e9liorer votre bien-\u00eatre.\" \/>\n<meta property=\"og:url\" content=\"https:\/\/grace-guolin-qigong.org\/index.php\/stage-methode-marche-pointee-guolin-qigong-week-end-paris\/\" \/>\n<meta property=\"og:site_name\" content=\"GRACE\" \/>\n<meta property=\"article:modified_time\" content=\"2026-04-03T14:28:31+00:00\" \/>\n<meta name=\"twitter:card\" content=\"summary_large_image\" \/>\n<meta name=\"twitter:label1\" content=\"Dur\u00e9e de lecture estim\u00e9e\" \/>\n\t<meta name=\"twitter:data1\" content=\"3 minutes\" \/>\n<script type=\"application\/ld+json\" class=\"yoast-schema-graph\">{\"@context\":\"https:\/\/schema.org\",\"@graph\":[{\"@type\":\"WebPage\",\"@id\":\"https:\/\/grace-guolin-qigong.org\/index.php\/stage-methode-marche-pointee-guolin-qigong-week-end-paris\/\",\"url\":\"https:\/\/grace-guolin-qigong.org\/index.php\/stage-methode-marche-pointee-guolin-qigong-week-end-paris\/\",\"name\":\"Stage de Guo Lin Qi Gong \u00e0 Paris sur un week-end : M\u00e9thode de la Marche Point\u00e9e - GRACE\",\"isPartOf\":{\"@id\":\"https:\/\/grace-guolin-qigong.org\/#website\"},\"datePublished\":\"2024-04-10T05:56:32+00:00\",\"dateModified\":\"2026-04-03T14:28:31+00:00\",\"description\":\"Participez au stage de Guo Lin Qi Gong \u00e0 Paris les 24 et 25 mai 2025, d\u00e9di\u00e9 \u00e0 la M\u00e9thode de la Marche Point\u00e9e, pour approfondir votre pratique et am\u00e9liorer votre bien-\u00eatre.\",\"breadcrumb\":{\"@id\":\"https:\/\/grace-guolin-qigong.org\/index.php\/stage-methode-marche-pointee-guolin-qigong-week-end-paris\/#breadcrumb\"},\"inLanguage\":\"fr-FR\",\"potentialAction\":[{\"@type\":\"ReadAction\",\"target\":[\"https:\/\/grace-guolin-qigong.org\/index.php\/stage-methode-marche-pointee-guolin-qigong-week-end-paris\/\"]}]},{\"@type\":\"BreadcrumbList\",\"@id\":\"https:\/\/grace-guolin-qigong.org\/index.php\/stage-methode-marche-pointee-guolin-qigong-week-end-paris\/#breadcrumb\",\"itemListElement\":[{\"@type\":\"ListItem\",\"position\":1,\"name\":\"Accueil\",\"item\":\"https:\/\/grace-guolin-qigong.org\/\"},{\"@type\":\"ListItem\",\"position\":2,\"name\":\"Stage de Guo Lin Qi Gong \u00e0 Paris sur un week-end : M\u00e9thode de la Marche Point\u00e9e\"}]},{\"@type\":\"WebSite\",\"@id\":\"https:\/\/grace-guolin-qigong.org\/#website\",\"url\":\"https:\/\/grace-guolin-qigong.org\/\",\"name\":\"GRACE\",\"description\":\"\",\"publisher\":{\"@id\":\"https:\/\/grace-guolin-qigong.org\/#organization\"},\"potentialAction\":[{\"@type\":\"SearchAction\",\"target\":{\"@type\":\"EntryPoint\",\"urlTemplate\":\"https:\/\/grace-guolin-qigong.org\/?s={search_term_string}\"},\"query-input\":{\"@type\":\"PropertyValueSpecification\",\"valueRequired\":true,\"valueName\":\"search_term_string\"}}],\"inLanguage\":\"fr-FR\"},{\"@type\":\"Organization\",\"@id\":\"https:\/\/grace-guolin-qigong.org\/#organization\",\"name\":\"GRACE\",\"url\":\"https:\/\/grace-guolin-qigong.org\/\",\"logo\":{\"@type\":\"ImageObject\",\"inLanguage\":\"fr-FR\",\"@id\":\"https:\/\/grace-guolin-qigong.org\/#\/schema\/logo\/image\/\",\"url\":\"https:\/\/grace-guolin-qigong.org\/wp-content\/uploads\/2023\/10\/logo-blanc-grace-video.jpg\",\"contentUrl\":\"https:\/\/grace-guolin-qigong.org\/wp-content\/uploads\/2023\/10\/logo-blanc-grace-video.jpg\",\"width\":841,\"height\":595,\"caption\":\"GRACE\"},\"image\":{\"@id\":\"https:\/\/grace-guolin-qigong.org\/#\/schema\/logo\/image\/\"}}]}<\/script>\n<!-- \/ Yoast SEO plugin. -->","yoast_head_json":{"title":"Stage de Guo Lin Qi Gong \u00e0 Paris sur un week-end : M\u00e9thode de la Marche Point\u00e9e - GRACE","description":"Participez au stage de Guo Lin Qi Gong \u00e0 Paris les 24 et 25 mai 2025, d\u00e9di\u00e9 \u00e0 la M\u00e9thode de la Marche Point\u00e9e, pour approfondir votre pratique et am\u00e9liorer votre bien-\u00eatre.","robots":{"index":"index","follow":"follow","max-snippet":"max-snippet:-1","max-image-preview":"max-image-preview:large","max-video-preview":"max-video-preview:-1"},"canonical":"https:\/\/grace-guolin-qigong.org\/index.php\/stage-methode-marche-pointee-guolin-qigong-week-end-paris\/","og_locale":"fr_FR","og_type":"article","og_title":"Stage de Guo Lin Qi Gong \u00e0 Paris sur un week-end : M\u00e9thode de la Marche Point\u00e9e - GRACE","og_description":"Participez au stage de Guo Lin Qi Gong \u00e0 Paris les 24 et 25 mai 2025, d\u00e9di\u00e9 \u00e0 la M\u00e9thode de la Marche Point\u00e9e, pour approfondir votre pratique et am\u00e9liorer votre bien-\u00eatre.","og_url":"https:\/\/grace-guolin-qigong.org\/index.php\/stage-methode-marche-pointee-guolin-qigong-week-end-paris\/","og_site_name":"GRACE","article_modified_time":"2026-04-03T14:28:31+00:00","twitter_card":"summary_large_image","twitter_misc":{"Dur\u00e9e de lecture estim\u00e9e":"3 minutes"},"schema":{"@context":"https:\/\/schema.org","@graph":[{"@type":"WebPage","@id":"https:\/\/grace-guolin-qigong.org\/index.php\/stage-methode-marche-pointee-guolin-qigong-week-end-paris\/","url":"https:\/\/grace-guolin-qigong.org\/index.php\/stage-methode-marche-pointee-guolin-qigong-week-end-paris\/","name":"Stage de Guo Lin Qi Gong \u00e0 Paris sur un week-end : M\u00e9thode de la Marche Point\u00e9e - GRACE","isPartOf":{"@id":"https:\/\/grace-guolin-qigong.org\/#website"},"datePublished":"2024-04-10T05:56:32+00:00","dateModified":"2026-04-03T14:28:31+00:00","description":"Participez au stage de Guo Lin Qi Gong \u00e0 Paris les 24 et 25 mai 2025, d\u00e9di\u00e9 \u00e0 la M\u00e9thode de la Marche Point\u00e9e, pour approfondir votre pratique et am\u00e9liorer votre bien-\u00eatre.","breadcrumb":{"@id":"https:\/\/grace-guolin-qigong.org\/index.php\/stage-methode-marche-pointee-guolin-qigong-week-end-paris\/#breadcrumb"},"inLanguage":"fr-FR","potentialAction":[{"@type":"ReadAction","target":["https:\/\/grace-guolin-qigong.org\/index.php\/stage-methode-marche-pointee-guolin-qigong-week-end-paris\/"]}]},{"@type":"BreadcrumbList","@id":"https:\/\/grace-guolin-qigong.org\/index.php\/stage-methode-marche-pointee-guolin-qigong-week-end-paris\/#breadcrumb","itemListElement":[{"@type":"ListItem","position":1,"name":"Accueil","item":"https:\/\/grace-guolin-qigong.org\/"},{"@type":"ListItem","position":2,"name":"Stage de Guo Lin Qi Gong \u00e0 Paris sur un week-end : M\u00e9thode de la Marche Point\u00e9e"}]},{"@type":"WebSite","@id":"https:\/\/grace-guolin-qigong.org\/#website","url":"https:\/\/grace-guolin-qigong.org\/","name":"GRACE","description":"","publisher":{"@id":"https:\/\/grace-guolin-qigong.org\/#organization"},"potentialAction":[{"@type":"SearchAction","target":{"@type":"EntryPoint","urlTemplate":"https:\/\/grace-guolin-qigong.org\/?s={search_term_string}"},"query-input":{"@type":"PropertyValueSpecification","valueRequired":true,"valueName":"search_term_string"}}],"inLanguage":"fr-FR"},{"@type":"Organization","@id":"https:\/\/grace-guolin-qigong.org\/#organization","name":"GRACE","url":"https:\/\/grace-guolin-qigong.org\/","logo":{"@type":"ImageObject","inLanguage":"fr-FR","@id":"https:\/\/grace-guolin-qigong.org\/#\/schema\/logo\/image\/","url":"https:\/\/grace-guolin-qigong.org\/wp-content\/uploads\/2023\/10\/logo-blanc-grace-video.jpg","contentUrl":"https:\/\/grace-guolin-qigong.org\/wp-content\/uploads\/2023\/10\/logo-blanc-grace-video.jpg","width":841,"height":595,"caption":"GRACE"},"image":{"@id":"https:\/\/grace-guolin-qigong.org\/#\/schema\/logo\/image\/"}}]}},"_links":{"self":[{"href":"https:\/\/grace-guolin-qigong.org\/index.php\/wp-json\/wp\/v2\/pages\/1428","targetHints":{"allow":["GET"]}}],"collection":[{"href":"https:\/\/grace-guolin-qigong.org\/index.php\/wp-json\/wp\/v2\/pages"}],"about":[{"href":"https:\/\/grace-guolin-qigong.org\/index.php\/wp-json\/wp\/v2\/types\/page"}],"author":[{"embeddable":true,"href":"https:\/\/grace-guolin-qigong.org\/index.php\/wp-json\/wp\/v2\/users\/1"}],"replies":[{"embeddable":true,"href":"https:\/\/grace-guolin-qigong.org\/index.php\/wp-json\/wp\/v2\/comments?post=1428"}],"version-history":[{"count":130,"href":"https:\/\/grace-guolin-qigong.org\/index.php\/wp-json\/wp\/v2\/pages\/1428\/revisions"}],"predecessor-version":[{"id":2761,"href":"https:\/\/grace-guolin-qigong.org\/index.php\/wp-json\/wp\/v2\/pages\/1428\/revisions\/2761"}],"wp:attachment":[{"href":"https:\/\/grace-guolin-qigong.org\/index.php\/wp-json\/wp\/v2\/media?parent=1428"}],"curies":[{"name":"wp","href":"https:\/\/api.w.org\/{rel}","templated":true}]}}