{"id":143,"date":"2023-10-24T10:00:18","date_gmt":"2023-10-24T08:00:18","guid":{"rendered":"https:\/\/grace-guolin-qigong.org\/?page_id=143"},"modified":"2025-03-03T09:15:07","modified_gmt":"2025-03-03T08:15:07","slug":"la-lutte-contre-le-cancer","status":"publish","type":"page","link":"https:\/\/grace-guolin-qigong.org\/index.php\/la-lutte-contre-le-cancer\/","title":{"rendered":"La lutte contre le cancer"},"content":{"rendered":"\t\t<div data-elementor-type=\"wp-page\" data-elementor-id=\"143\" class=\"elementor elementor-143\">\n\t\t\t\t<div class=\"elementor-element elementor-element-72980221 e-flex e-con-boxed e-con e-parent\" data-id=\"72980221\" data-element_type=\"container\">\n\t\t\t\t\t<div class=\"e-con-inner\">\n\t\t\t\t<div class=\"elementor-element elementor-element-3d088cf2 elementor-widget elementor-widget-text-editor\" data-id=\"3d088cf2\" data-element_type=\"widget\" data-widget_type=\"text-editor.default\">\n\t\t\t\t<div class=\"elementor-widget-container\">\n\t\t\t\t\t\t\t<p>Qi Gong GuoLin dans la lutte contre le cancer<\/p><p>Me\u0301thode :La me\u0301thode de base s\u2019appuie sur la pratique de la \u00ab marche naturelle \u00bb et d\u2019une respiration spe\u0301cifique. L\u2019accent est mis sur le calme d\u2019une pratique re\u0301alise\u0301e dans un corps de\u0301tendu ou\u0300 l\u2019esprit apprend a\u0300 s\u2019apaiser.Il existe plusieurs formes de marches et de mouvements selon les pathologies : types de cancer et localisation, maladies chroniques.<\/p><p>Pratique :1- Marche dans la nature en utilisant la respiration dite \u00ab comme le vent \u00bb avec mouvements de pre\u0301paration (Ouverture et clo\u0302ture),<\/p><p>2- Pratique de mouvements destine\u0301s a\u0300 de\u0301tendre le corps et l\u2019esprit : Monter-Descendre-Ouvrir-Fermer,<\/p><p>3- Pratique personnalise\u0301e selon la maladie et ses traitements me\u0301dicaux.<\/p><p>Principaux be\u0301ne\u0301fices :- Ame\u0301liore le fonctionnement immunitaire, &#8211; Re\u0301duit la fatigue,- Stimule l\u2019appe\u0301tit et renforce le corps,- Soulage la douleur, ame\u0301liore le sommeil, &#8211; Soutien les traitements conventionnels,- Ame\u0301liore la qualite\u0301 de vie.<\/p><p>Une activite\u0301 physique adapte\u0301e contribue a\u0300 ame\u0301liorer la qualite\u0301 de vie pendant et apre\u0300s le cancer. Il est prouve\u0301 que, pratique\u0301e dans certaines conditions, elle peut re\u0301duire le risque de re\u0301cidive.<\/p>\t\t\t\t\t\t<\/div>\n\t\t\t\t<\/div>\n\t\t\t\t\t<\/div>\n\t\t\t\t<\/div>\n\t\t\t\t<\/div>\n\t\t","protected":false},"excerpt":{"rendered":"<p>Qi Gong GuoLin dans la lutte contre le cancer Me\u0301thode :La me\u0301thode de base s\u2019appuie sur la pratique de la \u00ab marche naturelle \u00bb et d\u2019une respiration spe\u0301cifique. L\u2019accent est mis sur le calme d\u2019une pratique re\u0301alise\u0301e dans un corps de\u0301tendu ou\u0300 l\u2019esprit apprend a\u0300 s\u2019apaiser.Il existe plusieurs formes de marches et de mouvements selon [&hellip;]<\/p>\n","protected":false},"author":1,"featured_media":0,"parent":0,"menu_order":0,"comment_status":"closed","ping_status":"closed","template":"","meta":{"_monsterinsights_skip_tracking":false,"_monsterinsights_sitenote_active":false,"_monsterinsights_sitenote_note":"","_monsterinsights_sitenote_category":0,"_uf_show_specific_survey":0,"_uf_disable_surveys":false,"footnotes":""},"class_list":["post-143","page","type-page","status-publish","hentry"],"aioseo_notices":[],"yoast_head":"<!-- This site is optimized with the Yoast SEO plugin v27.2 - https:\/\/yoast.com\/product\/yoast-seo-wordpress\/ -->\n<title>La lutte contre le cancer - GRACE<\/title>\n<meta name=\"description\" content=\"D\u00e9couvrez le *Qi Gong GuoLin*, une m\u00e9thode naturelle pour accompagner la lutte contre le cancer. Gr\u00e2ce \u00e0 la marche xi xi hu et des exercices adapt\u00e9s, cette pratique renforce l\u2019immunit\u00e9, r\u00e9duit la fatigue, soulage la douleur et am\u00e9liore la qualit\u00e9 de vie. Un soutien efficace aux traitements m\u00e9dicaux pour mieux vivre pendant et apr\u00e8s le cancer.\" \/>\n<meta name=\"robots\" content=\"index, follow, max-snippet:-1, max-image-preview:large, max-video-preview:-1\" \/>\n<link rel=\"canonical\" href=\"https:\/\/grace-guolin-qigong.org\/index.php\/la-lutte-contre-le-cancer\/\" \/>\n<meta property=\"og:locale\" content=\"fr_FR\" \/>\n<meta property=\"og:type\" content=\"article\" \/>\n<meta property=\"og:title\" content=\"La lutte contre le cancer - GRACE\" \/>\n<meta property=\"og:description\" content=\"D\u00e9couvrez le *Qi Gong GuoLin*, une m\u00e9thode naturelle pour accompagner la lutte contre le cancer. Gr\u00e2ce \u00e0 la marche xi xi hu et des exercices adapt\u00e9s, cette pratique renforce l\u2019immunit\u00e9, r\u00e9duit la fatigue, soulage la douleur et am\u00e9liore la qualit\u00e9 de vie. Un soutien efficace aux traitements m\u00e9dicaux pour mieux vivre pendant et apr\u00e8s le cancer.\" \/>\n<meta property=\"og:url\" content=\"https:\/\/grace-guolin-qigong.org\/index.php\/la-lutte-contre-le-cancer\/\" \/>\n<meta property=\"og:site_name\" content=\"GRACE\" \/>\n<meta property=\"article:modified_time\" content=\"2025-03-03T08:15:07+00:00\" \/>\n<meta name=\"twitter:card\" content=\"summary_large_image\" \/>\n<meta name=\"twitter:label1\" content=\"Dur\u00e9e de lecture estim\u00e9e\" \/>\n\t<meta name=\"twitter:data1\" content=\"1 minute\" \/>\n<script type=\"application\/ld+json\" class=\"yoast-schema-graph\">{\"@context\":\"https:\/\/schema.org\",\"@graph\":[{\"@type\":\"WebPage\",\"@id\":\"https:\/\/grace-guolin-qigong.org\/index.php\/la-lutte-contre-le-cancer\/\",\"url\":\"https:\/\/grace-guolin-qigong.org\/index.php\/la-lutte-contre-le-cancer\/\",\"name\":\"La lutte contre le cancer - GRACE\",\"isPartOf\":{\"@id\":\"https:\/\/grace-guolin-qigong.org\/#website\"},\"datePublished\":\"2023-10-24T08:00:18+00:00\",\"dateModified\":\"2025-03-03T08:15:07+00:00\",\"description\":\"D\u00e9couvrez le *Qi Gong GuoLin*, une m\u00e9thode naturelle pour accompagner la lutte contre le cancer. Gr\u00e2ce \u00e0 la marche xi xi hu et des exercices adapt\u00e9s, cette pratique renforce l\u2019immunit\u00e9, r\u00e9duit la fatigue, soulage la douleur et am\u00e9liore la qualit\u00e9 de vie. Un soutien efficace aux traitements m\u00e9dicaux pour mieux vivre pendant et apr\u00e8s le cancer.\",\"breadcrumb\":{\"@id\":\"https:\/\/grace-guolin-qigong.org\/index.php\/la-lutte-contre-le-cancer\/#breadcrumb\"},\"inLanguage\":\"fr-FR\",\"potentialAction\":[{\"@type\":\"ReadAction\",\"target\":[\"https:\/\/grace-guolin-qigong.org\/index.php\/la-lutte-contre-le-cancer\/\"]}]},{\"@type\":\"BreadcrumbList\",\"@id\":\"https:\/\/grace-guolin-qigong.org\/index.php\/la-lutte-contre-le-cancer\/#breadcrumb\",\"itemListElement\":[{\"@type\":\"ListItem\",\"position\":1,\"name\":\"Accueil\",\"item\":\"https:\/\/grace-guolin-qigong.org\/\"},{\"@type\":\"ListItem\",\"position\":2,\"name\":\"La lutte contre le cancer\"}]},{\"@type\":\"WebSite\",\"@id\":\"https:\/\/grace-guolin-qigong.org\/#website\",\"url\":\"https:\/\/grace-guolin-qigong.org\/\",\"name\":\"GRACE\",\"description\":\"\",\"publisher\":{\"@id\":\"https:\/\/grace-guolin-qigong.org\/#organization\"},\"potentialAction\":[{\"@type\":\"SearchAction\",\"target\":{\"@type\":\"EntryPoint\",\"urlTemplate\":\"https:\/\/grace-guolin-qigong.org\/?s={search_term_string}\"},\"query-input\":{\"@type\":\"PropertyValueSpecification\",\"valueRequired\":true,\"valueName\":\"search_term_string\"}}],\"inLanguage\":\"fr-FR\"},{\"@type\":\"Organization\",\"@id\":\"https:\/\/grace-guolin-qigong.org\/#organization\",\"name\":\"GRACE\",\"url\":\"https:\/\/grace-guolin-qigong.org\/\",\"logo\":{\"@type\":\"ImageObject\",\"inLanguage\":\"fr-FR\",\"@id\":\"https:\/\/grace-guolin-qigong.org\/#\/schema\/logo\/image\/\",\"url\":\"https:\/\/grace-guolin-qigong.org\/wp-content\/uploads\/2023\/10\/logo-blanc-grace-video.jpg\",\"contentUrl\":\"https:\/\/grace-guolin-qigong.org\/wp-content\/uploads\/2023\/10\/logo-blanc-grace-video.jpg\",\"width\":841,\"height\":595,\"caption\":\"GRACE\"},\"image\":{\"@id\":\"https:\/\/grace-guolin-qigong.org\/#\/schema\/logo\/image\/\"}}]}<\/script>\n<!-- \/ Yoast SEO plugin. -->","yoast_head_json":{"title":"La lutte contre le cancer - GRACE","description":"D\u00e9couvrez le *Qi Gong GuoLin*, une m\u00e9thode naturelle pour accompagner la lutte contre le cancer. Gr\u00e2ce \u00e0 la marche xi xi hu et des exercices adapt\u00e9s, cette pratique renforce l\u2019immunit\u00e9, r\u00e9duit la fatigue, soulage la douleur et am\u00e9liore la qualit\u00e9 de vie. Un soutien efficace aux traitements m\u00e9dicaux pour mieux vivre pendant et apr\u00e8s le cancer.","robots":{"index":"index","follow":"follow","max-snippet":"max-snippet:-1","max-image-preview":"max-image-preview:large","max-video-preview":"max-video-preview:-1"},"canonical":"https:\/\/grace-guolin-qigong.org\/index.php\/la-lutte-contre-le-cancer\/","og_locale":"fr_FR","og_type":"article","og_title":"La lutte contre le cancer - GRACE","og_description":"D\u00e9couvrez le *Qi Gong GuoLin*, une m\u00e9thode naturelle pour accompagner la lutte contre le cancer. Gr\u00e2ce \u00e0 la marche xi xi hu et des exercices adapt\u00e9s, cette pratique renforce l\u2019immunit\u00e9, r\u00e9duit la fatigue, soulage la douleur et am\u00e9liore la qualit\u00e9 de vie. Un soutien efficace aux traitements m\u00e9dicaux pour mieux vivre pendant et apr\u00e8s le cancer.","og_url":"https:\/\/grace-guolin-qigong.org\/index.php\/la-lutte-contre-le-cancer\/","og_site_name":"GRACE","article_modified_time":"2025-03-03T08:15:07+00:00","twitter_card":"summary_large_image","twitter_misc":{"Dur\u00e9e de lecture estim\u00e9e":"1 minute"},"schema":{"@context":"https:\/\/schema.org","@graph":[{"@type":"WebPage","@id":"https:\/\/grace-guolin-qigong.org\/index.php\/la-lutte-contre-le-cancer\/","url":"https:\/\/grace-guolin-qigong.org\/index.php\/la-lutte-contre-le-cancer\/","name":"La lutte contre le cancer - GRACE","isPartOf":{"@id":"https:\/\/grace-guolin-qigong.org\/#website"},"datePublished":"2023-10-24T08:00:18+00:00","dateModified":"2025-03-03T08:15:07+00:00","description":"D\u00e9couvrez le *Qi Gong GuoLin*, une m\u00e9thode naturelle pour accompagner la lutte contre le cancer. Gr\u00e2ce \u00e0 la marche xi xi hu et des exercices adapt\u00e9s, cette pratique renforce l\u2019immunit\u00e9, r\u00e9duit la fatigue, soulage la douleur et am\u00e9liore la qualit\u00e9 de vie. Un soutien efficace aux traitements m\u00e9dicaux pour mieux vivre pendant et apr\u00e8s le cancer.","breadcrumb":{"@id":"https:\/\/grace-guolin-qigong.org\/index.php\/la-lutte-contre-le-cancer\/#breadcrumb"},"inLanguage":"fr-FR","potentialAction":[{"@type":"ReadAction","target":["https:\/\/grace-guolin-qigong.org\/index.php\/la-lutte-contre-le-cancer\/"]}]},{"@type":"BreadcrumbList","@id":"https:\/\/grace-guolin-qigong.org\/index.php\/la-lutte-contre-le-cancer\/#breadcrumb","itemListElement":[{"@type":"ListItem","position":1,"name":"Accueil","item":"https:\/\/grace-guolin-qigong.org\/"},{"@type":"ListItem","position":2,"name":"La lutte contre le cancer"}]},{"@type":"WebSite","@id":"https:\/\/grace-guolin-qigong.org\/#website","url":"https:\/\/grace-guolin-qigong.org\/","name":"GRACE","description":"","publisher":{"@id":"https:\/\/grace-guolin-qigong.org\/#organization"},"potentialAction":[{"@type":"SearchAction","target":{"@type":"EntryPoint","urlTemplate":"https:\/\/grace-guolin-qigong.org\/?s={search_term_string}"},"query-input":{"@type":"PropertyValueSpecification","valueRequired":true,"valueName":"search_term_string"}}],"inLanguage":"fr-FR"},{"@type":"Organization","@id":"https:\/\/grace-guolin-qigong.org\/#organization","name":"GRACE","url":"https:\/\/grace-guolin-qigong.org\/","logo":{"@type":"ImageObject","inLanguage":"fr-FR","@id":"https:\/\/grace-guolin-qigong.org\/#\/schema\/logo\/image\/","url":"https:\/\/grace-guolin-qigong.org\/wp-content\/uploads\/2023\/10\/logo-blanc-grace-video.jpg","contentUrl":"https:\/\/grace-guolin-qigong.org\/wp-content\/uploads\/2023\/10\/logo-blanc-grace-video.jpg","width":841,"height":595,"caption":"GRACE"},"image":{"@id":"https:\/\/grace-guolin-qigong.org\/#\/schema\/logo\/image\/"}}]}},"_links":{"self":[{"href":"https:\/\/grace-guolin-qigong.org\/index.php\/wp-json\/wp\/v2\/pages\/143","targetHints":{"allow":["GET"]}}],"collection":[{"href":"https:\/\/grace-guolin-qigong.org\/index.php\/wp-json\/wp\/v2\/pages"}],"about":[{"href":"https:\/\/grace-guolin-qigong.org\/index.php\/wp-json\/wp\/v2\/types\/page"}],"author":[{"embeddable":true,"href":"https:\/\/grace-guolin-qigong.org\/index.php\/wp-json\/wp\/v2\/users\/1"}],"replies":[{"embeddable":true,"href":"https:\/\/grace-guolin-qigong.org\/index.php\/wp-json\/wp\/v2\/comments?post=143"}],"version-history":[{"count":10,"href":"https:\/\/grace-guolin-qigong.org\/index.php\/wp-json\/wp\/v2\/pages\/143\/revisions"}],"predecessor-version":[{"id":282,"href":"https:\/\/grace-guolin-qigong.org\/index.php\/wp-json\/wp\/v2\/pages\/143\/revisions\/282"}],"wp:attachment":[{"href":"https:\/\/grace-guolin-qigong.org\/index.php\/wp-json\/wp\/v2\/media?parent=143"}],"curies":[{"name":"wp","href":"https:\/\/api.w.org\/{rel}","templated":true}]}}