{"id":1462,"date":"2024-04-10T14:03:31","date_gmt":"2024-04-10T12:03:31","guid":{"rendered":"https:\/\/grace-guolin-qigong.org\/?page_id=1462"},"modified":"2025-06-18T06:32:17","modified_gmt":"2025-06-18T04:32:17","slug":"adhesion-a-lassociation-grace","status":"publish","type":"page","link":"https:\/\/grace-guolin-qigong.org\/index.php\/adhesion-a-lassociation-grace\/","title":{"rendered":"Adh\u00e9sion"},"content":{"rendered":"\t\t<div data-elementor-type=\"wp-page\" data-elementor-id=\"1462\" class=\"elementor elementor-1462\">\n\t\t\t\t<div class=\"elementor-element elementor-element-3228d99 e-flex e-con-boxed e-con e-parent\" data-id=\"3228d99\" data-element_type=\"container\">\n\t\t\t\t\t<div class=\"e-con-inner\">\n\t\t\t\t<div class=\"elementor-element elementor-element-2cbf22d elementor-widget elementor-widget-text-editor\" data-id=\"2cbf22d\" data-element_type=\"widget\" data-widget_type=\"text-editor.default\">\n\t\t\t\t<div class=\"elementor-widget-container\">\n\t\t\t\t\t\t\t<p align=\"center\"><span style=\"font-family: Times New Roman, serif;\"><span style=\"font-size: medium;\"><span lang=\"fr-FR\"><b>Formulaire d\u2019adh\u00e9sion \u00e0 l\u2019association GRACE<\/b><\/span><\/span><\/span><\/p><p align=\"justify\"><span style=\"font-family: Times New Roman, serif;\"><span style=\"font-size: medium;\"><span lang=\"fr-FR\">Merci pour votre int\u00e9ress\u00eat pour l\u2019association GRACE Guo Lin qi gong.<\/span><\/span><\/span><\/p><p align=\"justify\"><span style=\"font-family: Times New Roman, serif;\"><span style=\"font-size: medium;\"><span lang=\"fr-FR\">Adh\u00e9rer \u00e0 l\u2019association GRACE vous permet\u00a0de\u00a0:<\/span><\/span><\/span><\/p><ul><li><p align=\"justify\"><span style=\"font-family: Times New Roman, serif;\"><span style=\"font-size: medium;\"><span lang=\"fr-FR\">Participer au Zoom des adh\u00e9rents le 1<\/span><\/span><\/span><sup><span style=\"font-family: Times New Roman, serif;\"><span style=\"font-size: medium;\"><span lang=\"fr-FR\">er<\/span><\/span><\/span><\/sup><span style=\"font-family: Times New Roman, serif;\"><span style=\"font-size: medium;\"><span lang=\"fr-FR\"> jeudi de chaque mois entre 18h et 19h. La s\u00e9ance est anim\u00e9e par Sarah, la pr\u00e9sidente de l\u2019association, qui pratique le Guo Lin qi gong depuis 2018. C\u2019est un moment d\u2019\u00e9change entre pratiquants du Guo Lin qi gong, poser des questions et revoir des d\u00e9tails ensemble.<\/span><\/span><\/span><\/p><\/li><li><span style=\"font-family: Times New Roman, serif;\"><span style=\"font-size: medium;\"><span lang=\"fr-FR\">Visionner les vid\u00e9os sur les m\u00e9thodes du qi gong Guo Lin<\/span><\/span><\/span><\/li><li><p align=\"justify\"><span style=\"font-family: Times New Roman, serif;\"><span style=\"font-size: medium;\"><span lang=\"fr-FR\">Demander \u00e0 rejoindre notre groupe WhatsApp si vous le souhaitez<\/span><\/span><\/span><\/p><\/li><li><p align=\"justify\"><span style=\"font-family: Times New Roman, serif;\"><span style=\"font-size: medium;\"><span lang=\"fr-FR\">B\u00e9n\u00e9ficier de tarifs r\u00e9duits lors des stages de GRACE<\/span><\/span><\/span><\/p><\/li><\/ul><p align=\"justify\"><span style=\"font-family: Times New Roman, serif;\"><span style=\"font-size: medium;\"><span lang=\"fr-FR\">L\u2019adh\u00e9sion \u00e0 GRACE est de 25 euros.<\/span><\/span><\/span><\/p><p align=\"justify\"><span style=\"font-family: Times New Roman, serif;\"><span style=\"font-size: medium;\"><span lang=\"fr-FR\">L\u2019adh\u00e9sion est toujours pour l\u2019ann\u00e9e en cours (du 1<\/span><\/span><\/span><sup><span style=\"font-family: Times New Roman, serif;\"><span style=\"font-size: medium;\"><span lang=\"fr-FR\">er<\/span><\/span><\/span><\/sup><span style=\"font-family: Times New Roman, serif;\"><span style=\"font-size: medium;\"><span lang=\"fr-FR\"> janvier au 31 d\u00e9cembre).<\/span><\/span><\/span><\/p><p align=\"justify\"><span style=\"font-family: Times New Roman, serif;\"><span style=\"font-size: medium;\"><span lang=\"fr-FR\">Pour rejoindre l\u2019association GRACE\u00a0: <\/span><\/span><\/span><\/p><ul><li><p align=\"justify\"><span style=\"font-family: Times New Roman, serif;\"><span style=\"font-size: medium;\"><span lang=\"fr-FR\">Faire un virement de 25 euros sur le compte de GRACE (demander le RIB par mail \u00e0 l&rsquo;adresse graceglqg@gmail.com)\u00a0<\/span><\/span><\/span><\/p><\/li><li><p align=\"justify\"><span style=\"font-family: Times New Roman, serif;\"><span style=\"font-size: medium;\"><span lang=\"fr-FR\">Indiquer dans le libell\u00e9 votre pr\u00e9nom et nom. <\/span><\/span><\/span><\/p><\/li><\/ul><p align=\"justify\"><span style=\"font-family: Times New Roman, serif;\"><span style=\"font-size: medium;\"><span lang=\"fr-FR\">Attention, les adh\u00e9sions se font uniquement par virement. <\/span><\/span><\/span><\/p><p align=\"justify\"><span style=\"font-family: Times New Roman, serif;\"><span style=\"font-size: medium;\"><span lang=\"fr-FR\">Exemple\u00a0:\u00a0<\/span><\/span><\/span><span style=\"text-align: var(--text-align); font-size: 1rem; font-family: 'Times New Roman', serif;\"><span style=\"font-size: medium;\"><span lang=\"fr-FR\">Virement de\u00a0: <\/span><\/span><\/span><span style=\"text-align: var(--text-align); font-size: 1rem; font-family: 'Times New Roman', serif;\"><span style=\"font-size: medium;\"><span lang=\"fr-FR\"><i>25 euros,\u00a0<\/i><\/span><\/span><\/span><span style=\"text-align: var(--text-align); font-size: 1rem; font-family: 'Times New Roman', serif;\"><span style=\"font-size: medium;\"><span lang=\"fr-FR\">Libell\u00e9\u00a0: <\/span><\/span><\/span><span style=\"text-align: var(--text-align); font-size: 1rem; font-family: 'Times New Roman', serif;\"><span style=\"font-size: medium;\"><span lang=\"fr-FR\"><i>Cotisation 2024 pour Jean MARTIN<\/i><\/span><\/span><\/span><\/p>\t\t\t\t\t\t<\/div>\n\t\t\t\t<\/div>\n\t\t\t\t\t<\/div>\n\t\t\t\t<\/div>\n\t\t\t\t<\/div>\n\t\t","protected":false},"excerpt":{"rendered":"<p>Formulaire d\u2019adh\u00e9sion \u00e0 l\u2019association GRACE Merci pour votre int\u00e9ress\u00eat pour l\u2019association GRACE Guo Lin qi gong. Adh\u00e9rer \u00e0 l\u2019association GRACE vous permet\u00a0de\u00a0: Participer au Zoom des adh\u00e9rents le 1er jeudi de chaque mois entre 18h et 19h. La s\u00e9ance est anim\u00e9e par Sarah, la pr\u00e9sidente de l\u2019association, qui pratique le Guo Lin qi gong depuis [&hellip;]<\/p>\n","protected":false},"author":1,"featured_media":0,"parent":0,"menu_order":0,"comment_status":"closed","ping_status":"closed","template":"","meta":{"_monsterinsights_skip_tracking":false,"_monsterinsights_sitenote_active":false,"_monsterinsights_sitenote_note":"","_monsterinsights_sitenote_category":0,"_uf_show_specific_survey":0,"_uf_disable_surveys":false,"footnotes":""},"class_list":["post-1462","page","type-page","status-publish","hentry"],"aioseo_notices":[],"yoast_head":"<!-- This site is optimized with the Yoast SEO plugin v27.2 - https:\/\/yoast.com\/product\/yoast-seo-wordpress\/ -->\n<title>Adh\u00e9sion - GRACE<\/title>\n<meta name=\"robots\" content=\"index, follow, max-snippet:-1, max-image-preview:large, max-video-preview:-1\" \/>\n<link rel=\"canonical\" href=\"https:\/\/grace-guolin-qigong.org\/index.php\/adhesion-a-lassociation-grace\/\" \/>\n<meta property=\"og:locale\" content=\"fr_FR\" \/>\n<meta property=\"og:type\" content=\"article\" \/>\n<meta property=\"og:title\" content=\"Adh\u00e9sion - GRACE\" \/>\n<meta property=\"og:description\" content=\"Formulaire d\u2019adh\u00e9sion \u00e0 l\u2019association GRACE Merci pour votre int\u00e9ress\u00eat pour l\u2019association GRACE Guo Lin qi gong. Adh\u00e9rer \u00e0 l\u2019association GRACE vous permet\u00a0de\u00a0: Participer au Zoom des adh\u00e9rents le 1er jeudi de chaque mois entre 18h et 19h. La s\u00e9ance est anim\u00e9e par Sarah, la pr\u00e9sidente de l\u2019association, qui pratique le Guo Lin qi gong depuis [&hellip;]\" \/>\n<meta property=\"og:url\" content=\"https:\/\/grace-guolin-qigong.org\/index.php\/adhesion-a-lassociation-grace\/\" \/>\n<meta property=\"og:site_name\" content=\"GRACE\" \/>\n<meta property=\"article:modified_time\" content=\"2025-06-18T04:32:17+00:00\" \/>\n<meta name=\"twitter:card\" content=\"summary_large_image\" \/>\n<meta name=\"twitter:label1\" content=\"Dur\u00e9e de lecture estim\u00e9e\" \/>\n\t<meta name=\"twitter:data1\" content=\"1 minute\" \/>\n<script type=\"application\/ld+json\" class=\"yoast-schema-graph\">{\"@context\":\"https:\/\/schema.org\",\"@graph\":[{\"@type\":\"WebPage\",\"@id\":\"https:\/\/grace-guolin-qigong.org\/index.php\/adhesion-a-lassociation-grace\/\",\"url\":\"https:\/\/grace-guolin-qigong.org\/index.php\/adhesion-a-lassociation-grace\/\",\"name\":\"Adh\u00e9sion - GRACE\",\"isPartOf\":{\"@id\":\"https:\/\/grace-guolin-qigong.org\/#website\"},\"datePublished\":\"2024-04-10T12:03:31+00:00\",\"dateModified\":\"2025-06-18T04:32:17+00:00\",\"breadcrumb\":{\"@id\":\"https:\/\/grace-guolin-qigong.org\/index.php\/adhesion-a-lassociation-grace\/#breadcrumb\"},\"inLanguage\":\"fr-FR\",\"potentialAction\":[{\"@type\":\"ReadAction\",\"target\":[\"https:\/\/grace-guolin-qigong.org\/index.php\/adhesion-a-lassociation-grace\/\"]}]},{\"@type\":\"BreadcrumbList\",\"@id\":\"https:\/\/grace-guolin-qigong.org\/index.php\/adhesion-a-lassociation-grace\/#breadcrumb\",\"itemListElement\":[{\"@type\":\"ListItem\",\"position\":1,\"name\":\"Accueil\",\"item\":\"https:\/\/grace-guolin-qigong.org\/\"},{\"@type\":\"ListItem\",\"position\":2,\"name\":\"Adh\u00e9sion\"}]},{\"@type\":\"WebSite\",\"@id\":\"https:\/\/grace-guolin-qigong.org\/#website\",\"url\":\"https:\/\/grace-guolin-qigong.org\/\",\"name\":\"GRACE\",\"description\":\"\",\"publisher\":{\"@id\":\"https:\/\/grace-guolin-qigong.org\/#organization\"},\"potentialAction\":[{\"@type\":\"SearchAction\",\"target\":{\"@type\":\"EntryPoint\",\"urlTemplate\":\"https:\/\/grace-guolin-qigong.org\/?s={search_term_string}\"},\"query-input\":{\"@type\":\"PropertyValueSpecification\",\"valueRequired\":true,\"valueName\":\"search_term_string\"}}],\"inLanguage\":\"fr-FR\"},{\"@type\":\"Organization\",\"@id\":\"https:\/\/grace-guolin-qigong.org\/#organization\",\"name\":\"GRACE\",\"url\":\"https:\/\/grace-guolin-qigong.org\/\",\"logo\":{\"@type\":\"ImageObject\",\"inLanguage\":\"fr-FR\",\"@id\":\"https:\/\/grace-guolin-qigong.org\/#\/schema\/logo\/image\/\",\"url\":\"https:\/\/grace-guolin-qigong.org\/wp-content\/uploads\/2023\/10\/logo-blanc-grace-video.jpg\",\"contentUrl\":\"https:\/\/grace-guolin-qigong.org\/wp-content\/uploads\/2023\/10\/logo-blanc-grace-video.jpg\",\"width\":841,\"height\":595,\"caption\":\"GRACE\"},\"image\":{\"@id\":\"https:\/\/grace-guolin-qigong.org\/#\/schema\/logo\/image\/\"}}]}<\/script>\n<!-- \/ Yoast SEO plugin. -->","yoast_head_json":{"title":"Adh\u00e9sion - GRACE","robots":{"index":"index","follow":"follow","max-snippet":"max-snippet:-1","max-image-preview":"max-image-preview:large","max-video-preview":"max-video-preview:-1"},"canonical":"https:\/\/grace-guolin-qigong.org\/index.php\/adhesion-a-lassociation-grace\/","og_locale":"fr_FR","og_type":"article","og_title":"Adh\u00e9sion - GRACE","og_description":"Formulaire d\u2019adh\u00e9sion \u00e0 l\u2019association GRACE Merci pour votre int\u00e9ress\u00eat pour l\u2019association GRACE Guo Lin qi gong. Adh\u00e9rer \u00e0 l\u2019association GRACE vous permet\u00a0de\u00a0: Participer au Zoom des adh\u00e9rents le 1er jeudi de chaque mois entre 18h et 19h. La s\u00e9ance est anim\u00e9e par Sarah, la pr\u00e9sidente de l\u2019association, qui pratique le Guo Lin qi gong depuis [&hellip;]","og_url":"https:\/\/grace-guolin-qigong.org\/index.php\/adhesion-a-lassociation-grace\/","og_site_name":"GRACE","article_modified_time":"2025-06-18T04:32:17+00:00","twitter_card":"summary_large_image","twitter_misc":{"Dur\u00e9e de lecture estim\u00e9e":"1 minute"},"schema":{"@context":"https:\/\/schema.org","@graph":[{"@type":"WebPage","@id":"https:\/\/grace-guolin-qigong.org\/index.php\/adhesion-a-lassociation-grace\/","url":"https:\/\/grace-guolin-qigong.org\/index.php\/adhesion-a-lassociation-grace\/","name":"Adh\u00e9sion - GRACE","isPartOf":{"@id":"https:\/\/grace-guolin-qigong.org\/#website"},"datePublished":"2024-04-10T12:03:31+00:00","dateModified":"2025-06-18T04:32:17+00:00","breadcrumb":{"@id":"https:\/\/grace-guolin-qigong.org\/index.php\/adhesion-a-lassociation-grace\/#breadcrumb"},"inLanguage":"fr-FR","potentialAction":[{"@type":"ReadAction","target":["https:\/\/grace-guolin-qigong.org\/index.php\/adhesion-a-lassociation-grace\/"]}]},{"@type":"BreadcrumbList","@id":"https:\/\/grace-guolin-qigong.org\/index.php\/adhesion-a-lassociation-grace\/#breadcrumb","itemListElement":[{"@type":"ListItem","position":1,"name":"Accueil","item":"https:\/\/grace-guolin-qigong.org\/"},{"@type":"ListItem","position":2,"name":"Adh\u00e9sion"}]},{"@type":"WebSite","@id":"https:\/\/grace-guolin-qigong.org\/#website","url":"https:\/\/grace-guolin-qigong.org\/","name":"GRACE","description":"","publisher":{"@id":"https:\/\/grace-guolin-qigong.org\/#organization"},"potentialAction":[{"@type":"SearchAction","target":{"@type":"EntryPoint","urlTemplate":"https:\/\/grace-guolin-qigong.org\/?s={search_term_string}"},"query-input":{"@type":"PropertyValueSpecification","valueRequired":true,"valueName":"search_term_string"}}],"inLanguage":"fr-FR"},{"@type":"Organization","@id":"https:\/\/grace-guolin-qigong.org\/#organization","name":"GRACE","url":"https:\/\/grace-guolin-qigong.org\/","logo":{"@type":"ImageObject","inLanguage":"fr-FR","@id":"https:\/\/grace-guolin-qigong.org\/#\/schema\/logo\/image\/","url":"https:\/\/grace-guolin-qigong.org\/wp-content\/uploads\/2023\/10\/logo-blanc-grace-video.jpg","contentUrl":"https:\/\/grace-guolin-qigong.org\/wp-content\/uploads\/2023\/10\/logo-blanc-grace-video.jpg","width":841,"height":595,"caption":"GRACE"},"image":{"@id":"https:\/\/grace-guolin-qigong.org\/#\/schema\/logo\/image\/"}}]}},"_links":{"self":[{"href":"https:\/\/grace-guolin-qigong.org\/index.php\/wp-json\/wp\/v2\/pages\/1462","targetHints":{"allow":["GET"]}}],"collection":[{"href":"https:\/\/grace-guolin-qigong.org\/index.php\/wp-json\/wp\/v2\/pages"}],"about":[{"href":"https:\/\/grace-guolin-qigong.org\/index.php\/wp-json\/wp\/v2\/types\/page"}],"author":[{"embeddable":true,"href":"https:\/\/grace-guolin-qigong.org\/index.php\/wp-json\/wp\/v2\/users\/1"}],"replies":[{"embeddable":true,"href":"https:\/\/grace-guolin-qigong.org\/index.php\/wp-json\/wp\/v2\/comments?post=1462"}],"version-history":[{"count":26,"href":"https:\/\/grace-guolin-qigong.org\/index.php\/wp-json\/wp\/v2\/pages\/1462\/revisions"}],"predecessor-version":[{"id":2590,"href":"https:\/\/grace-guolin-qigong.org\/index.php\/wp-json\/wp\/v2\/pages\/1462\/revisions\/2590"}],"wp:attachment":[{"href":"https:\/\/grace-guolin-qigong.org\/index.php\/wp-json\/wp\/v2\/media?parent=1462"}],"curies":[{"name":"wp","href":"https:\/\/api.w.org\/{rel}","templated":true}]}}