{"id":152,"date":"2023-10-24T10:04:16","date_gmt":"2023-10-24T08:04:16","guid":{"rendered":"https:\/\/grace-guolin-qigong.org\/?page_id=152"},"modified":"2025-04-02T12:39:23","modified_gmt":"2025-04-02T10:39:23","slug":"hopital-experimente-le-qi-gong-pour-soulager-les-effets-secondaires-des-traitements-du-cancer","status":"publish","type":"page","link":"https:\/\/grace-guolin-qigong.org\/index.php\/hopital-experimente-le-qi-gong-pour-soulager-les-effets-secondaires-des-traitements-du-cancer\/","title":{"rendered":"\u00ab\u00a0L\u2019h\u00f4pital exp\u00e9rimente le qi gong pour soulager les effets secondaires des traitements du cancer\u00a0\u00bb"},"content":{"rendered":"\t\t<div data-elementor-type=\"wp-page\" data-elementor-id=\"152\" class=\"elementor elementor-152\">\n\t\t\t\t<div class=\"elementor-element elementor-element-c547f6d e-flex e-con-boxed e-con e-parent\" data-id=\"c547f6d\" data-element_type=\"container\">\n\t\t\t\t\t<div class=\"e-con-inner\">\n\t\t\t\t<div class=\"elementor-element elementor-element-cab3f9b elementor-widget elementor-widget-text-editor\" data-id=\"cab3f9b\" data-element_type=\"widget\" data-widget_type=\"text-editor.default\">\n\t\t\t\t<div class=\"elementor-widget-container\">\n\t\t\t\t\t\t\t<p>Quelques patients de l\u2019h\u00f4pital parisien de la Piti\u00e9-Salp\u00eatri\u00e8re sont suivis \u00e0 titre exp\u00e9rimental par une \u00e9quipe qui \u00e9value les pratiques de la m\u00e9decine traditionnelle chinoise.<\/p><p>Un article du journal Le Monde du 31 ao\u00fbt 2016 d\u00e9crit une \u00e9tude clinique men\u00e9e \u00e0 l<a href=\"https:\/\/medecinechinoise.aphp.fr\/\">&lsquo;h\u00f4pital de la Piti\u00e9-Salp\u00eatri\u00e8re<\/a> \u00e0 Paris, qui explore l&rsquo;utilisation du Guolin qi gong pour soulager les effets secondaires du cancer.<\/p><p><b>Le qi gong est une forme de gymnastique de sant\u00e9 chinoise qui combine des exercices physiques, respiratoires et m\u00e9ditatifs.<\/b> Il est utilis\u00e9 depuis des si\u00e8cles pour am\u00e9liorer la sant\u00e9 et le bien-\u00eatre.<\/p><p><b>L&rsquo;\u00e9tude a \u00e9t\u00e9 men\u00e9e aupr\u00e8s de 30 patients atteints de cancer.<\/b> Les patients ont \u00e9t\u00e9 r\u00e9partis en deux groupes : un groupe a pratiqu\u00e9 le qi gong de Guolin pendant 8 semaines, tandis que l&rsquo;autre groupe n&rsquo;a pas re\u00e7u de traitement suppl\u00e9mentaire.<\/p><p><b>Les r\u00e9sultats de l&rsquo;\u00e9tude ont montr\u00e9 que les patients du groupe qi gong ont ressenti une am\u00e9lioration significative de leur qualit\u00e9 de vie.<\/b> Ils ont rapport\u00e9 une r\u00e9duction des sympt\u00f4mes tels que la fatigue, les naus\u00e9es, les vomissements et les douleurs.<\/p><p><b>Le qi gong a \u00e9galement \u00e9t\u00e9 associ\u00e9 \u00e0 une am\u00e9lioration de l&rsquo;\u00e9tat psychologique des patients.<\/b> Ils ont rapport\u00e9 une diminution de l&rsquo;anxi\u00e9t\u00e9 et de la d\u00e9pression.<\/p><p><b>L&rsquo;\u00e9tude est encore en cours, mais les r\u00e9sultats pr\u00e9liminaires sont prometteurs.<\/b> Le qi gong pourrait \u00eatre une option th\u00e9rapeutique compl\u00e9mentaire pour soulager les effets secondaires du cancer.<\/p>\t\t\t\t\t\t<\/div>\n\t\t\t\t<\/div>\n\t\t\t\t\t<\/div>\n\t\t\t\t<\/div>\n\t\t<div class=\"elementor-element elementor-element-5cf5a42 e-flex e-con-boxed e-con e-parent\" data-id=\"5cf5a42\" data-element_type=\"container\">\n\t\t\t\t\t<div class=\"e-con-inner\">\n\t\t<div class=\"elementor-element elementor-element-d6d20eb e-con-full e-flex e-con e-child\" data-id=\"d6d20eb\" data-element_type=\"container\">\n\t\t\t\t<div class=\"elementor-element elementor-element-ca69ee8 elementor-widget elementor-widget-button\" data-id=\"ca69ee8\" data-element_type=\"widget\" data-widget_type=\"button.default\">\n\t\t\t\t<div class=\"elementor-widget-container\">\n\t\t\t\t\t<div class=\"elementor-button-wrapper\">\n\t\t\t<a class=\"elementor-button elementor-button-link elementor-size-sm\" href=\"https:\/\/www.lemonde.fr\/sante\/article\/2016\/08\/31\/l-hopital-experimente-le-qi-gong-pour-soulager-des-effets-secondaires-du-cancer_4990653_1651302.html\">\n\t\t\t\t\t\t<span class=\"elementor-button-content-wrapper\">\n\t\t\t\t\t\t\t\t\t<span class=\"elementor-button-text\">Cliquez ici<\/span>\n\t\t\t\t\t<\/span>\n\t\t\t\t\t<\/a>\n\t\t<\/div>\n\t\t\t\t<\/div>\n\t\t\t\t<\/div>\n\t\t\t\t<\/div>\n\t\t<div class=\"elementor-element elementor-element-71c1655 e-con-full e-flex e-con e-child\" data-id=\"71c1655\" data-element_type=\"container\">\n\t\t\t\t<div class=\"elementor-element elementor-element-5409ebd elementor-widget__width-initial elementor-widget elementor-widget-text-editor\" data-id=\"5409ebd\" data-element_type=\"widget\" data-widget_type=\"text-editor.default\">\n\t\t\t\t<div class=\"elementor-widget-container\">\n\t\t\t\t\t\t\t<p>pour lire l&rsquo;article du journal Le Monde<\/p>\t\t\t\t\t\t<\/div>\n\t\t\t\t<\/div>\n\t\t\t\t<\/div>\n\t\t\t\t\t<\/div>\n\t\t\t\t<\/div>\n\t\t<div class=\"elementor-element elementor-element-26e04d3 e-flex e-con-boxed e-con e-parent\" data-id=\"26e04d3\" data-element_type=\"container\">\n\t\t\t\t\t<div class=\"e-con-inner\">\n\t\t<div class=\"elementor-element elementor-element-eab9da3 e-con-full e-flex e-con e-child\" data-id=\"eab9da3\" data-element_type=\"container\">\n\t\t\t\t<div class=\"elementor-element elementor-element-087d63a elementor-widget elementor-widget-button\" data-id=\"087d63a\" data-element_type=\"widget\" data-widget_type=\"button.default\">\n\t\t\t\t<div class=\"elementor-widget-container\">\n\t\t\t\t\t<div class=\"elementor-button-wrapper\">\n\t\t\t<a class=\"elementor-button elementor-button-link elementor-size-sm\" href=\"https:\/\/grace-guolin-qigong.org\/index.php\/marche-xi-xi-hu-pour-lutter-contre-le-cancer-a-vincennes-paris\/\">\n\t\t\t\t\t\t<span class=\"elementor-button-content-wrapper\">\n\t\t\t\t\t\t\t\t\t<span class=\"elementor-button-text\">Cliquez ici<\/span>\n\t\t\t\t\t<\/span>\n\t\t\t\t\t<\/a>\n\t\t<\/div>\n\t\t\t\t<\/div>\n\t\t\t\t<\/div>\n\t\t\t\t<\/div>\n\t\t<div class=\"elementor-element elementor-element-1933e50 e-con-full e-flex e-con e-child\" data-id=\"1933e50\" data-element_type=\"container\">\n\t\t\t\t<div class=\"elementor-element elementor-element-aa8ed4a elementor-widget elementor-widget-text-editor\" data-id=\"aa8ed4a\" data-element_type=\"widget\" data-widget_type=\"text-editor.default\">\n\t\t\t\t<div class=\"elementor-widget-container\">\n\t\t\t\t\t\t\t<p>pour des informations sur la marche mensuelle de Guolin qi gong dans le bois de Vincennes \u00e0 Paris<\/p>\t\t\t\t\t\t<\/div>\n\t\t\t\t<\/div>\n\t\t\t\t<\/div>\n\t\t\t\t\t<\/div>\n\t\t\t\t<\/div>\n\t\t\t\t<\/div>\n\t\t","protected":false},"excerpt":{"rendered":"<p>Quelques patients de l\u2019h\u00f4pital parisien de la Piti\u00e9-Salp\u00eatri\u00e8re sont suivis \u00e0 titre exp\u00e9rimental par une \u00e9quipe qui \u00e9value les pratiques de la m\u00e9decine traditionnelle chinoise. Un article du journal Le Monde du 31 ao\u00fbt 2016 d\u00e9crit une \u00e9tude clinique men\u00e9e \u00e0 l&lsquo;h\u00f4pital de la Piti\u00e9-Salp\u00eatri\u00e8re \u00e0 Paris, qui explore l&rsquo;utilisation du Guolin qi gong pour [&hellip;]<\/p>\n","protected":false},"author":1,"featured_media":0,"parent":0,"menu_order":0,"comment_status":"closed","ping_status":"closed","template":"","meta":{"_monsterinsights_skip_tracking":false,"_monsterinsights_sitenote_active":false,"_monsterinsights_sitenote_note":"","_monsterinsights_sitenote_category":0,"_uf_show_specific_survey":0,"_uf_disable_surveys":false,"footnotes":""},"class_list":["post-152","page","type-page","status-publish","hentry"],"aioseo_notices":[],"yoast_head":"<!-- This site is optimized with the Yoast SEO plugin v27.2 - https:\/\/yoast.com\/product\/yoast-seo-wordpress\/ -->\n<title>&quot;L\u2019h\u00f4pital exp\u00e9rimente le qi gong pour soulager les effets secondaires des traitements du cancer&quot; - GRACE<\/title>\n<meta name=\"description\" content=\"L\u2019h\u00f4pital de la Piti\u00e9-Salp\u00eatri\u00e8re \u00e0 Paris exp\u00e9rimente le Qi Gong de GuoLin pour soulager les effets secondaires du cancer. Une \u00e9tude men\u00e9e aupr\u00e8s de 30 patients a montr\u00e9 que cette pratique am\u00e9liore la qualit\u00e9 de vie, r\u00e9duit la fatigue, la douleur et les troubles digestifs, et diminue l\u2019anxi\u00e9t\u00e9 et la d\u00e9pression. Des r\u00e9sultats prometteurs pour une approche compl\u00e9mentaire en oncologie.\" \/>\n<meta name=\"robots\" content=\"index, follow, max-snippet:-1, max-image-preview:large, max-video-preview:-1\" \/>\n<link rel=\"canonical\" href=\"https:\/\/grace-guolin-qigong.org\/index.php\/hopital-experimente-le-qi-gong-pour-soulager-les-effets-secondaires-des-traitements-du-cancer\/\" \/>\n<meta property=\"og:locale\" content=\"fr_FR\" \/>\n<meta property=\"og:type\" content=\"article\" \/>\n<meta property=\"og:title\" content=\"&quot;L\u2019h\u00f4pital exp\u00e9rimente le qi gong pour soulager les effets secondaires des traitements du cancer&quot; - GRACE\" \/>\n<meta property=\"og:description\" content=\"L\u2019h\u00f4pital de la Piti\u00e9-Salp\u00eatri\u00e8re \u00e0 Paris exp\u00e9rimente le Qi Gong de GuoLin pour soulager les effets secondaires du cancer. Une \u00e9tude men\u00e9e aupr\u00e8s de 30 patients a montr\u00e9 que cette pratique am\u00e9liore la qualit\u00e9 de vie, r\u00e9duit la fatigue, la douleur et les troubles digestifs, et diminue l\u2019anxi\u00e9t\u00e9 et la d\u00e9pression. Des r\u00e9sultats prometteurs pour une approche compl\u00e9mentaire en oncologie.\" \/>\n<meta property=\"og:url\" content=\"https:\/\/grace-guolin-qigong.org\/index.php\/hopital-experimente-le-qi-gong-pour-soulager-les-effets-secondaires-des-traitements-du-cancer\/\" \/>\n<meta property=\"og:site_name\" content=\"GRACE\" \/>\n<meta property=\"article:modified_time\" content=\"2025-04-02T10:39:23+00:00\" \/>\n<meta name=\"twitter:card\" content=\"summary_large_image\" \/>\n<meta name=\"twitter:label1\" content=\"Dur\u00e9e de lecture estim\u00e9e\" \/>\n\t<meta name=\"twitter:data1\" content=\"2 minutes\" \/>\n<script type=\"application\/ld+json\" class=\"yoast-schema-graph\">{\"@context\":\"https:\/\/schema.org\",\"@graph\":[{\"@type\":\"WebPage\",\"@id\":\"https:\/\/grace-guolin-qigong.org\/index.php\/hopital-experimente-le-qi-gong-pour-soulager-les-effets-secondaires-des-traitements-du-cancer\/\",\"url\":\"https:\/\/grace-guolin-qigong.org\/index.php\/hopital-experimente-le-qi-gong-pour-soulager-les-effets-secondaires-des-traitements-du-cancer\/\",\"name\":\"\\\"L\u2019h\u00f4pital exp\u00e9rimente le qi gong pour soulager les effets secondaires des traitements du cancer\\\" - GRACE\",\"isPartOf\":{\"@id\":\"https:\/\/grace-guolin-qigong.org\/#website\"},\"datePublished\":\"2023-10-24T08:04:16+00:00\",\"dateModified\":\"2025-04-02T10:39:23+00:00\",\"description\":\"L\u2019h\u00f4pital de la Piti\u00e9-Salp\u00eatri\u00e8re \u00e0 Paris exp\u00e9rimente le Qi Gong de GuoLin pour soulager les effets secondaires du cancer. Une \u00e9tude men\u00e9e aupr\u00e8s de 30 patients a montr\u00e9 que cette pratique am\u00e9liore la qualit\u00e9 de vie, r\u00e9duit la fatigue, la douleur et les troubles digestifs, et diminue l\u2019anxi\u00e9t\u00e9 et la d\u00e9pression. Des r\u00e9sultats prometteurs pour une approche compl\u00e9mentaire en oncologie.\",\"breadcrumb\":{\"@id\":\"https:\/\/grace-guolin-qigong.org\/index.php\/hopital-experimente-le-qi-gong-pour-soulager-les-effets-secondaires-des-traitements-du-cancer\/#breadcrumb\"},\"inLanguage\":\"fr-FR\",\"potentialAction\":[{\"@type\":\"ReadAction\",\"target\":[\"https:\/\/grace-guolin-qigong.org\/index.php\/hopital-experimente-le-qi-gong-pour-soulager-les-effets-secondaires-des-traitements-du-cancer\/\"]}]},{\"@type\":\"BreadcrumbList\",\"@id\":\"https:\/\/grace-guolin-qigong.org\/index.php\/hopital-experimente-le-qi-gong-pour-soulager-les-effets-secondaires-des-traitements-du-cancer\/#breadcrumb\",\"itemListElement\":[{\"@type\":\"ListItem\",\"position\":1,\"name\":\"Accueil\",\"item\":\"https:\/\/grace-guolin-qigong.org\/\"},{\"@type\":\"ListItem\",\"position\":2,\"name\":\"\u00ab\u00a0L\u2019h\u00f4pital exp\u00e9rimente le qi gong pour soulager les effets secondaires des traitements du cancer\u00a0\u00bb\"}]},{\"@type\":\"WebSite\",\"@id\":\"https:\/\/grace-guolin-qigong.org\/#website\",\"url\":\"https:\/\/grace-guolin-qigong.org\/\",\"name\":\"GRACE\",\"description\":\"\",\"publisher\":{\"@id\":\"https:\/\/grace-guolin-qigong.org\/#organization\"},\"potentialAction\":[{\"@type\":\"SearchAction\",\"target\":{\"@type\":\"EntryPoint\",\"urlTemplate\":\"https:\/\/grace-guolin-qigong.org\/?s={search_term_string}\"},\"query-input\":{\"@type\":\"PropertyValueSpecification\",\"valueRequired\":true,\"valueName\":\"search_term_string\"}}],\"inLanguage\":\"fr-FR\"},{\"@type\":\"Organization\",\"@id\":\"https:\/\/grace-guolin-qigong.org\/#organization\",\"name\":\"GRACE\",\"url\":\"https:\/\/grace-guolin-qigong.org\/\",\"logo\":{\"@type\":\"ImageObject\",\"inLanguage\":\"fr-FR\",\"@id\":\"https:\/\/grace-guolin-qigong.org\/#\/schema\/logo\/image\/\",\"url\":\"https:\/\/grace-guolin-qigong.org\/wp-content\/uploads\/2023\/10\/logo-blanc-grace-video.jpg\",\"contentUrl\":\"https:\/\/grace-guolin-qigong.org\/wp-content\/uploads\/2023\/10\/logo-blanc-grace-video.jpg\",\"width\":841,\"height\":595,\"caption\":\"GRACE\"},\"image\":{\"@id\":\"https:\/\/grace-guolin-qigong.org\/#\/schema\/logo\/image\/\"}}]}<\/script>\n<!-- \/ Yoast SEO plugin. -->","yoast_head_json":{"title":"\"L\u2019h\u00f4pital exp\u00e9rimente le qi gong pour soulager les effets secondaires des traitements du cancer\" - GRACE","description":"L\u2019h\u00f4pital de la Piti\u00e9-Salp\u00eatri\u00e8re \u00e0 Paris exp\u00e9rimente le Qi Gong de GuoLin pour soulager les effets secondaires du cancer. Une \u00e9tude men\u00e9e aupr\u00e8s de 30 patients a montr\u00e9 que cette pratique am\u00e9liore la qualit\u00e9 de vie, r\u00e9duit la fatigue, la douleur et les troubles digestifs, et diminue l\u2019anxi\u00e9t\u00e9 et la d\u00e9pression. Des r\u00e9sultats prometteurs pour une approche compl\u00e9mentaire en oncologie.","robots":{"index":"index","follow":"follow","max-snippet":"max-snippet:-1","max-image-preview":"max-image-preview:large","max-video-preview":"max-video-preview:-1"},"canonical":"https:\/\/grace-guolin-qigong.org\/index.php\/hopital-experimente-le-qi-gong-pour-soulager-les-effets-secondaires-des-traitements-du-cancer\/","og_locale":"fr_FR","og_type":"article","og_title":"\"L\u2019h\u00f4pital exp\u00e9rimente le qi gong pour soulager les effets secondaires des traitements du cancer\" - GRACE","og_description":"L\u2019h\u00f4pital de la Piti\u00e9-Salp\u00eatri\u00e8re \u00e0 Paris exp\u00e9rimente le Qi Gong de GuoLin pour soulager les effets secondaires du cancer. Une \u00e9tude men\u00e9e aupr\u00e8s de 30 patients a montr\u00e9 que cette pratique am\u00e9liore la qualit\u00e9 de vie, r\u00e9duit la fatigue, la douleur et les troubles digestifs, et diminue l\u2019anxi\u00e9t\u00e9 et la d\u00e9pression. Des r\u00e9sultats prometteurs pour une approche compl\u00e9mentaire en oncologie.","og_url":"https:\/\/grace-guolin-qigong.org\/index.php\/hopital-experimente-le-qi-gong-pour-soulager-les-effets-secondaires-des-traitements-du-cancer\/","og_site_name":"GRACE","article_modified_time":"2025-04-02T10:39:23+00:00","twitter_card":"summary_large_image","twitter_misc":{"Dur\u00e9e de lecture estim\u00e9e":"2 minutes"},"schema":{"@context":"https:\/\/schema.org","@graph":[{"@type":"WebPage","@id":"https:\/\/grace-guolin-qigong.org\/index.php\/hopital-experimente-le-qi-gong-pour-soulager-les-effets-secondaires-des-traitements-du-cancer\/","url":"https:\/\/grace-guolin-qigong.org\/index.php\/hopital-experimente-le-qi-gong-pour-soulager-les-effets-secondaires-des-traitements-du-cancer\/","name":"\"L\u2019h\u00f4pital exp\u00e9rimente le qi gong pour soulager les effets secondaires des traitements du cancer\" - GRACE","isPartOf":{"@id":"https:\/\/grace-guolin-qigong.org\/#website"},"datePublished":"2023-10-24T08:04:16+00:00","dateModified":"2025-04-02T10:39:23+00:00","description":"L\u2019h\u00f4pital de la Piti\u00e9-Salp\u00eatri\u00e8re \u00e0 Paris exp\u00e9rimente le Qi Gong de GuoLin pour soulager les effets secondaires du cancer. Une \u00e9tude men\u00e9e aupr\u00e8s de 30 patients a montr\u00e9 que cette pratique am\u00e9liore la qualit\u00e9 de vie, r\u00e9duit la fatigue, la douleur et les troubles digestifs, et diminue l\u2019anxi\u00e9t\u00e9 et la d\u00e9pression. Des r\u00e9sultats prometteurs pour une approche compl\u00e9mentaire en oncologie.","breadcrumb":{"@id":"https:\/\/grace-guolin-qigong.org\/index.php\/hopital-experimente-le-qi-gong-pour-soulager-les-effets-secondaires-des-traitements-du-cancer\/#breadcrumb"},"inLanguage":"fr-FR","potentialAction":[{"@type":"ReadAction","target":["https:\/\/grace-guolin-qigong.org\/index.php\/hopital-experimente-le-qi-gong-pour-soulager-les-effets-secondaires-des-traitements-du-cancer\/"]}]},{"@type":"BreadcrumbList","@id":"https:\/\/grace-guolin-qigong.org\/index.php\/hopital-experimente-le-qi-gong-pour-soulager-les-effets-secondaires-des-traitements-du-cancer\/#breadcrumb","itemListElement":[{"@type":"ListItem","position":1,"name":"Accueil","item":"https:\/\/grace-guolin-qigong.org\/"},{"@type":"ListItem","position":2,"name":"\u00ab\u00a0L\u2019h\u00f4pital exp\u00e9rimente le qi gong pour soulager les effets secondaires des traitements du cancer\u00a0\u00bb"}]},{"@type":"WebSite","@id":"https:\/\/grace-guolin-qigong.org\/#website","url":"https:\/\/grace-guolin-qigong.org\/","name":"GRACE","description":"","publisher":{"@id":"https:\/\/grace-guolin-qigong.org\/#organization"},"potentialAction":[{"@type":"SearchAction","target":{"@type":"EntryPoint","urlTemplate":"https:\/\/grace-guolin-qigong.org\/?s={search_term_string}"},"query-input":{"@type":"PropertyValueSpecification","valueRequired":true,"valueName":"search_term_string"}}],"inLanguage":"fr-FR"},{"@type":"Organization","@id":"https:\/\/grace-guolin-qigong.org\/#organization","name":"GRACE","url":"https:\/\/grace-guolin-qigong.org\/","logo":{"@type":"ImageObject","inLanguage":"fr-FR","@id":"https:\/\/grace-guolin-qigong.org\/#\/schema\/logo\/image\/","url":"https:\/\/grace-guolin-qigong.org\/wp-content\/uploads\/2023\/10\/logo-blanc-grace-video.jpg","contentUrl":"https:\/\/grace-guolin-qigong.org\/wp-content\/uploads\/2023\/10\/logo-blanc-grace-video.jpg","width":841,"height":595,"caption":"GRACE"},"image":{"@id":"https:\/\/grace-guolin-qigong.org\/#\/schema\/logo\/image\/"}}]}},"_links":{"self":[{"href":"https:\/\/grace-guolin-qigong.org\/index.php\/wp-json\/wp\/v2\/pages\/152","targetHints":{"allow":["GET"]}}],"collection":[{"href":"https:\/\/grace-guolin-qigong.org\/index.php\/wp-json\/wp\/v2\/pages"}],"about":[{"href":"https:\/\/grace-guolin-qigong.org\/index.php\/wp-json\/wp\/v2\/types\/page"}],"author":[{"embeddable":true,"href":"https:\/\/grace-guolin-qigong.org\/index.php\/wp-json\/wp\/v2\/users\/1"}],"replies":[{"embeddable":true,"href":"https:\/\/grace-guolin-qigong.org\/index.php\/wp-json\/wp\/v2\/comments?post=152"}],"version-history":[{"count":103,"href":"https:\/\/grace-guolin-qigong.org\/index.php\/wp-json\/wp\/v2\/pages\/152\/revisions"}],"predecessor-version":[{"id":2380,"href":"https:\/\/grace-guolin-qigong.org\/index.php\/wp-json\/wp\/v2\/pages\/152\/revisions\/2380"}],"wp:attachment":[{"href":"https:\/\/grace-guolin-qigong.org\/index.php\/wp-json\/wp\/v2\/media?parent=152"}],"curies":[{"name":"wp","href":"https:\/\/api.w.org\/{rel}","templated":true}]}}