{"id":1535,"date":"2024-04-24T08:20:20","date_gmt":"2024-04-24T06:20:20","guid":{"rendered":"https:\/\/grace-guolin-qigong.org\/?page_id=1535"},"modified":"2024-04-24T19:52:30","modified_gmt":"2024-04-24T17:52:30","slug":"association-leucemie-espoir-56","status":"publish","type":"page","link":"https:\/\/grace-guolin-qigong.org\/index.php\/association-leucemie-espoir-56\/","title":{"rendered":"Association Leuc\u00e9mie espoir 56"},"content":{"rendered":"\t\t<div data-elementor-type=\"wp-page\" data-elementor-id=\"1535\" class=\"elementor elementor-1535\">\n\t\t\t\t<div class=\"elementor-element elementor-element-a0fcf5c e-flex e-con-boxed e-con e-parent\" data-id=\"a0fcf5c\" data-element_type=\"container\">\n\t\t\t\t\t<div class=\"e-con-inner\">\n\t\t<div class=\"elementor-element elementor-element-3de8c8e e-con-full e-flex e-con e-child\" data-id=\"3de8c8e\" data-element_type=\"container\">\n\t\t\t\t<div class=\"elementor-element elementor-element-0d9f94d elementor-widget__width-initial elementor-widget elementor-widget-image\" data-id=\"0d9f94d\" data-element_type=\"widget\" data-widget_type=\"image.default\">\n\t\t\t\t<div class=\"elementor-widget-container\">\n\t\t\t\t\t\t\t\t\t\t\t\t\t<img fetchpriority=\"high\" decoding=\"async\" width=\"800\" height=\"739\" src=\"https:\/\/grace-guolin-qigong.org\/wp-content\/uploads\/2024\/04\/IMG_20240413.bretagne01-1-1024x946.jpg\" class=\"attachment-large size-large wp-image-1538\" alt=\"\" srcset=\"https:\/\/grace-guolin-qigong.org\/wp-content\/uploads\/2024\/04\/IMG_20240413.bretagne01-1-1024x946.jpg 1024w, https:\/\/grace-guolin-qigong.org\/wp-content\/uploads\/2024\/04\/IMG_20240413.bretagne01-1-300x277.jpg 300w, https:\/\/grace-guolin-qigong.org\/wp-content\/uploads\/2024\/04\/IMG_20240413.bretagne01-1-768x710.jpg 768w, https:\/\/grace-guolin-qigong.org\/wp-content\/uploads\/2024\/04\/IMG_20240413.bretagne01-1-1536x1419.jpg 1536w, https:\/\/grace-guolin-qigong.org\/wp-content\/uploads\/2024\/04\/IMG_20240413.bretagne01-1-2048x1892.jpg 2048w\" sizes=\"(max-width: 800px) 100vw, 800px\" \/>\t\t\t\t\t\t\t\t\t\t\t\t\t<\/div>\n\t\t\t\t<\/div>\n\t\t\t\t<\/div>\n\t\t<div class=\"elementor-element elementor-element-bf547b1 e-con-full e-flex e-con e-child\" data-id=\"bf547b1\" data-element_type=\"container\">\n\t\t\t\t<div class=\"elementor-element elementor-element-260560c elementor-widget elementor-widget-text-editor\" data-id=\"260560c\" data-element_type=\"widget\" data-widget_type=\"text-editor.default\">\n\t\t\t\t<div class=\"elementor-widget-container\">\n\t\t\t\t\t\t\t<div class=\"xdj266r x11i5rnm xat24cr x1mh8g0r x1vvkbs x126k92a\"><div dir=\"auto\"><div class=\"elementToProof\">Le 13\/04\/2024 pr\u00e9sentation de LIU Bingkai intitul\u00e9 : Rencontre Guolin Qigong et H\u00e9matologie pour l&rsquo;association Leuc\u00e9mie Espoir 56, Organis\u00e9 par Thuy Huyen NGUYEN, Infirmi\u00e8re \u00e0 Lorient, Introduction par le Docteur NORWOOD JAMES, h\u00e9matologue \u00e0 Lorient<\/div><div><a href=\"https:\/\/www.facebook.com\/permalink.php?story_fbid=464786502550295&amp;id=100070568467157&amp;ref=embed_post\">Lien vers la page facebook de cet \u00e9v\u00e9nement organis\u00e9 par l&rsquo;association Leuc\u00e9mie Espoir 56<\/a><\/div><\/div><div>\u00a0<\/div><\/div>\t\t\t\t\t\t<\/div>\n\t\t\t\t<\/div>\n\t\t\t\t<\/div>\n\t\t\t\t\t<\/div>\n\t\t\t\t<\/div>\n\t\t<div class=\"elementor-element elementor-element-bf246f2 e-flex e-con-boxed e-con e-parent\" data-id=\"bf246f2\" data-element_type=\"container\">\n\t\t\t\t\t<div class=\"e-con-inner\">\n\t\t<div class=\"elementor-element elementor-element-a1b9289 e-con-full e-flex e-con e-child\" data-id=\"a1b9289\" data-element_type=\"container\">\n\t\t\t\t<div class=\"elementor-element elementor-element-673fc03 elementor-widget__width-initial elementor-widget elementor-widget-image\" data-id=\"673fc03\" data-element_type=\"widget\" data-widget_type=\"image.default\">\n\t\t\t\t<div class=\"elementor-widget-container\">\n\t\t\t\t\t\t\t\t\t\t\t\t\t<img decoding=\"async\" width=\"800\" height=\"600\" src=\"https:\/\/grace-guolin-qigong.org\/wp-content\/uploads\/2024\/04\/IMG_20240413.bretagne02-1024x768.jpg\" class=\"attachment-large size-large wp-image-1539\" alt=\"\" srcset=\"https:\/\/grace-guolin-qigong.org\/wp-content\/uploads\/2024\/04\/IMG_20240413.bretagne02-1024x768.jpg 1024w, https:\/\/grace-guolin-qigong.org\/wp-content\/uploads\/2024\/04\/IMG_20240413.bretagne02-300x225.jpg 300w, https:\/\/grace-guolin-qigong.org\/wp-content\/uploads\/2024\/04\/IMG_20240413.bretagne02-768x576.jpg 768w, https:\/\/grace-guolin-qigong.org\/wp-content\/uploads\/2024\/04\/IMG_20240413.bretagne02-1536x1152.jpg 1536w, https:\/\/grace-guolin-qigong.org\/wp-content\/uploads\/2024\/04\/IMG_20240413.bretagne02-2048x1536.jpg 2048w\" sizes=\"(max-width: 800px) 100vw, 800px\" \/>\t\t\t\t\t\t\t\t\t\t\t\t\t<\/div>\n\t\t\t\t<\/div>\n\t\t\t\t<\/div>\n\t\t<div class=\"elementor-element elementor-element-36fea8f e-con-full e-flex e-con e-child\" data-id=\"36fea8f\" data-element_type=\"container\">\n\t\t\t\t<div class=\"elementor-element elementor-element-12c8996 elementor-widget elementor-widget-text-editor\" data-id=\"12c8996\" data-element_type=\"widget\" data-widget_type=\"text-editor.default\">\n\t\t\t\t<div class=\"elementor-widget-container\">\n\t\t\t\t\t\t\t<p class=\"elementToProof\">&nbsp; &nbsp; &nbsp; &nbsp; &nbsp; &nbsp;Salle de conf\u00e9rence du Centre Nautique de Kergu\u00e9len \u00e0 Lorient<\/p>\t\t\t\t\t\t<\/div>\n\t\t\t\t<\/div>\n\t\t\t\t<\/div>\n\t\t\t\t\t<\/div>\n\t\t\t\t<\/div>\n\t\t<div class=\"elementor-element elementor-element-eb455bb e-flex e-con-boxed e-con e-parent\" data-id=\"eb455bb\" data-element_type=\"container\">\n\t\t\t\t\t<div class=\"e-con-inner\">\n\t\t<div class=\"elementor-element elementor-element-5c2cd75 e-con-full e-flex e-con e-child\" data-id=\"5c2cd75\" data-element_type=\"container\">\n\t\t\t\t<div class=\"elementor-element elementor-element-fe7fdc6 elementor-widget__width-initial elementor-widget elementor-widget-image\" data-id=\"fe7fdc6\" data-element_type=\"widget\" data-widget_type=\"image.default\">\n\t\t\t\t<div class=\"elementor-widget-container\">\n\t\t\t\t\t\t\t\t\t\t\t\t\t<img decoding=\"async\" width=\"800\" height=\"549\" src=\"https:\/\/grace-guolin-qigong.org\/wp-content\/uploads\/2024\/04\/IMG_20240413.bretagne03-1024x703.jpg\" class=\"attachment-large size-large wp-image-1540\" alt=\"\" srcset=\"https:\/\/grace-guolin-qigong.org\/wp-content\/uploads\/2024\/04\/IMG_20240413.bretagne03-1024x703.jpg 1024w, https:\/\/grace-guolin-qigong.org\/wp-content\/uploads\/2024\/04\/IMG_20240413.bretagne03-300x206.jpg 300w, https:\/\/grace-guolin-qigong.org\/wp-content\/uploads\/2024\/04\/IMG_20240413.bretagne03-768x527.jpg 768w, https:\/\/grace-guolin-qigong.org\/wp-content\/uploads\/2024\/04\/IMG_20240413.bretagne03-1536x1054.jpg 1536w, https:\/\/grace-guolin-qigong.org\/wp-content\/uploads\/2024\/04\/IMG_20240413.bretagne03-2048x1406.jpg 2048w\" sizes=\"(max-width: 800px) 100vw, 800px\" \/>\t\t\t\t\t\t\t\t\t\t\t\t\t<\/div>\n\t\t\t\t<\/div>\n\t\t\t\t<\/div>\n\t\t<div class=\"elementor-element elementor-element-4cc6271 e-con-full e-flex e-con e-child\" data-id=\"4cc6271\" data-element_type=\"container\">\n\t\t\t\t<div class=\"elementor-element elementor-element-8685c83 elementor-widget elementor-widget-text-editor\" data-id=\"8685c83\" data-element_type=\"widget\" data-widget_type=\"text-editor.default\">\n\t\t\t\t<div class=\"elementor-widget-container\">\n\t\t\t\t\t\t\t<p class=\"elementToProof\">Les adh\u00e9rents de l&rsquo;association GRACE (\u00e0 partir de la gauche : 1\u00e8re personne Th\u00e9r\u00e8se, 2\u00e8me :Bing Kai, 4\u00e8me Thuy Huyen) et le bureau de l&rsquo;association Leuc\u00e9mie Espoir 56.<\/p>\t\t\t\t\t\t<\/div>\n\t\t\t\t<\/div>\n\t\t\t\t<\/div>\n\t\t\t\t\t<\/div>\n\t\t\t\t<\/div>\n\t\t<div class=\"elementor-element elementor-element-ed24a08 e-flex e-con-boxed e-con e-parent\" data-id=\"ed24a08\" data-element_type=\"container\">\n\t\t\t\t\t<div class=\"e-con-inner\">\n\t\t<div class=\"elementor-element elementor-element-d9d9abe e-con-full e-flex e-con e-child\" data-id=\"d9d9abe\" data-element_type=\"container\">\n\t\t\t\t<div class=\"elementor-element elementor-element-85541cc elementor-widget elementor-widget-image\" data-id=\"85541cc\" data-element_type=\"widget\" data-widget_type=\"image.default\">\n\t\t\t\t<div class=\"elementor-widget-container\">\n\t\t\t\t\t\t\t\t\t\t\t\t\t<img loading=\"lazy\" decoding=\"async\" width=\"768\" height=\"1024\" src=\"https:\/\/grace-guolin-qigong.org\/wp-content\/uploads\/2024\/04\/IMG_20240413.bretagne04-768x1024.jpeg\" class=\"attachment-large size-large wp-image-1607\" alt=\"\" srcset=\"https:\/\/grace-guolin-qigong.org\/wp-content\/uploads\/2024\/04\/IMG_20240413.bretagne04-768x1024.jpeg 768w, https:\/\/grace-guolin-qigong.org\/wp-content\/uploads\/2024\/04\/IMG_20240413.bretagne04-225x300.jpeg 225w, https:\/\/grace-guolin-qigong.org\/wp-content\/uploads\/2024\/04\/IMG_20240413.bretagne04-1152x1536.jpeg 1152w, https:\/\/grace-guolin-qigong.org\/wp-content\/uploads\/2024\/04\/IMG_20240413.bretagne04.jpeg 1200w\" sizes=\"(max-width: 768px) 100vw, 768px\" \/>\t\t\t\t\t\t\t\t\t\t\t\t\t<\/div>\n\t\t\t\t<\/div>\n\t\t\t\t<\/div>\n\t\t<div class=\"elementor-element elementor-element-2176b41 e-con-full e-flex e-con e-child\" data-id=\"2176b41\" data-element_type=\"container\">\n\t\t\t\t<div class=\"elementor-element elementor-element-d248a1a elementor-widget elementor-widget-image\" data-id=\"d248a1a\" data-element_type=\"widget\" data-widget_type=\"image.default\">\n\t\t\t\t<div class=\"elementor-widget-container\">\n\t\t\t\t\t\t\t\t\t\t\t\t\t<img loading=\"lazy\" decoding=\"async\" width=\"768\" height=\"1024\" src=\"https:\/\/grace-guolin-qigong.org\/wp-content\/uploads\/2024\/04\/IMG_20240413.bretagne05-768x1024.jpeg\" class=\"attachment-large size-large wp-image-1608\" alt=\"\" srcset=\"https:\/\/grace-guolin-qigong.org\/wp-content\/uploads\/2024\/04\/IMG_20240413.bretagne05-768x1024.jpeg 768w, https:\/\/grace-guolin-qigong.org\/wp-content\/uploads\/2024\/04\/IMG_20240413.bretagne05-225x300.jpeg 225w, https:\/\/grace-guolin-qigong.org\/wp-content\/uploads\/2024\/04\/IMG_20240413.bretagne05-1152x1536.jpeg 1152w, https:\/\/grace-guolin-qigong.org\/wp-content\/uploads\/2024\/04\/IMG_20240413.bretagne05.jpeg 1200w\" sizes=\"(max-width: 768px) 100vw, 768px\" \/>\t\t\t\t\t\t\t\t\t\t\t\t\t<\/div>\n\t\t\t\t<\/div>\n\t\t\t\t<\/div>\n\t\t<div class=\"elementor-element elementor-element-56ab01e e-con-full e-flex e-con e-child\" data-id=\"56ab01e\" data-element_type=\"container\">\n\t\t\t\t<div class=\"elementor-element elementor-element-ac6a4d6 elementor-widget elementor-widget-text-editor\" data-id=\"ac6a4d6\" data-element_type=\"widget\" data-widget_type=\"text-editor.default\">\n\t\t\t\t<div class=\"elementor-widget-container\">\n\t\t\t\t\t\t\t<p>Atelier de marche Guo Lin dirig\u00e9 par le Dr Bing Kai LIU\u00a0<\/p>\t\t\t\t\t\t<\/div>\n\t\t\t\t<\/div>\n\t\t\t\t<\/div>\n\t\t\t\t\t<\/div>\n\t\t\t\t<\/div>\n\t\t\t\t<\/div>\n\t\t","protected":false},"excerpt":{"rendered":"<p>Le 13\/04\/2024 pr\u00e9sentation de LIU Bingkai intitul\u00e9 : Rencontre Guolin Qigong et H\u00e9matologie pour l&rsquo;association Leuc\u00e9mie Espoir 56, Organis\u00e9 par Thuy Huyen NGUYEN, Infirmi\u00e8re \u00e0 Lorient, Introduction par le Docteur NORWOOD JAMES, h\u00e9matologue \u00e0 LorientLien vers la page facebook de cet \u00e9v\u00e9nement organis\u00e9 par l&rsquo;association Leuc\u00e9mie Espoir 56\u00a0 &nbsp; &nbsp; &nbsp; &nbsp; &nbsp; &nbsp;Salle de [&hellip;]<\/p>\n","protected":false},"author":1,"featured_media":0,"parent":0,"menu_order":0,"comment_status":"closed","ping_status":"closed","template":"","meta":{"_monsterinsights_skip_tracking":false,"_monsterinsights_sitenote_active":false,"_monsterinsights_sitenote_note":"","_monsterinsights_sitenote_category":0,"_uf_show_specific_survey":0,"_uf_disable_surveys":false,"footnotes":""},"class_list":["post-1535","page","type-page","status-publish","hentry"],"aioseo_notices":[],"yoast_head":"<!-- This site is optimized with the Yoast SEO plugin v27.2 - https:\/\/yoast.com\/product\/yoast-seo-wordpress\/ -->\n<title>Association Leuc\u00e9mie espoir 56 - GRACE<\/title>\n<meta name=\"robots\" content=\"index, follow, max-snippet:-1, max-image-preview:large, max-video-preview:-1\" \/>\n<link rel=\"canonical\" href=\"https:\/\/grace-guolin-qigong.org\/index.php\/association-leucemie-espoir-56\/\" \/>\n<meta property=\"og:locale\" content=\"fr_FR\" \/>\n<meta property=\"og:type\" content=\"article\" \/>\n<meta property=\"og:title\" content=\"Association Leuc\u00e9mie espoir 56 - GRACE\" \/>\n<meta property=\"og:description\" content=\"Le 13\/04\/2024 pr\u00e9sentation de LIU Bingkai intitul\u00e9 : Rencontre Guolin Qigong et H\u00e9matologie pour l&rsquo;association Leuc\u00e9mie Espoir 56, Organis\u00e9 par Thuy Huyen NGUYEN, Infirmi\u00e8re \u00e0 Lorient, Introduction par le Docteur NORWOOD JAMES, h\u00e9matologue \u00e0 LorientLien vers la page facebook de cet \u00e9v\u00e9nement organis\u00e9 par l&rsquo;association Leuc\u00e9mie Espoir 56\u00a0 &nbsp; &nbsp; &nbsp; &nbsp; &nbsp; &nbsp;Salle de [&hellip;]\" \/>\n<meta property=\"og:url\" content=\"https:\/\/grace-guolin-qigong.org\/index.php\/association-leucemie-espoir-56\/\" \/>\n<meta property=\"og:site_name\" content=\"GRACE\" \/>\n<meta property=\"article:modified_time\" content=\"2024-04-24T17:52:30+00:00\" \/>\n<meta property=\"og:image\" content=\"http:\/\/grace-guolin-qigong.org\/wp-content\/uploads\/2024\/04\/IMG_20240413.bretagne01-1-1024x946.jpg\" \/>\n<meta name=\"twitter:card\" content=\"summary_large_image\" \/>\n<meta name=\"twitter:label1\" content=\"Dur\u00e9e de lecture estim\u00e9e\" \/>\n\t<meta name=\"twitter:data1\" content=\"1 minute\" \/>\n<script type=\"application\/ld+json\" class=\"yoast-schema-graph\">{\"@context\":\"https:\/\/schema.org\",\"@graph\":[{\"@type\":\"WebPage\",\"@id\":\"https:\/\/grace-guolin-qigong.org\/index.php\/association-leucemie-espoir-56\/\",\"url\":\"https:\/\/grace-guolin-qigong.org\/index.php\/association-leucemie-espoir-56\/\",\"name\":\"Association Leuc\u00e9mie espoir 56 - GRACE\",\"isPartOf\":{\"@id\":\"https:\/\/grace-guolin-qigong.org\/#website\"},\"primaryImageOfPage\":{\"@id\":\"https:\/\/grace-guolin-qigong.org\/index.php\/association-leucemie-espoir-56\/#primaryimage\"},\"image\":{\"@id\":\"https:\/\/grace-guolin-qigong.org\/index.php\/association-leucemie-espoir-56\/#primaryimage\"},\"thumbnailUrl\":\"http:\/\/grace-guolin-qigong.org\/wp-content\/uploads\/2024\/04\/IMG_20240413.bretagne01-1-1024x946.jpg\",\"datePublished\":\"2024-04-24T06:20:20+00:00\",\"dateModified\":\"2024-04-24T17:52:30+00:00\",\"breadcrumb\":{\"@id\":\"https:\/\/grace-guolin-qigong.org\/index.php\/association-leucemie-espoir-56\/#breadcrumb\"},\"inLanguage\":\"fr-FR\",\"potentialAction\":[{\"@type\":\"ReadAction\",\"target\":[\"https:\/\/grace-guolin-qigong.org\/index.php\/association-leucemie-espoir-56\/\"]}]},{\"@type\":\"ImageObject\",\"inLanguage\":\"fr-FR\",\"@id\":\"https:\/\/grace-guolin-qigong.org\/index.php\/association-leucemie-espoir-56\/#primaryimage\",\"url\":\"https:\/\/grace-guolin-qigong.org\/wp-content\/uploads\/2024\/04\/IMG_20240413.bretagne01-1.jpg\",\"contentUrl\":\"https:\/\/grace-guolin-qigong.org\/wp-content\/uploads\/2024\/04\/IMG_20240413.bretagne01-1.jpg\",\"width\":2341,\"height\":2163,\"caption\":\"rhdr\"},{\"@type\":\"BreadcrumbList\",\"@id\":\"https:\/\/grace-guolin-qigong.org\/index.php\/association-leucemie-espoir-56\/#breadcrumb\",\"itemListElement\":[{\"@type\":\"ListItem\",\"position\":1,\"name\":\"Accueil\",\"item\":\"https:\/\/grace-guolin-qigong.org\/\"},{\"@type\":\"ListItem\",\"position\":2,\"name\":\"Association Leuc\u00e9mie espoir 56\"}]},{\"@type\":\"WebSite\",\"@id\":\"https:\/\/grace-guolin-qigong.org\/#website\",\"url\":\"https:\/\/grace-guolin-qigong.org\/\",\"name\":\"GRACE\",\"description\":\"\",\"publisher\":{\"@id\":\"https:\/\/grace-guolin-qigong.org\/#organization\"},\"potentialAction\":[{\"@type\":\"SearchAction\",\"target\":{\"@type\":\"EntryPoint\",\"urlTemplate\":\"https:\/\/grace-guolin-qigong.org\/?s={search_term_string}\"},\"query-input\":{\"@type\":\"PropertyValueSpecification\",\"valueRequired\":true,\"valueName\":\"search_term_string\"}}],\"inLanguage\":\"fr-FR\"},{\"@type\":\"Organization\",\"@id\":\"https:\/\/grace-guolin-qigong.org\/#organization\",\"name\":\"GRACE\",\"url\":\"https:\/\/grace-guolin-qigong.org\/\",\"logo\":{\"@type\":\"ImageObject\",\"inLanguage\":\"fr-FR\",\"@id\":\"https:\/\/grace-guolin-qigong.org\/#\/schema\/logo\/image\/\",\"url\":\"https:\/\/grace-guolin-qigong.org\/wp-content\/uploads\/2023\/10\/logo-blanc-grace-video.jpg\",\"contentUrl\":\"https:\/\/grace-guolin-qigong.org\/wp-content\/uploads\/2023\/10\/logo-blanc-grace-video.jpg\",\"width\":841,\"height\":595,\"caption\":\"GRACE\"},\"image\":{\"@id\":\"https:\/\/grace-guolin-qigong.org\/#\/schema\/logo\/image\/\"}}]}<\/script>\n<!-- \/ Yoast SEO plugin. -->","yoast_head_json":{"title":"Association Leuc\u00e9mie espoir 56 - GRACE","robots":{"index":"index","follow":"follow","max-snippet":"max-snippet:-1","max-image-preview":"max-image-preview:large","max-video-preview":"max-video-preview:-1"},"canonical":"https:\/\/grace-guolin-qigong.org\/index.php\/association-leucemie-espoir-56\/","og_locale":"fr_FR","og_type":"article","og_title":"Association Leuc\u00e9mie espoir 56 - GRACE","og_description":"Le 13\/04\/2024 pr\u00e9sentation de LIU Bingkai intitul\u00e9 : Rencontre Guolin Qigong et H\u00e9matologie pour l&rsquo;association Leuc\u00e9mie Espoir 56, Organis\u00e9 par Thuy Huyen NGUYEN, Infirmi\u00e8re \u00e0 Lorient, Introduction par le Docteur NORWOOD JAMES, h\u00e9matologue \u00e0 LorientLien vers la page facebook de cet \u00e9v\u00e9nement organis\u00e9 par l&rsquo;association Leuc\u00e9mie Espoir 56\u00a0 &nbsp; &nbsp; &nbsp; &nbsp; &nbsp; &nbsp;Salle de [&hellip;]","og_url":"https:\/\/grace-guolin-qigong.org\/index.php\/association-leucemie-espoir-56\/","og_site_name":"GRACE","article_modified_time":"2024-04-24T17:52:30+00:00","og_image":[{"url":"http:\/\/grace-guolin-qigong.org\/wp-content\/uploads\/2024\/04\/IMG_20240413.bretagne01-1-1024x946.jpg","type":"","width":"","height":""}],"twitter_card":"summary_large_image","twitter_misc":{"Dur\u00e9e de lecture estim\u00e9e":"1 minute"},"schema":{"@context":"https:\/\/schema.org","@graph":[{"@type":"WebPage","@id":"https:\/\/grace-guolin-qigong.org\/index.php\/association-leucemie-espoir-56\/","url":"https:\/\/grace-guolin-qigong.org\/index.php\/association-leucemie-espoir-56\/","name":"Association Leuc\u00e9mie espoir 56 - GRACE","isPartOf":{"@id":"https:\/\/grace-guolin-qigong.org\/#website"},"primaryImageOfPage":{"@id":"https:\/\/grace-guolin-qigong.org\/index.php\/association-leucemie-espoir-56\/#primaryimage"},"image":{"@id":"https:\/\/grace-guolin-qigong.org\/index.php\/association-leucemie-espoir-56\/#primaryimage"},"thumbnailUrl":"http:\/\/grace-guolin-qigong.org\/wp-content\/uploads\/2024\/04\/IMG_20240413.bretagne01-1-1024x946.jpg","datePublished":"2024-04-24T06:20:20+00:00","dateModified":"2024-04-24T17:52:30+00:00","breadcrumb":{"@id":"https:\/\/grace-guolin-qigong.org\/index.php\/association-leucemie-espoir-56\/#breadcrumb"},"inLanguage":"fr-FR","potentialAction":[{"@type":"ReadAction","target":["https:\/\/grace-guolin-qigong.org\/index.php\/association-leucemie-espoir-56\/"]}]},{"@type":"ImageObject","inLanguage":"fr-FR","@id":"https:\/\/grace-guolin-qigong.org\/index.php\/association-leucemie-espoir-56\/#primaryimage","url":"https:\/\/grace-guolin-qigong.org\/wp-content\/uploads\/2024\/04\/IMG_20240413.bretagne01-1.jpg","contentUrl":"https:\/\/grace-guolin-qigong.org\/wp-content\/uploads\/2024\/04\/IMG_20240413.bretagne01-1.jpg","width":2341,"height":2163,"caption":"rhdr"},{"@type":"BreadcrumbList","@id":"https:\/\/grace-guolin-qigong.org\/index.php\/association-leucemie-espoir-56\/#breadcrumb","itemListElement":[{"@type":"ListItem","position":1,"name":"Accueil","item":"https:\/\/grace-guolin-qigong.org\/"},{"@type":"ListItem","position":2,"name":"Association Leuc\u00e9mie espoir 56"}]},{"@type":"WebSite","@id":"https:\/\/grace-guolin-qigong.org\/#website","url":"https:\/\/grace-guolin-qigong.org\/","name":"GRACE","description":"","publisher":{"@id":"https:\/\/grace-guolin-qigong.org\/#organization"},"potentialAction":[{"@type":"SearchAction","target":{"@type":"EntryPoint","urlTemplate":"https:\/\/grace-guolin-qigong.org\/?s={search_term_string}"},"query-input":{"@type":"PropertyValueSpecification","valueRequired":true,"valueName":"search_term_string"}}],"inLanguage":"fr-FR"},{"@type":"Organization","@id":"https:\/\/grace-guolin-qigong.org\/#organization","name":"GRACE","url":"https:\/\/grace-guolin-qigong.org\/","logo":{"@type":"ImageObject","inLanguage":"fr-FR","@id":"https:\/\/grace-guolin-qigong.org\/#\/schema\/logo\/image\/","url":"https:\/\/grace-guolin-qigong.org\/wp-content\/uploads\/2023\/10\/logo-blanc-grace-video.jpg","contentUrl":"https:\/\/grace-guolin-qigong.org\/wp-content\/uploads\/2023\/10\/logo-blanc-grace-video.jpg","width":841,"height":595,"caption":"GRACE"},"image":{"@id":"https:\/\/grace-guolin-qigong.org\/#\/schema\/logo\/image\/"}}]}},"_links":{"self":[{"href":"https:\/\/grace-guolin-qigong.org\/index.php\/wp-json\/wp\/v2\/pages\/1535","targetHints":{"allow":["GET"]}}],"collection":[{"href":"https:\/\/grace-guolin-qigong.org\/index.php\/wp-json\/wp\/v2\/pages"}],"about":[{"href":"https:\/\/grace-guolin-qigong.org\/index.php\/wp-json\/wp\/v2\/types\/page"}],"author":[{"embeddable":true,"href":"https:\/\/grace-guolin-qigong.org\/index.php\/wp-json\/wp\/v2\/users\/1"}],"replies":[{"embeddable":true,"href":"https:\/\/grace-guolin-qigong.org\/index.php\/wp-json\/wp\/v2\/comments?post=1535"}],"version-history":[{"count":79,"href":"https:\/\/grace-guolin-qigong.org\/index.php\/wp-json\/wp\/v2\/pages\/1535\/revisions"}],"predecessor-version":[{"id":1623,"href":"https:\/\/grace-guolin-qigong.org\/index.php\/wp-json\/wp\/v2\/pages\/1535\/revisions\/1623"}],"wp:attachment":[{"href":"https:\/\/grace-guolin-qigong.org\/index.php\/wp-json\/wp\/v2\/media?parent=1535"}],"curies":[{"name":"wp","href":"https:\/\/api.w.org\/{rel}","templated":true}]}}