{"id":1853,"date":"2024-06-04T10:34:31","date_gmt":"2024-06-04T08:34:31","guid":{"rendered":"https:\/\/grace-guolin-qigong.org\/?page_id=1853"},"modified":"2026-03-22T17:42:19","modified_gmt":"2026-03-22T16:42:19","slug":"stage-methode-baton-a-la-main-du-guo-lin-qi-gong-week-end-a-paris","status":"publish","type":"page","link":"https:\/\/grace-guolin-qigong.org\/index.php\/stage-methode-baton-a-la-main-du-guo-lin-qi-gong-week-end-a-paris\/","title":{"rendered":"Stage de Guo Lin Qi Gong \u00e0 Paris sur un week-end : M\u00e9thode du B\u00e2ton \u00e0 la Main"},"content":{"rendered":"\t\t<div data-elementor-type=\"wp-page\" data-elementor-id=\"1853\" class=\"elementor elementor-1853\">\n\t\t\t\t<div class=\"elementor-element elementor-element-5f5a13f e-flex e-con-boxed e-con e-parent\" data-id=\"5f5a13f\" data-element_type=\"container\">\n\t\t\t\t\t<div class=\"e-con-inner\">\n\t\t\t\t<div class=\"elementor-element elementor-element-1c6058f elementor-widget elementor-widget-video\" data-id=\"1c6058f\" data-element_type=\"widget\" data-settings=\"{&quot;youtube_url&quot;:&quot;https:\\\/\\\/youtu.be\\\/-G_qSM5iaRU&quot;,&quot;video_type&quot;:&quot;youtube&quot;,&quot;controls&quot;:&quot;yes&quot;}\" data-widget_type=\"video.default\">\n\t\t\t\t<div class=\"elementor-widget-container\">\n\t\t\t\t\t<div class=\"elementor-wrapper elementor-open-inline\">\n\t\t\t<div class=\"elementor-video\"><\/div>\t\t<\/div>\n\t\t\t\t<\/div>\n\t\t\t\t<\/div>\n\t\t\t\t\t<\/div>\n\t\t\t\t<\/div>\n\t\t<div class=\"elementor-element elementor-element-006d19f e-flex e-con-boxed e-con e-parent\" data-id=\"006d19f\" data-element_type=\"container\">\n\t\t\t\t\t<div class=\"e-con-inner\">\n\t\t\t\t<div class=\"elementor-element elementor-element-cf49bd8 elementor-widget elementor-widget-text-editor\" data-id=\"cf49bd8\" data-element_type=\"widget\" data-widget_type=\"text-editor.default\">\n\t\t\t\t<div class=\"elementor-widget-container\">\n\t\t\t\t\t\t\t<p><strong>Afin de vous soutenir dans l\u2019apprentissage du Guo Lin Qi Gong et de vous permettre d\u2019approfondir certaines techniques, nous avons la joie de vous annoncer l\u2019organisation d\u2019un stage \u00e0 Paris, le temps d\u2019un week-end :<\/strong><\/p><h3>La M\u00e9thode : \u00ab Le B\u00e2ton \u00e0 la Main \u00bb<\/h3><p>\ud83d\uddd3\ufe0f <strong>Dates<\/strong> : Samedi 11 avril et Dimanche 12 mars 2026<br \/>\ud83d\udccd <strong>Lieu<\/strong> : <a href=\"https:\/\/www.aphp.fr\/contenu\/plateforme-de-soins-oncologiques-de-support-de-lhopital-tenon-un-atout-pour-la-patients\">Plateforme de soins oncologiques de support de l&rsquo;h\u00f4pital Tenon<\/a>, b\u00e2timent Proust, secteur orange, porte 20, 5\u00e8me \u00e9tage, 4 rue de Chine, 75020 Paris. M\u00e9tro Gambetta<\/p><h3>Horaires<\/h3><ul><li><strong>Matin<\/strong> : 10h \u2013 12h30<\/li><li><strong>Apr\u00e8s-midi<\/strong> : 14h30 \u2013 17h<\/li><\/ul><h3>Animateurs<\/h3><ul><li><strong>Samedi<\/strong> : Sarah, Marc, Philippe (secr\u00e9taire)<\/li><li><strong>Dimanche<\/strong> : Sarah, Marc, Philippe (secr\u00e9taire)<\/li><\/ul><h3>Tarifs<\/h3><ul><li><strong>Non-adh\u00e9rent<\/strong> : 150 \u20ac pour les deux jours<\/li><li><strong>Adh\u00e9rent<\/strong> : 120 \u20ac pour les deux jours<br \/>\ud83d\udccc <strong>L\u2019adh\u00e9sion 2025 est de 25 \u20ac.<\/strong><\/li><\/ul><h3>Repas<\/h3><p>Pour le d\u00e9jeuner, deux options s\u2019offrent \u00e0 vous :<\/p><ol><li>Apportez des encas et de l\u2019eau.<\/li><li>D\u00e9jeunez avec le groupe dans un restaurant (merci de pr\u00e9ciser votre choix lors de votre inscription).<\/li><\/ol><h3>Inscription<\/h3><p>Vous pouvez d\u00e8s \u00e0 pr\u00e9sent vous inscrire en pr\u00e9cisant :<br \/><strong>Comment souhaitez-vous d\u00e9jeuner \u00e0 midi ?<\/strong> (Vous apportez votre repas ou bien vous irez avec ceux qui le souhaitent au restaurant.)<\/p><h2>T\u00e9moignages<\/h2><h5>Catherine C.<\/h5><p>\u00ab Je ne connaissais pas du tout, et j\u2019ai constat\u00e9 que cette premi\u00e8re pratique m\u2019a apport\u00e9 un bienfait du fait de la circulation du qi. \u00bb<\/p><h5>Clotilde B.<\/h5><p>\u00ab J\u2019ai appr\u00e9ci\u00e9 la bonne ambiance, le calme et la simplicit\u00e9. \u00bb<\/p><h5>Elena T.A.<\/h5><p>\u00ab Ce stage consacr\u00e9 \u00e0 une seule m\u00e9thode permet de mieux approfondir la pratique. \u00bb<br \/>\u00ab J\u2019ai bien aim\u00e9 la structure du stage : d\u00e9marrer avec la partie th\u00e9orique, apr\u00e8s se concentrer sur l\u2019apprentissage, et finir par un r\u00e9capitulatif th\u00e9orique. \u00bb<\/p><h5>Georges B.<\/h5><p>\u00ab La disponibilit\u00e9, l\u2019\u00e9coute, la qualification de toute l\u2019\u00e9quipe p\u00e9dagogique. \u00bb<\/p><h5>Hedwige M.<\/h5><p>\u00ab J\u2019ai appr\u00e9ci\u00e9 les temps de rencontre, les temps de d\u00e9jeuner, les liens qui se cr\u00e9ent entre nous. \u00bb<br \/>\u00ab D\u00e9cortiquer la m\u00e9thode exercice par exercice a \u00e9t\u00e9 tr\u00e8s pr\u00e9cieux\u2026 je d\u00e9sire l\u2019int\u00e9grer \u00e0 ma pratique progressivement. \u00bb<\/p><h5>Jacques G.<\/h5><p>\u00ab J\u2019ai appr\u00e9ci\u00e9 l\u2019implication de l\u2019\u00e9quipe de GRACE, l\u2019accueil du Dr Bingkai Liu et la ma\u00eetrise de la discipline par ses enseignants. \u00bb<\/p><h5>Sarah B.<\/h5><p>\u00ab La m\u00e9thode du b\u00e2ton stimule mon corps de fa\u00e7on diff\u00e9rente des marches. Elle me permet de corriger ma posture et d\u2019augmenter ma concentration. \u00bb<br \/>\u00ab L\u2019\u00e9quipe enseignante s\u2019adapte aux besoins des participants lors de la pratique. \u00bb<\/p><h5>Solen D.B.<\/h5><p>\u00ab J\u2019ai appr\u00e9ci\u00e9 la pr\u00e9sence de trois encadrants diff\u00e9rents. \u00bb<br \/>\u00ab J\u2019ai appr\u00e9ci\u00e9 l\u2019intervention de Bingkai sur la partie de l\u2019origine et le but de la pratique, la th\u00e9orie. \u00bb<\/p><h5>V\u00e9ronique G.<\/h5><p>\u00ab En d\u00e9veloppant la technique du b\u00e2ton, j\u2019ai appris \u00e0 ressentir plus int\u00e9rieurement les mouvements et leur impact. \u00bb<\/p>\t\t\t\t\t\t<\/div>\n\t\t\t\t<\/div>\n\t\t\t\t\t<\/div>\n\t\t\t\t<\/div>\n\t\t<div class=\"elementor-element elementor-element-c08708a e-flex e-con-boxed e-con e-parent\" data-id=\"c08708a\" data-element_type=\"container\">\n\t\t\t\t\t<div class=\"e-con-inner\">\n\t\t\t\t<div class=\"elementor-element elementor-element-fd9718c elementor-widget elementor-widget-button\" data-id=\"fd9718c\" data-element_type=\"widget\" data-widget_type=\"button.default\">\n\t\t\t\t<div class=\"elementor-widget-container\">\n\t\t\t\t\t<div class=\"elementor-button-wrapper\">\n\t\t\t<a class=\"elementor-button elementor-button-link elementor-size-sm\" href=\"https:\/\/grace-guolin-qigong.org\/index.php\/contact\/\">\n\t\t\t\t\t\t<span class=\"elementor-button-content-wrapper\">\n\t\t\t\t\t\t\t\t\t<span class=\"elementor-button-text\">Cliquez ici pour l'inscription<\/span>\n\t\t\t\t\t<\/span>\n\t\t\t\t\t<\/a>\n\t\t<\/div>\n\t\t\t\t<\/div>\n\t\t\t\t<\/div>\n\t\t\t\t\t<\/div>\n\t\t\t\t<\/div>\n\t\t<div class=\"elementor-element elementor-element-51892f3 e-flex e-con-boxed e-con e-parent\" data-id=\"51892f3\" data-element_type=\"container\">\n\t\t\t\t\t<div class=\"e-con-inner\">\n\t\t\t\t<div class=\"elementor-element elementor-element-bad3b5d elementor-widget elementor-widget-button\" data-id=\"bad3b5d\" data-element_type=\"widget\" data-widget_type=\"button.default\">\n\t\t\t\t<div class=\"elementor-widget-container\">\n\t\t\t\t\t<div class=\"elementor-button-wrapper\">\n\t\t\t<a class=\"elementor-button elementor-button-link elementor-size-sm\" href=\"https:\/\/grace-guolin-qigong.org\/index.php\/adhesion-a-lassociation-grace\/\">\n\t\t\t\t\t\t<span class=\"elementor-button-content-wrapper\">\n\t\t\t\t\t\t\t\t\t<span class=\"elementor-button-text\">Cliquez ici pour l'adh\u00e9sion<\/span>\n\t\t\t\t\t<\/span>\n\t\t\t\t\t<\/a>\n\t\t<\/div>\n\t\t\t\t<\/div>\n\t\t\t\t<\/div>\n\t\t\t\t\t<\/div>\n\t\t\t\t<\/div>\n\t\t\t\t<\/div>\n\t\t","protected":false},"excerpt":{"rendered":"<p>Participez au stage de Guo Lin Qi Gong \u00e0 Paris les 8 et 9 mars 2025 pour apprendre la \u00ab\u00a0M\u00e9thode du B\u00e2ton \u00e0 la Main\u00a0\u00bb. Ce week-end intensif, anim\u00e9 par des experts, vous permettra d&rsquo;approfondir cette pratique b\u00e9n\u00e9fique pour la sant\u00e9. Tarif : 150 \u20ac pour les non-adh\u00e9rents, 120 \u20ac pour les adh\u00e9rents (adh\u00e9sion annuelle : 25 \u20ac).<\/p>\n","protected":false},"author":1,"featured_media":0,"parent":0,"menu_order":0,"comment_status":"closed","ping_status":"closed","template":"","meta":{"_monsterinsights_skip_tracking":false,"_monsterinsights_sitenote_active":false,"_monsterinsights_sitenote_note":"","_monsterinsights_sitenote_category":0,"_uf_show_specific_survey":0,"_uf_disable_surveys":false,"footnotes":""},"class_list":["post-1853","page","type-page","status-publish","hentry"],"aioseo_notices":[],"yoast_head":"<!-- This site is optimized with the Yoast SEO plugin v27.2 - https:\/\/yoast.com\/product\/yoast-seo-wordpress\/ -->\n<title>Stage de Guo Lin Qi Gong \u00e0 Paris sur un week-end : M\u00e9thode du B\u00e2ton \u00e0 la Main - GRACE<\/title>\n<meta name=\"description\" content=\"Participez au stage de Guo Lin Qi Gong \u00e0 Paris les 8 et 9 mars 2025 pour apprendre la \u00ab\u00a0M\u00e9thode du B\u00e2ton \u00e0 la Main\u00a0\u00bb. Ce week-end intensif, anim\u00e9 par des experts, vous permettra d&#039;approfondir cette pratique b\u00e9n\u00e9fique pour la sant\u00e9. Tarif : 150 \u20ac pour les non-adh\u00e9rents, 120 \u20ac pour les adh\u00e9rents (adh\u00e9sion annuelle : 25 \u20ac).\" \/>\n<meta name=\"robots\" content=\"index, follow, max-snippet:-1, max-image-preview:large, max-video-preview:-1\" \/>\n<link rel=\"canonical\" href=\"https:\/\/grace-guolin-qigong.org\/index.php\/stage-methode-baton-a-la-main-du-guo-lin-qi-gong-week-end-a-paris\/\" \/>\n<meta property=\"og:locale\" content=\"fr_FR\" \/>\n<meta property=\"og:type\" content=\"article\" \/>\n<meta property=\"og:title\" content=\"Stage de Guo Lin Qi Gong \u00e0 Paris sur un week-end : M\u00e9thode du B\u00e2ton \u00e0 la Main - GRACE\" \/>\n<meta property=\"og:description\" content=\"Participez au stage de Guo Lin Qi Gong \u00e0 Paris les 8 et 9 mars 2025 pour apprendre la \u00ab\u00a0M\u00e9thode du B\u00e2ton \u00e0 la Main\u00a0\u00bb. Ce week-end intensif, anim\u00e9 par des experts, vous permettra d&#039;approfondir cette pratique b\u00e9n\u00e9fique pour la sant\u00e9. Tarif : 150 \u20ac pour les non-adh\u00e9rents, 120 \u20ac pour les adh\u00e9rents (adh\u00e9sion annuelle : 25 \u20ac).\" \/>\n<meta property=\"og:url\" content=\"https:\/\/grace-guolin-qigong.org\/index.php\/stage-methode-baton-a-la-main-du-guo-lin-qi-gong-week-end-a-paris\/\" \/>\n<meta property=\"og:site_name\" content=\"GRACE\" \/>\n<meta property=\"article:modified_time\" content=\"2026-03-22T16:42:19+00:00\" \/>\n<meta name=\"twitter:card\" content=\"summary_large_image\" \/>\n<meta name=\"twitter:label1\" content=\"Dur\u00e9e de lecture estim\u00e9e\" \/>\n\t<meta name=\"twitter:data1\" content=\"3 minutes\" \/>\n<script type=\"application\/ld+json\" class=\"yoast-schema-graph\">{\"@context\":\"https:\/\/schema.org\",\"@graph\":[{\"@type\":\"WebPage\",\"@id\":\"https:\/\/grace-guolin-qigong.org\/index.php\/stage-methode-baton-a-la-main-du-guo-lin-qi-gong-week-end-a-paris\/\",\"url\":\"https:\/\/grace-guolin-qigong.org\/index.php\/stage-methode-baton-a-la-main-du-guo-lin-qi-gong-week-end-a-paris\/\",\"name\":\"Stage de Guo Lin Qi Gong \u00e0 Paris sur un week-end : M\u00e9thode du B\u00e2ton \u00e0 la Main - GRACE\",\"isPartOf\":{\"@id\":\"https:\/\/grace-guolin-qigong.org\/#website\"},\"datePublished\":\"2024-06-04T08:34:31+00:00\",\"dateModified\":\"2026-03-22T16:42:19+00:00\",\"description\":\"Participez au stage de Guo Lin Qi Gong \u00e0 Paris les 8 et 9 mars 2025 pour apprendre la \u00ab\u00a0M\u00e9thode du B\u00e2ton \u00e0 la Main\u00a0\u00bb. Ce week-end intensif, anim\u00e9 par des experts, vous permettra d'approfondir cette pratique b\u00e9n\u00e9fique pour la sant\u00e9. Tarif : 150 \u20ac pour les non-adh\u00e9rents, 120 \u20ac pour les adh\u00e9rents (adh\u00e9sion annuelle : 25 \u20ac).\",\"breadcrumb\":{\"@id\":\"https:\/\/grace-guolin-qigong.org\/index.php\/stage-methode-baton-a-la-main-du-guo-lin-qi-gong-week-end-a-paris\/#breadcrumb\"},\"inLanguage\":\"fr-FR\",\"potentialAction\":[{\"@type\":\"ReadAction\",\"target\":[\"https:\/\/grace-guolin-qigong.org\/index.php\/stage-methode-baton-a-la-main-du-guo-lin-qi-gong-week-end-a-paris\/\"]}]},{\"@type\":\"BreadcrumbList\",\"@id\":\"https:\/\/grace-guolin-qigong.org\/index.php\/stage-methode-baton-a-la-main-du-guo-lin-qi-gong-week-end-a-paris\/#breadcrumb\",\"itemListElement\":[{\"@type\":\"ListItem\",\"position\":1,\"name\":\"Accueil\",\"item\":\"https:\/\/grace-guolin-qigong.org\/\"},{\"@type\":\"ListItem\",\"position\":2,\"name\":\"Stage de Guo Lin Qi Gong \u00e0 Paris sur un week-end : M\u00e9thode du B\u00e2ton \u00e0 la Main\"}]},{\"@type\":\"WebSite\",\"@id\":\"https:\/\/grace-guolin-qigong.org\/#website\",\"url\":\"https:\/\/grace-guolin-qigong.org\/\",\"name\":\"GRACE\",\"description\":\"\",\"publisher\":{\"@id\":\"https:\/\/grace-guolin-qigong.org\/#organization\"},\"potentialAction\":[{\"@type\":\"SearchAction\",\"target\":{\"@type\":\"EntryPoint\",\"urlTemplate\":\"https:\/\/grace-guolin-qigong.org\/?s={search_term_string}\"},\"query-input\":{\"@type\":\"PropertyValueSpecification\",\"valueRequired\":true,\"valueName\":\"search_term_string\"}}],\"inLanguage\":\"fr-FR\"},{\"@type\":\"Organization\",\"@id\":\"https:\/\/grace-guolin-qigong.org\/#organization\",\"name\":\"GRACE\",\"url\":\"https:\/\/grace-guolin-qigong.org\/\",\"logo\":{\"@type\":\"ImageObject\",\"inLanguage\":\"fr-FR\",\"@id\":\"https:\/\/grace-guolin-qigong.org\/#\/schema\/logo\/image\/\",\"url\":\"https:\/\/grace-guolin-qigong.org\/wp-content\/uploads\/2023\/10\/logo-blanc-grace-video.jpg\",\"contentUrl\":\"https:\/\/grace-guolin-qigong.org\/wp-content\/uploads\/2023\/10\/logo-blanc-grace-video.jpg\",\"width\":841,\"height\":595,\"caption\":\"GRACE\"},\"image\":{\"@id\":\"https:\/\/grace-guolin-qigong.org\/#\/schema\/logo\/image\/\"}}]}<\/script>\n<!-- \/ Yoast SEO plugin. -->","yoast_head_json":{"title":"Stage de Guo Lin Qi Gong \u00e0 Paris sur un week-end : M\u00e9thode du B\u00e2ton \u00e0 la Main - GRACE","description":"Participez au stage de Guo Lin Qi Gong \u00e0 Paris les 8 et 9 mars 2025 pour apprendre la \u00ab\u00a0M\u00e9thode du B\u00e2ton \u00e0 la Main\u00a0\u00bb. Ce week-end intensif, anim\u00e9 par des experts, vous permettra d'approfondir cette pratique b\u00e9n\u00e9fique pour la sant\u00e9. Tarif : 150 \u20ac pour les non-adh\u00e9rents, 120 \u20ac pour les adh\u00e9rents (adh\u00e9sion annuelle : 25 \u20ac).","robots":{"index":"index","follow":"follow","max-snippet":"max-snippet:-1","max-image-preview":"max-image-preview:large","max-video-preview":"max-video-preview:-1"},"canonical":"https:\/\/grace-guolin-qigong.org\/index.php\/stage-methode-baton-a-la-main-du-guo-lin-qi-gong-week-end-a-paris\/","og_locale":"fr_FR","og_type":"article","og_title":"Stage de Guo Lin Qi Gong \u00e0 Paris sur un week-end : M\u00e9thode du B\u00e2ton \u00e0 la Main - GRACE","og_description":"Participez au stage de Guo Lin Qi Gong \u00e0 Paris les 8 et 9 mars 2025 pour apprendre la \u00ab\u00a0M\u00e9thode du B\u00e2ton \u00e0 la Main\u00a0\u00bb. Ce week-end intensif, anim\u00e9 par des experts, vous permettra d'approfondir cette pratique b\u00e9n\u00e9fique pour la sant\u00e9. Tarif : 150 \u20ac pour les non-adh\u00e9rents, 120 \u20ac pour les adh\u00e9rents (adh\u00e9sion annuelle : 25 \u20ac).","og_url":"https:\/\/grace-guolin-qigong.org\/index.php\/stage-methode-baton-a-la-main-du-guo-lin-qi-gong-week-end-a-paris\/","og_site_name":"GRACE","article_modified_time":"2026-03-22T16:42:19+00:00","twitter_card":"summary_large_image","twitter_misc":{"Dur\u00e9e de lecture estim\u00e9e":"3 minutes"},"schema":{"@context":"https:\/\/schema.org","@graph":[{"@type":"WebPage","@id":"https:\/\/grace-guolin-qigong.org\/index.php\/stage-methode-baton-a-la-main-du-guo-lin-qi-gong-week-end-a-paris\/","url":"https:\/\/grace-guolin-qigong.org\/index.php\/stage-methode-baton-a-la-main-du-guo-lin-qi-gong-week-end-a-paris\/","name":"Stage de Guo Lin Qi Gong \u00e0 Paris sur un week-end : M\u00e9thode du B\u00e2ton \u00e0 la Main - GRACE","isPartOf":{"@id":"https:\/\/grace-guolin-qigong.org\/#website"},"datePublished":"2024-06-04T08:34:31+00:00","dateModified":"2026-03-22T16:42:19+00:00","description":"Participez au stage de Guo Lin Qi Gong \u00e0 Paris les 8 et 9 mars 2025 pour apprendre la \u00ab\u00a0M\u00e9thode du B\u00e2ton \u00e0 la Main\u00a0\u00bb. Ce week-end intensif, anim\u00e9 par des experts, vous permettra d'approfondir cette pratique b\u00e9n\u00e9fique pour la sant\u00e9. Tarif : 150 \u20ac pour les non-adh\u00e9rents, 120 \u20ac pour les adh\u00e9rents (adh\u00e9sion annuelle : 25 \u20ac).","breadcrumb":{"@id":"https:\/\/grace-guolin-qigong.org\/index.php\/stage-methode-baton-a-la-main-du-guo-lin-qi-gong-week-end-a-paris\/#breadcrumb"},"inLanguage":"fr-FR","potentialAction":[{"@type":"ReadAction","target":["https:\/\/grace-guolin-qigong.org\/index.php\/stage-methode-baton-a-la-main-du-guo-lin-qi-gong-week-end-a-paris\/"]}]},{"@type":"BreadcrumbList","@id":"https:\/\/grace-guolin-qigong.org\/index.php\/stage-methode-baton-a-la-main-du-guo-lin-qi-gong-week-end-a-paris\/#breadcrumb","itemListElement":[{"@type":"ListItem","position":1,"name":"Accueil","item":"https:\/\/grace-guolin-qigong.org\/"},{"@type":"ListItem","position":2,"name":"Stage de Guo Lin Qi Gong \u00e0 Paris sur un week-end : M\u00e9thode du B\u00e2ton \u00e0 la Main"}]},{"@type":"WebSite","@id":"https:\/\/grace-guolin-qigong.org\/#website","url":"https:\/\/grace-guolin-qigong.org\/","name":"GRACE","description":"","publisher":{"@id":"https:\/\/grace-guolin-qigong.org\/#organization"},"potentialAction":[{"@type":"SearchAction","target":{"@type":"EntryPoint","urlTemplate":"https:\/\/grace-guolin-qigong.org\/?s={search_term_string}"},"query-input":{"@type":"PropertyValueSpecification","valueRequired":true,"valueName":"search_term_string"}}],"inLanguage":"fr-FR"},{"@type":"Organization","@id":"https:\/\/grace-guolin-qigong.org\/#organization","name":"GRACE","url":"https:\/\/grace-guolin-qigong.org\/","logo":{"@type":"ImageObject","inLanguage":"fr-FR","@id":"https:\/\/grace-guolin-qigong.org\/#\/schema\/logo\/image\/","url":"https:\/\/grace-guolin-qigong.org\/wp-content\/uploads\/2023\/10\/logo-blanc-grace-video.jpg","contentUrl":"https:\/\/grace-guolin-qigong.org\/wp-content\/uploads\/2023\/10\/logo-blanc-grace-video.jpg","width":841,"height":595,"caption":"GRACE"},"image":{"@id":"https:\/\/grace-guolin-qigong.org\/#\/schema\/logo\/image\/"}}]}},"_links":{"self":[{"href":"https:\/\/grace-guolin-qigong.org\/index.php\/wp-json\/wp\/v2\/pages\/1853","targetHints":{"allow":["GET"]}}],"collection":[{"href":"https:\/\/grace-guolin-qigong.org\/index.php\/wp-json\/wp\/v2\/pages"}],"about":[{"href":"https:\/\/grace-guolin-qigong.org\/index.php\/wp-json\/wp\/v2\/types\/page"}],"author":[{"embeddable":true,"href":"https:\/\/grace-guolin-qigong.org\/index.php\/wp-json\/wp\/v2\/users\/1"}],"replies":[{"embeddable":true,"href":"https:\/\/grace-guolin-qigong.org\/index.php\/wp-json\/wp\/v2\/comments?post=1853"}],"version-history":[{"count":102,"href":"https:\/\/grace-guolin-qigong.org\/index.php\/wp-json\/wp\/v2\/pages\/1853\/revisions"}],"predecessor-version":[{"id":2756,"href":"https:\/\/grace-guolin-qigong.org\/index.php\/wp-json\/wp\/v2\/pages\/1853\/revisions\/2756"}],"wp:attachment":[{"href":"https:\/\/grace-guolin-qigong.org\/index.php\/wp-json\/wp\/v2\/media?parent=1853"}],"curies":[{"name":"wp","href":"https:\/\/api.w.org\/{rel}","templated":true}]}}