{"id":2455,"date":"2025-04-22T16:07:12","date_gmt":"2025-04-22T14:07:12","guid":{"rendered":"https:\/\/grace-guolin-qigong.org\/?page_id=2455"},"modified":"2025-04-23T11:43:07","modified_gmt":"2025-04-23T09:43:07","slug":"grace-rejoint-la-plateforme-de-soins-oncologiques-de-support-a-tenon-aphp","status":"publish","type":"page","link":"https:\/\/grace-guolin-qigong.org\/index.php\/grace-rejoint-la-plateforme-de-soins-oncologiques-de-support-a-tenon-aphp\/","title":{"rendered":"GRACE rejoint la plateforme de Soins Oncologiques de Support \u00e0 Tenon \u2013 APHP"},"content":{"rendered":"\t\t<div data-elementor-type=\"wp-page\" data-elementor-id=\"2455\" class=\"elementor elementor-2455\">\n\t\t\t\t<div class=\"elementor-element elementor-element-a310af5 e-flex e-con-boxed e-con e-parent\" data-id=\"a310af5\" data-element_type=\"container\">\n\t\t\t\t\t<div class=\"e-con-inner\">\n\t\t\t\t<div class=\"elementor-element elementor-element-492a153 elementor-widget elementor-widget-text-editor\" data-id=\"492a153\" data-element_type=\"widget\" data-widget_type=\"text-editor.default\">\n\t\t\t\t<div class=\"elementor-widget-container\">\n\t\t\t\t\t\t\t<div><b>Des s\u00e9ances de Guo Lin Qi Gong pour accompagner les patients atteints de cancer<\/b><\/div><div>\u00a0<\/div><div>Depuis plusieurs ann\u00e9es, l\u2019h\u00f4pital Tenon (AP-HP) collabore avec des associations engag\u00e9es dans les soins de support destin\u00e9s aux patients atteints de cancer, sous la coordination du Pr Jean-Pierre Lotz. Cette dynamique a conduit \u00e0 la cr\u00e9ation de la Plateforme SOS (Soins Oncologiques de Support), officiellement inaugur\u00e9e le vendredi 31 janvier 2025, en pr\u00e9sence de M. Nicolas Revel, directeur g\u00e9n\u00e9ral de l\u2019AP-HP, et de Mme Christine Welty, directrice g\u00e9n\u00e9rale du groupe hospitalier AP-HP. Sorbonne Universit\u00e9.<\/div><div>L\u2019association GRACE, sp\u00e9cialis\u00e9e dans l\u2019accompagnement des personnes touch\u00e9es par le cancer par la pratique du Guo Lin Qi Gong, s\u2019associe \u00e0 cette initiative. La plateforme propose des approches compl\u00e9mentaires visant \u00e0 am\u00e9liorer la qualit\u00e9 de vie des patients, parmi lesquelles figure cette discipline.<\/div><div>\u00a0<\/div><div><b>Le Qi Gong comme soutien au parcours de soins<\/b><\/div><div>\u00a0<\/div><div>Le Guo Lin Qi Gong, enseign\u00e9 par GRACE, est une m\u00e9thode int\u00e9grant des marches adapt\u00e9es, une respiration sp\u00e9cifique favorisant une meilleure oxyg\u00e9nation, ainsi que des exercices de m\u00e9ditation en mouvement. Cette pratique vise d&rsquo;une part \u00e0 soutenir l&rsquo;action des traitements oncologiques (tels que la chimioth\u00e9rapie ou la radioth\u00e9rapie), principalement en contribuant \u00e0 renforcer le syst\u00e8me immunitaire. Elle vise d&rsquo;autre part, \u00e0 aider les patients dans la gestion des effets secondaires de ces traitements, en contribuant notamment \u00e0 r\u00e9duire la fatigue et le stress, et \u00e0 favoriser une meilleure r\u00e9cup\u00e9ration.<\/div><div>Depuis septembre 2024, des s\u00e9ances hebdomadaires sont propos\u00e9es \u00e0 l\u2019h\u00f4pital Tenon, chaque jeudi de 10h \u00e0 12h. Elles s\u2019int\u00e8grent dans un programme de soins de support de huit semaines, con\u00e7u pour int\u00e9grer le bien-\u00eatre physique et psychologique dans la prise en charge globale du cancer.<\/div><div>\u00a0<\/div><div><b>Un projet au plus pr\u00e8s des besoins des patients<\/b><\/div><div>\u00a0<\/div><div>L\u2019int\u00e9gration de GRACE \u00e0 la Plateforme SOS t\u00e9moigne d\u2019une volont\u00e9 partag\u00e9e d\u2019\u00e9largir l\u2019offre de soins de support. L\u2019association souhaite que ce type d\u2019initiative puisse \u00eatre d\u00e9velopp\u00e9 dans d\u2019autres \u00e9tablissements de sant\u00e9, afin de permettre \u00e0 un plus grand nombre de patients de b\u00e9n\u00e9ficier de ces pratiques compl\u00e9mentaires.<\/div><div><img decoding=\"async\" class=\"an1 CToWUd\" draggable=\"false\" src=\"https:\/\/fonts.gstatic.com\/s\/e\/notoemoji\/16.0\/1f449\/32.png\" alt=\"\ud83d\udc49\" data-emoji=\"\ud83d\udc49\" aria-label=\"\ud83d\udc49\" data-bit=\"iit\" \/> Pour en savoir plus sur la Plateforme SOS \u00e0 l\u2019h\u00f4pital Tenon :<br \/><a id=\"m_-9065130831524372226OWAdc456df6-77cc-fec2-2c06-f6f3f36f0faa\" href=\"https:\/\/www.aphp.fr\/actualite\/une-nouvelle-plateforme-de-soins-de-support-lhopital-tenon-ap-hp\" target=\"_blank\" rel=\"noopener\" data-saferedirecturl=\"https:\/\/www.google.com\/url?q=https:\/\/www.aphp.fr\/actualite\/une-nouvelle-plateforme-de-soins-de-support-lhopital-tenon-ap-hp&amp;source=gmail&amp;ust=1745481390793000&amp;usg=AOvVaw1lUpPP_7zEo7ePmAogXWK_\">https:\/\/www.aphp.fr\/actualite\/<wbr \/>une-nouvelle-plateforme-de-<wbr \/>soins-de-support-lhopital-<wbr \/>tenon-ap-hp<\/a><\/div>\t\t\t\t\t\t<\/div>\n\t\t\t\t<\/div>\n\t\t\t\t\t<\/div>\n\t\t\t\t<\/div>\n\t\t<div class=\"elementor-element elementor-element-fa4f156 e-flex e-con-boxed e-con e-parent\" data-id=\"fa4f156\" data-element_type=\"container\">\n\t\t\t\t\t<div class=\"e-con-inner\">\n\t\t\t\t<div class=\"elementor-element elementor-element-832cd14 elementor-widget elementor-widget-image\" data-id=\"832cd14\" data-element_type=\"widget\" data-widget_type=\"image.default\">\n\t\t\t\t<div class=\"elementor-widget-container\">\n\t\t\t\t\t\t\t\t\t\t\t\t\t<img fetchpriority=\"high\" decoding=\"async\" width=\"800\" height=\"450\" src=\"https:\/\/grace-guolin-qigong.org\/wp-content\/uploads\/2025\/04\/2025.04.21.equipe-SOS-Tenon-1024x576.jpeg\" class=\"attachment-large size-large wp-image-2475\" alt=\"\" srcset=\"https:\/\/grace-guolin-qigong.org\/wp-content\/uploads\/2025\/04\/2025.04.21.equipe-SOS-Tenon-1024x576.jpeg 1024w, https:\/\/grace-guolin-qigong.org\/wp-content\/uploads\/2025\/04\/2025.04.21.equipe-SOS-Tenon-300x169.jpeg 300w, https:\/\/grace-guolin-qigong.org\/wp-content\/uploads\/2025\/04\/2025.04.21.equipe-SOS-Tenon-768x432.jpeg 768w, https:\/\/grace-guolin-qigong.org\/wp-content\/uploads\/2025\/04\/2025.04.21.equipe-SOS-Tenon-1536x864.jpeg 1536w, https:\/\/grace-guolin-qigong.org\/wp-content\/uploads\/2025\/04\/2025.04.21.equipe-SOS-Tenon.jpeg 1600w\" sizes=\"(max-width: 800px) 100vw, 800px\" \/>\t\t\t\t\t\t\t\t\t\t\t\t\t<\/div>\n\t\t\t\t<\/div>\n\t\t\t\t\t<\/div>\n\t\t\t\t<\/div>\n\t\t<div class=\"elementor-element elementor-element-59cc1d1 e-flex e-con-boxed e-con e-parent\" data-id=\"59cc1d1\" data-element_type=\"container\">\n\t\t\t\t\t<div class=\"e-con-inner\">\n\t\t\t\t<div class=\"elementor-element elementor-element-150ca14 elementor-widget elementor-widget-text-editor\" data-id=\"150ca14\" data-element_type=\"widget\" data-widget_type=\"text-editor.default\">\n\t\t\t\t<div class=\"elementor-widget-container\">\n\t\t\t\t\t\t\t<p><span lang=\"fr-FR\">de gauche \u00e0 droite<\/span><\/p><ul><li><p><span lang=\"fr-FR\">Elisabeth, B\u00e9n\u00e9vole de GRACE<\/span><\/p><\/li><li><p><span lang=\"fr-FR\">Dr Bingkai LIU, Fondateur de GRACE<\/span><\/p><\/li><li><p><span lang=\"fr-FR\">Pr Jean-Pierre LOTZ, Responsable de l\u2019unit\u00e9 fonctionnelle Soins Oncologiques de Support<\/span><\/p><\/li><li><p><span lang=\"fr-FR\">Solen, B\u00e9n\u00e9vole de GRACE<\/span><\/p><\/li><li><p><span lang=\"fr-FR\">Marie-V\u00e9ronique, Tr\u00e9sori\u00e8re de GRACE, formatrice<\/span><\/p><\/li><li><p><span lang=\"fr-FR\">Nicolas REVEL, Directeur G\u00e9n\u00e9ral de l\u2019APHP<\/span><\/p><\/li><li><p><span lang=\"fr-FR\">Laetitia, B\u00e9n\u00e9vole de GRACE<\/span><\/p><\/li><li><p><span lang=\"fr-FR\">Sarah, Pr\u00e9sidente de GRACE<\/span><\/p><\/li><li><p><span lang=\"fr-FR\">Isabelle SANGLIER, Kin\u00e9sith\u00e9rapeute \u00e0 Tenon, Encadrante pour GRACE<\/span><\/p><\/li><\/ul>\t\t\t\t\t\t<\/div>\n\t\t\t\t<\/div>\n\t\t\t\t\t<\/div>\n\t\t\t\t<\/div>\n\t\t\t\t<\/div>\n\t\t","protected":false},"excerpt":{"rendered":"<p>Des s\u00e9ances de Guo Lin Qi Gong pour accompagner les patients atteints de cancer\u00a0Depuis plusieurs ann\u00e9es, l\u2019h\u00f4pital Tenon (AP-HP) collabore avec des associations engag\u00e9es dans les soins de support destin\u00e9s aux patients atteints de cancer, sous la coordination du Pr Jean-Pierre Lotz. Cette dynamique a conduit \u00e0 la cr\u00e9ation de la Plateforme SOS (Soins Oncologiques [&hellip;]<\/p>\n","protected":false},"author":1,"featured_media":0,"parent":0,"menu_order":0,"comment_status":"closed","ping_status":"closed","template":"","meta":{"_monsterinsights_skip_tracking":false,"_monsterinsights_sitenote_active":false,"_monsterinsights_sitenote_note":"","_monsterinsights_sitenote_category":0,"_uf_show_specific_survey":0,"_uf_disable_surveys":false,"footnotes":""},"class_list":["post-2455","page","type-page","status-publish","hentry"],"aioseo_notices":[],"yoast_head":"<!-- This site is optimized with the Yoast SEO plugin v27.2 - https:\/\/yoast.com\/product\/yoast-seo-wordpress\/ -->\n<title>GRACE rejoint la plateforme de Soins Oncologiques de Support \u00e0 Tenon \u2013 APHP - GRACE<\/title>\n<meta name=\"description\" content=\"D\u00e9couvrez comment le Guo Lin Qi Gong aide les patients atteints de cancer \u00e0 mieux vivre les traitements, \u00e0 l\u2019h\u00f4pital Tenon gr\u00e2ce \u00e0 l\u2019association GRACE.\" \/>\n<meta name=\"robots\" content=\"index, follow, max-snippet:-1, max-image-preview:large, max-video-preview:-1\" \/>\n<link rel=\"canonical\" href=\"https:\/\/grace-guolin-qigong.org\/index.php\/grace-rejoint-la-plateforme-de-soins-oncologiques-de-support-a-tenon-aphp\/\" \/>\n<meta property=\"og:locale\" content=\"fr_FR\" \/>\n<meta property=\"og:type\" content=\"article\" \/>\n<meta property=\"og:title\" content=\"GRACE rejoint la plateforme de Soins Oncologiques de Support \u00e0 Tenon \u2013 APHP - GRACE\" \/>\n<meta property=\"og:description\" content=\"D\u00e9couvrez comment le Guo Lin Qi Gong aide les patients atteints de cancer \u00e0 mieux vivre les traitements, \u00e0 l\u2019h\u00f4pital Tenon gr\u00e2ce \u00e0 l\u2019association GRACE.\" \/>\n<meta property=\"og:url\" content=\"https:\/\/grace-guolin-qigong.org\/index.php\/grace-rejoint-la-plateforme-de-soins-oncologiques-de-support-a-tenon-aphp\/\" \/>\n<meta property=\"og:site_name\" content=\"GRACE\" \/>\n<meta property=\"article:modified_time\" content=\"2025-04-23T09:43:07+00:00\" \/>\n<meta property=\"og:image\" content=\"https:\/\/fonts.gstatic.com\/s\/e\/notoemoji\/16.0\/1f449\/32.png\" \/>\n<meta name=\"twitter:card\" content=\"summary_large_image\" \/>\n<meta name=\"twitter:label1\" content=\"Dur\u00e9e de lecture estim\u00e9e\" \/>\n\t<meta name=\"twitter:data1\" content=\"3 minutes\" \/>\n<script type=\"application\/ld+json\" class=\"yoast-schema-graph\">{\"@context\":\"https:\/\/schema.org\",\"@graph\":[{\"@type\":\"WebPage\",\"@id\":\"https:\/\/grace-guolin-qigong.org\/index.php\/grace-rejoint-la-plateforme-de-soins-oncologiques-de-support-a-tenon-aphp\/\",\"url\":\"https:\/\/grace-guolin-qigong.org\/index.php\/grace-rejoint-la-plateforme-de-soins-oncologiques-de-support-a-tenon-aphp\/\",\"name\":\"GRACE rejoint la plateforme de Soins Oncologiques de Support \u00e0 Tenon \u2013 APHP - GRACE\",\"isPartOf\":{\"@id\":\"https:\/\/grace-guolin-qigong.org\/#website\"},\"primaryImageOfPage\":{\"@id\":\"https:\/\/grace-guolin-qigong.org\/index.php\/grace-rejoint-la-plateforme-de-soins-oncologiques-de-support-a-tenon-aphp\/#primaryimage\"},\"image\":{\"@id\":\"https:\/\/grace-guolin-qigong.org\/index.php\/grace-rejoint-la-plateforme-de-soins-oncologiques-de-support-a-tenon-aphp\/#primaryimage\"},\"thumbnailUrl\":\"https:\/\/fonts.gstatic.com\/s\/e\/notoemoji\/16.0\/1f449\/32.png\",\"datePublished\":\"2025-04-22T14:07:12+00:00\",\"dateModified\":\"2025-04-23T09:43:07+00:00\",\"description\":\"D\u00e9couvrez comment le Guo Lin Qi Gong aide les patients atteints de cancer \u00e0 mieux vivre les traitements, \u00e0 l\u2019h\u00f4pital Tenon gr\u00e2ce \u00e0 l\u2019association GRACE.\",\"breadcrumb\":{\"@id\":\"https:\/\/grace-guolin-qigong.org\/index.php\/grace-rejoint-la-plateforme-de-soins-oncologiques-de-support-a-tenon-aphp\/#breadcrumb\"},\"inLanguage\":\"fr-FR\",\"potentialAction\":[{\"@type\":\"ReadAction\",\"target\":[\"https:\/\/grace-guolin-qigong.org\/index.php\/grace-rejoint-la-plateforme-de-soins-oncologiques-de-support-a-tenon-aphp\/\"]}]},{\"@type\":\"ImageObject\",\"inLanguage\":\"fr-FR\",\"@id\":\"https:\/\/grace-guolin-qigong.org\/index.php\/grace-rejoint-la-plateforme-de-soins-oncologiques-de-support-a-tenon-aphp\/#primaryimage\",\"url\":\"https:\/\/fonts.gstatic.com\/s\/e\/notoemoji\/16.0\/1f449\/32.png\",\"contentUrl\":\"https:\/\/fonts.gstatic.com\/s\/e\/notoemoji\/16.0\/1f449\/32.png\"},{\"@type\":\"BreadcrumbList\",\"@id\":\"https:\/\/grace-guolin-qigong.org\/index.php\/grace-rejoint-la-plateforme-de-soins-oncologiques-de-support-a-tenon-aphp\/#breadcrumb\",\"itemListElement\":[{\"@type\":\"ListItem\",\"position\":1,\"name\":\"Accueil\",\"item\":\"https:\/\/grace-guolin-qigong.org\/\"},{\"@type\":\"ListItem\",\"position\":2,\"name\":\"GRACE rejoint la plateforme de Soins Oncologiques de Support \u00e0 Tenon \u2013 APHP\"}]},{\"@type\":\"WebSite\",\"@id\":\"https:\/\/grace-guolin-qigong.org\/#website\",\"url\":\"https:\/\/grace-guolin-qigong.org\/\",\"name\":\"GRACE\",\"description\":\"\",\"publisher\":{\"@id\":\"https:\/\/grace-guolin-qigong.org\/#organization\"},\"potentialAction\":[{\"@type\":\"SearchAction\",\"target\":{\"@type\":\"EntryPoint\",\"urlTemplate\":\"https:\/\/grace-guolin-qigong.org\/?s={search_term_string}\"},\"query-input\":{\"@type\":\"PropertyValueSpecification\",\"valueRequired\":true,\"valueName\":\"search_term_string\"}}],\"inLanguage\":\"fr-FR\"},{\"@type\":\"Organization\",\"@id\":\"https:\/\/grace-guolin-qigong.org\/#organization\",\"name\":\"GRACE\",\"url\":\"https:\/\/grace-guolin-qigong.org\/\",\"logo\":{\"@type\":\"ImageObject\",\"inLanguage\":\"fr-FR\",\"@id\":\"https:\/\/grace-guolin-qigong.org\/#\/schema\/logo\/image\/\",\"url\":\"https:\/\/grace-guolin-qigong.org\/wp-content\/uploads\/2023\/10\/logo-blanc-grace-video.jpg\",\"contentUrl\":\"https:\/\/grace-guolin-qigong.org\/wp-content\/uploads\/2023\/10\/logo-blanc-grace-video.jpg\",\"width\":841,\"height\":595,\"caption\":\"GRACE\"},\"image\":{\"@id\":\"https:\/\/grace-guolin-qigong.org\/#\/schema\/logo\/image\/\"}}]}<\/script>\n<!-- \/ Yoast SEO plugin. -->","yoast_head_json":{"title":"GRACE rejoint la plateforme de Soins Oncologiques de Support \u00e0 Tenon \u2013 APHP - GRACE","description":"D\u00e9couvrez comment le Guo Lin Qi Gong aide les patients atteints de cancer \u00e0 mieux vivre les traitements, \u00e0 l\u2019h\u00f4pital Tenon gr\u00e2ce \u00e0 l\u2019association GRACE.","robots":{"index":"index","follow":"follow","max-snippet":"max-snippet:-1","max-image-preview":"max-image-preview:large","max-video-preview":"max-video-preview:-1"},"canonical":"https:\/\/grace-guolin-qigong.org\/index.php\/grace-rejoint-la-plateforme-de-soins-oncologiques-de-support-a-tenon-aphp\/","og_locale":"fr_FR","og_type":"article","og_title":"GRACE rejoint la plateforme de Soins Oncologiques de Support \u00e0 Tenon \u2013 APHP - GRACE","og_description":"D\u00e9couvrez comment le Guo Lin Qi Gong aide les patients atteints de cancer \u00e0 mieux vivre les traitements, \u00e0 l\u2019h\u00f4pital Tenon gr\u00e2ce \u00e0 l\u2019association GRACE.","og_url":"https:\/\/grace-guolin-qigong.org\/index.php\/grace-rejoint-la-plateforme-de-soins-oncologiques-de-support-a-tenon-aphp\/","og_site_name":"GRACE","article_modified_time":"2025-04-23T09:43:07+00:00","og_image":[{"url":"https:\/\/fonts.gstatic.com\/s\/e\/notoemoji\/16.0\/1f449\/32.png","type":"","width":"","height":""}],"twitter_card":"summary_large_image","twitter_misc":{"Dur\u00e9e de lecture estim\u00e9e":"3 minutes"},"schema":{"@context":"https:\/\/schema.org","@graph":[{"@type":"WebPage","@id":"https:\/\/grace-guolin-qigong.org\/index.php\/grace-rejoint-la-plateforme-de-soins-oncologiques-de-support-a-tenon-aphp\/","url":"https:\/\/grace-guolin-qigong.org\/index.php\/grace-rejoint-la-plateforme-de-soins-oncologiques-de-support-a-tenon-aphp\/","name":"GRACE rejoint la plateforme de Soins Oncologiques de Support \u00e0 Tenon \u2013 APHP - GRACE","isPartOf":{"@id":"https:\/\/grace-guolin-qigong.org\/#website"},"primaryImageOfPage":{"@id":"https:\/\/grace-guolin-qigong.org\/index.php\/grace-rejoint-la-plateforme-de-soins-oncologiques-de-support-a-tenon-aphp\/#primaryimage"},"image":{"@id":"https:\/\/grace-guolin-qigong.org\/index.php\/grace-rejoint-la-plateforme-de-soins-oncologiques-de-support-a-tenon-aphp\/#primaryimage"},"thumbnailUrl":"https:\/\/fonts.gstatic.com\/s\/e\/notoemoji\/16.0\/1f449\/32.png","datePublished":"2025-04-22T14:07:12+00:00","dateModified":"2025-04-23T09:43:07+00:00","description":"D\u00e9couvrez comment le Guo Lin Qi Gong aide les patients atteints de cancer \u00e0 mieux vivre les traitements, \u00e0 l\u2019h\u00f4pital Tenon gr\u00e2ce \u00e0 l\u2019association GRACE.","breadcrumb":{"@id":"https:\/\/grace-guolin-qigong.org\/index.php\/grace-rejoint-la-plateforme-de-soins-oncologiques-de-support-a-tenon-aphp\/#breadcrumb"},"inLanguage":"fr-FR","potentialAction":[{"@type":"ReadAction","target":["https:\/\/grace-guolin-qigong.org\/index.php\/grace-rejoint-la-plateforme-de-soins-oncologiques-de-support-a-tenon-aphp\/"]}]},{"@type":"ImageObject","inLanguage":"fr-FR","@id":"https:\/\/grace-guolin-qigong.org\/index.php\/grace-rejoint-la-plateforme-de-soins-oncologiques-de-support-a-tenon-aphp\/#primaryimage","url":"https:\/\/fonts.gstatic.com\/s\/e\/notoemoji\/16.0\/1f449\/32.png","contentUrl":"https:\/\/fonts.gstatic.com\/s\/e\/notoemoji\/16.0\/1f449\/32.png"},{"@type":"BreadcrumbList","@id":"https:\/\/grace-guolin-qigong.org\/index.php\/grace-rejoint-la-plateforme-de-soins-oncologiques-de-support-a-tenon-aphp\/#breadcrumb","itemListElement":[{"@type":"ListItem","position":1,"name":"Accueil","item":"https:\/\/grace-guolin-qigong.org\/"},{"@type":"ListItem","position":2,"name":"GRACE rejoint la plateforme de Soins Oncologiques de Support \u00e0 Tenon \u2013 APHP"}]},{"@type":"WebSite","@id":"https:\/\/grace-guolin-qigong.org\/#website","url":"https:\/\/grace-guolin-qigong.org\/","name":"GRACE","description":"","publisher":{"@id":"https:\/\/grace-guolin-qigong.org\/#organization"},"potentialAction":[{"@type":"SearchAction","target":{"@type":"EntryPoint","urlTemplate":"https:\/\/grace-guolin-qigong.org\/?s={search_term_string}"},"query-input":{"@type":"PropertyValueSpecification","valueRequired":true,"valueName":"search_term_string"}}],"inLanguage":"fr-FR"},{"@type":"Organization","@id":"https:\/\/grace-guolin-qigong.org\/#organization","name":"GRACE","url":"https:\/\/grace-guolin-qigong.org\/","logo":{"@type":"ImageObject","inLanguage":"fr-FR","@id":"https:\/\/grace-guolin-qigong.org\/#\/schema\/logo\/image\/","url":"https:\/\/grace-guolin-qigong.org\/wp-content\/uploads\/2023\/10\/logo-blanc-grace-video.jpg","contentUrl":"https:\/\/grace-guolin-qigong.org\/wp-content\/uploads\/2023\/10\/logo-blanc-grace-video.jpg","width":841,"height":595,"caption":"GRACE"},"image":{"@id":"https:\/\/grace-guolin-qigong.org\/#\/schema\/logo\/image\/"}}]}},"_links":{"self":[{"href":"https:\/\/grace-guolin-qigong.org\/index.php\/wp-json\/wp\/v2\/pages\/2455","targetHints":{"allow":["GET"]}}],"collection":[{"href":"https:\/\/grace-guolin-qigong.org\/index.php\/wp-json\/wp\/v2\/pages"}],"about":[{"href":"https:\/\/grace-guolin-qigong.org\/index.php\/wp-json\/wp\/v2\/types\/page"}],"author":[{"embeddable":true,"href":"https:\/\/grace-guolin-qigong.org\/index.php\/wp-json\/wp\/v2\/users\/1"}],"replies":[{"embeddable":true,"href":"https:\/\/grace-guolin-qigong.org\/index.php\/wp-json\/wp\/v2\/comments?post=2455"}],"version-history":[{"count":31,"href":"https:\/\/grace-guolin-qigong.org\/index.php\/wp-json\/wp\/v2\/pages\/2455\/revisions"}],"predecessor-version":[{"id":2487,"href":"https:\/\/grace-guolin-qigong.org\/index.php\/wp-json\/wp\/v2\/pages\/2455\/revisions\/2487"}],"wp:attachment":[{"href":"https:\/\/grace-guolin-qigong.org\/index.php\/wp-json\/wp\/v2\/media?parent=2455"}],"curies":[{"name":"wp","href":"https:\/\/api.w.org\/{rel}","templated":true}]}}