{"id":372,"date":"2023-10-24T20:58:00","date_gmt":"2023-10-24T18:58:00","guid":{"rendered":"https:\/\/grace-guolin-qigong.org\/?page_id=372"},"modified":"2024-12-22T10:06:49","modified_gmt":"2024-12-22T09:06:49","slug":"reunion-mensuelle-zoom","status":"publish","type":"page","link":"https:\/\/grace-guolin-qigong.org\/index.php\/reunion-mensuelle-zoom\/","title":{"rendered":"R\u00e9union mensuelle des adh\u00e9rents en visio Zoom"},"content":{"rendered":"\t\t<div data-elementor-type=\"wp-page\" data-elementor-id=\"372\" class=\"elementor elementor-372\">\n\t\t\t\t<div class=\"elementor-element elementor-element-d8e666e e-flex e-con-boxed e-con e-parent\" data-id=\"d8e666e\" data-element_type=\"container\">\n\t\t\t\t\t<div class=\"e-con-inner\">\n\t\t\t\t<div class=\"elementor-element elementor-element-7bc8050 elementor-widget elementor-widget-image\" data-id=\"7bc8050\" data-element_type=\"widget\" data-widget_type=\"image.default\">\n\t\t\t\t<div class=\"elementor-widget-container\">\n\t\t\t\t\t\t\t\t\t\t\t\t\t<img fetchpriority=\"high\" decoding=\"async\" width=\"697\" height=\"259\" src=\"https:\/\/grace-guolin-qigong.org\/wp-content\/uploads\/2023\/11\/logo-reunion-zoom.png\" class=\"attachment-large size-large wp-image-657\" alt=\"\" srcset=\"https:\/\/grace-guolin-qigong.org\/wp-content\/uploads\/2023\/11\/logo-reunion-zoom.png 697w, https:\/\/grace-guolin-qigong.org\/wp-content\/uploads\/2023\/11\/logo-reunion-zoom-300x111.png 300w\" sizes=\"(max-width: 697px) 100vw, 697px\" \/>\t\t\t\t\t\t\t\t\t\t\t\t\t<\/div>\n\t\t\t\t<\/div>\n\t\t\t\t\t<\/div>\n\t\t\t\t<\/div>\n\t\t<div class=\"elementor-element elementor-element-3489e93 e-flex e-con-boxed e-con e-parent\" data-id=\"3489e93\" data-element_type=\"container\">\n\t\t\t\t\t<div class=\"e-con-inner\">\n\t\t\t\t<div class=\"elementor-element elementor-element-65a3526 elementor-widget elementor-widget-text-editor\" data-id=\"65a3526\" data-element_type=\"widget\" data-widget_type=\"text-editor.default\">\n\t\t\t\t<div class=\"elementor-widget-container\">\n\t\t\t\t\t\t\t<h2>\ud83d\udcd6 C\u2019est Quoi ?<\/h2><p>La <strong>r\u00e9union Zoom<\/strong> compl\u00e8te les s\u00e9ances mensuelles au Bois de Vincennes.<br \/>Elle permet aux adh\u00e9rents, partout en France, de se r\u00e9unir r\u00e9guli\u00e8rement.<\/p><h3>\ud83c\udfaf Objectifs<\/h3><ul><li>\u00c9changer sur les exp\u00e9riences des pratiquants.<\/li><li>Apporter des pr\u00e9cisions sur certains d\u00e9tails concernant les m\u00e9thodes.<\/li><li>Faire des rappels th\u00e9matiques et des d\u00e9monstrations.<\/li><li>R\u00e9pondre aux questions.<\/li><\/ul><p>Ces moments permettent \u00e9galement de renforcer les liens entre nous.<\/p><h3>\ud83d\udc65 Animatrice<\/h3><p>La s\u00e9ance est anim\u00e9e par <strong>Sarah<\/strong>, pr\u00e9sidente de GRACE, pratiquante de Guo Lin Qi Gong depuis plus de 5 ans, et parfois en pr\u00e9sence du <strong>Dr Bingkai LIU<\/strong>.<\/p><h2>\ud83d\udc65 Pour Qui ?<\/h2><p>Ces r\u00e9unions Zoom sont r\u00e9serv\u00e9es aux <strong>adh\u00e9rents de GRACE<\/strong>, \u00e0 jour de cotisation.<\/p><h2>\ud83d\uddd3\ufe0f Quand et Comment ?<\/h2><ul><li><strong>Quand<\/strong> : Le <strong>1er jeudi du mois<\/strong>, entre <strong>18h et 19h<\/strong><\/li><li><strong>Comment<\/strong> : Un lien Zoom est envoy\u00e9 par e-mail quelques jours avant la r\u00e9union.<\/li><\/ul><h2>\ud83d\udcc5 \u00c0 Vos Agendas !<\/h2><h3>Les prochaines r\u00e9unions Zoom des adh\u00e9rents en 2025 :<\/h3><ul><li><strong>2 janvier 2025<\/strong><\/li><li><strong>6 f\u00e9vrier 2025<\/strong><\/li><li><strong>6 mars 2025<\/strong><\/li><li><strong>3 avril 2025<\/strong><\/li><li><strong>1er mai 2025<\/strong><\/li><li><strong>5 juin 2025<\/strong><\/li><li><strong>3 juillet 2025<\/strong><\/li><li><strong>\u26f1\ufe0f Pause estivale en ao\u00fbt<\/strong><\/li><li><strong>4 septembre 2025<\/strong><\/li><li><strong>2 octobre 2025<\/strong><\/li><li><strong>6 novembre 2025<\/strong><\/li><li><strong>4 d\u00e9cembre 2025<\/strong><\/li><\/ul><h2>\ud83c\udf10 Rejoignez-Nous<\/h2><p>Si vous avez une connexion internet, un smartphone, une tablette ou un ordinateur, venez partager avec nous !<\/p>\t\t\t\t\t\t<\/div>\n\t\t\t\t<\/div>\n\t\t\t\t\t<\/div>\n\t\t\t\t<\/div>\n\t\t<div class=\"elementor-element elementor-element-bef48d2 e-flex e-con-boxed e-con e-parent\" data-id=\"bef48d2\" data-element_type=\"container\">\n\t\t\t\t\t<div class=\"e-con-inner\">\n\t\t<div class=\"elementor-element elementor-element-49740ad e-con-full e-flex e-con e-child\" data-id=\"49740ad\" data-element_type=\"container\">\n\t\t\t\t<div class=\"elementor-element elementor-element-7979dd5 elementor-widget elementor-widget-button\" data-id=\"7979dd5\" data-element_type=\"widget\" data-widget_type=\"button.default\">\n\t\t\t\t<div class=\"elementor-widget-container\">\n\t\t\t\t\t<div class=\"elementor-button-wrapper\">\n\t\t\t<a class=\"elementor-button elementor-button-link elementor-size-sm\" href=\"https:\/\/grace-guolin-qigong.org\/index.php\/contact\/\">\n\t\t\t\t\t\t<span class=\"elementor-button-content-wrapper\">\n\t\t\t\t\t\t\t\t\t<span class=\"elementor-button-text\">Cliquez ici<\/span>\n\t\t\t\t\t<\/span>\n\t\t\t\t\t<\/a>\n\t\t<\/div>\n\t\t\t\t<\/div>\n\t\t\t\t<\/div>\n\t\t\t\t<\/div>\n\t\t<div class=\"elementor-element elementor-element-01edbe0 e-con-full e-flex e-con e-child\" data-id=\"01edbe0\" data-element_type=\"container\">\n\t\t\t\t<div class=\"elementor-element elementor-element-9a478fa elementor-widget elementor-widget-text-editor\" data-id=\"9a478fa\" data-element_type=\"widget\" data-widget_type=\"text-editor.default\">\n\t\t\t\t<div class=\"elementor-widget-container\">\n\t\t\t\t\t\t\t<p>pour participer \u00e0 cette r\u00e9union<\/p>\t\t\t\t\t\t<\/div>\n\t\t\t\t<\/div>\n\t\t\t\t<\/div>\n\t\t\t\t\t<\/div>\n\t\t\t\t<\/div>\n\t\t\t\t<\/div>\n\t\t","protected":false},"excerpt":{"rendered":"<p>\ud83d\udcd6 C\u2019est Quoi ? La r\u00e9union Zoom compl\u00e8te les s\u00e9ances mensuelles au Bois de Vincennes.Elle permet aux adh\u00e9rents, partout en France, de se r\u00e9unir r\u00e9guli\u00e8rement. \ud83c\udfaf Objectifs \u00c9changer sur les exp\u00e9riences des pratiquants. Apporter des pr\u00e9cisions sur certains d\u00e9tails concernant les m\u00e9thodes. Faire des rappels th\u00e9matiques et des d\u00e9monstrations. R\u00e9pondre aux questions. Ces moments permettent [&hellip;]<\/p>\n","protected":false},"author":1,"featured_media":0,"parent":0,"menu_order":0,"comment_status":"closed","ping_status":"closed","template":"","meta":{"_monsterinsights_skip_tracking":false,"_monsterinsights_sitenote_active":false,"_monsterinsights_sitenote_note":"","_monsterinsights_sitenote_category":0,"_uf_show_specific_survey":0,"_uf_disable_surveys":false,"footnotes":""},"class_list":["post-372","page","type-page","status-publish","hentry"],"aioseo_notices":[],"yoast_head":"<!-- This site is optimized with the Yoast SEO plugin v27.2 - https:\/\/yoast.com\/product\/yoast-seo-wordpress\/ -->\n<title>R\u00e9union mensuelle des adh\u00e9rents en visio Zoom - GRACE<\/title>\n<meta name=\"robots\" content=\"index, follow, max-snippet:-1, max-image-preview:large, max-video-preview:-1\" \/>\n<link rel=\"canonical\" href=\"https:\/\/grace-guolin-qigong.org\/index.php\/reunionmensuellezoom\/\" \/>\n<meta property=\"og:locale\" content=\"fr_FR\" \/>\n<meta property=\"og:type\" content=\"article\" \/>\n<meta property=\"og:title\" content=\"R\u00e9union mensuelle des adh\u00e9rents en visio Zoom - GRACE\" \/>\n<meta property=\"og:description\" content=\"\ud83d\udcd6 C\u2019est Quoi ? La r\u00e9union Zoom compl\u00e8te les s\u00e9ances mensuelles au Bois de Vincennes.Elle permet aux adh\u00e9rents, partout en France, de se r\u00e9unir r\u00e9guli\u00e8rement. \ud83c\udfaf Objectifs \u00c9changer sur les exp\u00e9riences des pratiquants. Apporter des pr\u00e9cisions sur certains d\u00e9tails concernant les m\u00e9thodes. Faire des rappels th\u00e9matiques et des d\u00e9monstrations. R\u00e9pondre aux questions. Ces moments permettent [&hellip;]\" \/>\n<meta property=\"og:url\" content=\"https:\/\/grace-guolin-qigong.org\/index.php\/reunionmensuellezoom\/\" \/>\n<meta property=\"og:site_name\" content=\"GRACE\" \/>\n<meta property=\"article:modified_time\" content=\"2024-12-22T09:06:49+00:00\" \/>\n<meta name=\"twitter:card\" content=\"summary_large_image\" \/>\n<meta name=\"twitter:label1\" content=\"Dur\u00e9e de lecture estim\u00e9e\" \/>\n\t<meta name=\"twitter:data1\" content=\"1 minute\" \/>\n<script type=\"application\/ld+json\" class=\"yoast-schema-graph\">{\"@context\":\"https:\/\/schema.org\",\"@graph\":[{\"@type\":\"WebPage\",\"@id\":\"https:\/\/grace-guolin-qigong.org\/index.php\/reunionmensuellezoom\/\",\"url\":\"https:\/\/grace-guolin-qigong.org\/index.php\/reunionmensuellezoom\/\",\"name\":\"R\u00e9union mensuelle des adh\u00e9rents en visio Zoom - GRACE\",\"isPartOf\":{\"@id\":\"https:\/\/grace-guolin-qigong.org\/#website\"},\"primaryImageOfPage\":{\"@id\":\"https:\/\/grace-guolin-qigong.org\/index.php\/reunionmensuellezoom\/#primaryimage\"},\"image\":{\"@id\":\"https:\/\/grace-guolin-qigong.org\/index.php\/reunionmensuellezoom\/#primaryimage\"},\"thumbnailUrl\":\"http:\/\/grace-guolin-qigong.org\/wp-content\/uploads\/2023\/11\/logo-reunion-zoom.png\",\"datePublished\":\"2023-10-24T18:58:00+00:00\",\"dateModified\":\"2024-12-22T09:06:49+00:00\",\"breadcrumb\":{\"@id\":\"https:\/\/grace-guolin-qigong.org\/index.php\/reunionmensuellezoom\/#breadcrumb\"},\"inLanguage\":\"fr-FR\",\"potentialAction\":[{\"@type\":\"ReadAction\",\"target\":[\"https:\/\/grace-guolin-qigong.org\/index.php\/reunionmensuellezoom\/\"]}]},{\"@type\":\"ImageObject\",\"inLanguage\":\"fr-FR\",\"@id\":\"https:\/\/grace-guolin-qigong.org\/index.php\/reunionmensuellezoom\/#primaryimage\",\"url\":\"https:\/\/grace-guolin-qigong.org\/wp-content\/uploads\/2023\/11\/logo-reunion-zoom.png\",\"contentUrl\":\"https:\/\/grace-guolin-qigong.org\/wp-content\/uploads\/2023\/11\/logo-reunion-zoom.png\",\"width\":697,\"height\":259},{\"@type\":\"BreadcrumbList\",\"@id\":\"https:\/\/grace-guolin-qigong.org\/index.php\/reunionmensuellezoom\/#breadcrumb\",\"itemListElement\":[{\"@type\":\"ListItem\",\"position\":1,\"name\":\"Accueil\",\"item\":\"https:\/\/grace-guolin-qigong.org\/\"},{\"@type\":\"ListItem\",\"position\":2,\"name\":\"Priv\u00e9\u00a0: R\u00e9union mensuelle Zoom\"}]},{\"@type\":\"WebSite\",\"@id\":\"https:\/\/grace-guolin-qigong.org\/#website\",\"url\":\"https:\/\/grace-guolin-qigong.org\/\",\"name\":\"GRACE\",\"description\":\"\",\"publisher\":{\"@id\":\"https:\/\/grace-guolin-qigong.org\/#organization\"},\"potentialAction\":[{\"@type\":\"SearchAction\",\"target\":{\"@type\":\"EntryPoint\",\"urlTemplate\":\"https:\/\/grace-guolin-qigong.org\/?s={search_term_string}\"},\"query-input\":{\"@type\":\"PropertyValueSpecification\",\"valueRequired\":true,\"valueName\":\"search_term_string\"}}],\"inLanguage\":\"fr-FR\"},{\"@type\":\"Organization\",\"@id\":\"https:\/\/grace-guolin-qigong.org\/#organization\",\"name\":\"GRACE\",\"url\":\"https:\/\/grace-guolin-qigong.org\/\",\"logo\":{\"@type\":\"ImageObject\",\"inLanguage\":\"fr-FR\",\"@id\":\"https:\/\/grace-guolin-qigong.org\/#\/schema\/logo\/image\/\",\"url\":\"https:\/\/grace-guolin-qigong.org\/wp-content\/uploads\/2023\/10\/logo-blanc-grace-video.jpg\",\"contentUrl\":\"https:\/\/grace-guolin-qigong.org\/wp-content\/uploads\/2023\/10\/logo-blanc-grace-video.jpg\",\"width\":841,\"height\":595,\"caption\":\"GRACE\"},\"image\":{\"@id\":\"https:\/\/grace-guolin-qigong.org\/#\/schema\/logo\/image\/\"}}]}<\/script>\n<!-- \/ Yoast SEO plugin. -->","yoast_head_json":{"title":"R\u00e9union mensuelle des adh\u00e9rents en visio Zoom - GRACE","robots":{"index":"index","follow":"follow","max-snippet":"max-snippet:-1","max-image-preview":"max-image-preview:large","max-video-preview":"max-video-preview:-1"},"canonical":"https:\/\/grace-guolin-qigong.org\/index.php\/reunionmensuellezoom\/","og_locale":"fr_FR","og_type":"article","og_title":"R\u00e9union mensuelle des adh\u00e9rents en visio Zoom - GRACE","og_description":"\ud83d\udcd6 C\u2019est Quoi ? La r\u00e9union Zoom compl\u00e8te les s\u00e9ances mensuelles au Bois de Vincennes.Elle permet aux adh\u00e9rents, partout en France, de se r\u00e9unir r\u00e9guli\u00e8rement. \ud83c\udfaf Objectifs \u00c9changer sur les exp\u00e9riences des pratiquants. Apporter des pr\u00e9cisions sur certains d\u00e9tails concernant les m\u00e9thodes. Faire des rappels th\u00e9matiques et des d\u00e9monstrations. R\u00e9pondre aux questions. Ces moments permettent [&hellip;]","og_url":"https:\/\/grace-guolin-qigong.org\/index.php\/reunionmensuellezoom\/","og_site_name":"GRACE","article_modified_time":"2024-12-22T09:06:49+00:00","twitter_card":"summary_large_image","twitter_misc":{"Dur\u00e9e de lecture estim\u00e9e":"1 minute"},"schema":{"@context":"https:\/\/schema.org","@graph":[{"@type":"WebPage","@id":"https:\/\/grace-guolin-qigong.org\/index.php\/reunionmensuellezoom\/","url":"https:\/\/grace-guolin-qigong.org\/index.php\/reunionmensuellezoom\/","name":"R\u00e9union mensuelle des adh\u00e9rents en visio Zoom - GRACE","isPartOf":{"@id":"https:\/\/grace-guolin-qigong.org\/#website"},"primaryImageOfPage":{"@id":"https:\/\/grace-guolin-qigong.org\/index.php\/reunionmensuellezoom\/#primaryimage"},"image":{"@id":"https:\/\/grace-guolin-qigong.org\/index.php\/reunionmensuellezoom\/#primaryimage"},"thumbnailUrl":"http:\/\/grace-guolin-qigong.org\/wp-content\/uploads\/2023\/11\/logo-reunion-zoom.png","datePublished":"2023-10-24T18:58:00+00:00","dateModified":"2024-12-22T09:06:49+00:00","breadcrumb":{"@id":"https:\/\/grace-guolin-qigong.org\/index.php\/reunionmensuellezoom\/#breadcrumb"},"inLanguage":"fr-FR","potentialAction":[{"@type":"ReadAction","target":["https:\/\/grace-guolin-qigong.org\/index.php\/reunionmensuellezoom\/"]}]},{"@type":"ImageObject","inLanguage":"fr-FR","@id":"https:\/\/grace-guolin-qigong.org\/index.php\/reunionmensuellezoom\/#primaryimage","url":"https:\/\/grace-guolin-qigong.org\/wp-content\/uploads\/2023\/11\/logo-reunion-zoom.png","contentUrl":"https:\/\/grace-guolin-qigong.org\/wp-content\/uploads\/2023\/11\/logo-reunion-zoom.png","width":697,"height":259},{"@type":"BreadcrumbList","@id":"https:\/\/grace-guolin-qigong.org\/index.php\/reunionmensuellezoom\/#breadcrumb","itemListElement":[{"@type":"ListItem","position":1,"name":"Accueil","item":"https:\/\/grace-guolin-qigong.org\/"},{"@type":"ListItem","position":2,"name":"Priv\u00e9\u00a0: R\u00e9union mensuelle Zoom"}]},{"@type":"WebSite","@id":"https:\/\/grace-guolin-qigong.org\/#website","url":"https:\/\/grace-guolin-qigong.org\/","name":"GRACE","description":"","publisher":{"@id":"https:\/\/grace-guolin-qigong.org\/#organization"},"potentialAction":[{"@type":"SearchAction","target":{"@type":"EntryPoint","urlTemplate":"https:\/\/grace-guolin-qigong.org\/?s={search_term_string}"},"query-input":{"@type":"PropertyValueSpecification","valueRequired":true,"valueName":"search_term_string"}}],"inLanguage":"fr-FR"},{"@type":"Organization","@id":"https:\/\/grace-guolin-qigong.org\/#organization","name":"GRACE","url":"https:\/\/grace-guolin-qigong.org\/","logo":{"@type":"ImageObject","inLanguage":"fr-FR","@id":"https:\/\/grace-guolin-qigong.org\/#\/schema\/logo\/image\/","url":"https:\/\/grace-guolin-qigong.org\/wp-content\/uploads\/2023\/10\/logo-blanc-grace-video.jpg","contentUrl":"https:\/\/grace-guolin-qigong.org\/wp-content\/uploads\/2023\/10\/logo-blanc-grace-video.jpg","width":841,"height":595,"caption":"GRACE"},"image":{"@id":"https:\/\/grace-guolin-qigong.org\/#\/schema\/logo\/image\/"}}]}},"_links":{"self":[{"href":"https:\/\/grace-guolin-qigong.org\/index.php\/wp-json\/wp\/v2\/pages\/372","targetHints":{"allow":["GET"]}}],"collection":[{"href":"https:\/\/grace-guolin-qigong.org\/index.php\/wp-json\/wp\/v2\/pages"}],"about":[{"href":"https:\/\/grace-guolin-qigong.org\/index.php\/wp-json\/wp\/v2\/types\/page"}],"author":[{"embeddable":true,"href":"https:\/\/grace-guolin-qigong.org\/index.php\/wp-json\/wp\/v2\/users\/1"}],"replies":[{"embeddable":true,"href":"https:\/\/grace-guolin-qigong.org\/index.php\/wp-json\/wp\/v2\/comments?post=372"}],"version-history":[{"count":79,"href":"https:\/\/grace-guolin-qigong.org\/index.php\/wp-json\/wp\/v2\/pages\/372\/revisions"}],"predecessor-version":[{"id":2221,"href":"https:\/\/grace-guolin-qigong.org\/index.php\/wp-json\/wp\/v2\/pages\/372\/revisions\/2221"}],"wp:attachment":[{"href":"https:\/\/grace-guolin-qigong.org\/index.php\/wp-json\/wp\/v2\/media?parent=372"}],"curies":[{"name":"wp","href":"https:\/\/api.w.org\/{rel}","templated":true}]}}