{"id":6,"date":"2023-10-14T09:30:32","date_gmt":"2023-10-14T07:30:32","guid":{"rendered":"https:\/\/grace-guolin-qigong.org\/?page_id=6"},"modified":"2026-04-27T08:05:14","modified_gmt":"2026-04-27T06:05:14","slug":"accueil","status":"publish","type":"page","link":"https:\/\/grace-guolin-qigong.org\/","title":{"rendered":"Qi Gong et Cancer : GRACE, une Association pour un Mieux-\u00catre"},"content":{"rendered":"\t\t<div data-elementor-type=\"wp-page\" data-elementor-id=\"6\" class=\"elementor elementor-6\">\n\t\t\t\t<div class=\"elementor-element elementor-element-266a916 e-flex e-con-boxed e-con e-parent\" data-id=\"266a916\" data-element_type=\"container\">\n\t\t\t\t\t<div class=\"e-con-inner\">\n\t\t\t\t<div class=\"elementor-element elementor-element-3202816 elementor-widget elementor-widget-image\" data-id=\"3202816\" data-element_type=\"widget\" data-widget_type=\"image.default\">\n\t\t\t\t<div class=\"elementor-widget-container\">\n\t\t\t\t\t\t\t\t\t\t<figure class=\"wp-caption\">\n\t\t\t\t\t\t\t\t\t\t<img fetchpriority=\"high\" decoding=\"async\" width=\"800\" height=\"549\" src=\"https:\/\/grace-guolin-qigong.org\/wp-content\/uploads\/2026\/04\/affiche-Mtre-LI-stage.webp\" class=\"attachment-large size-large wp-image-2789\" alt=\"Stage Guo Lin Qi Gong Angers octobre 2026 avec Ma\u00eetre Li Lanxue\" srcset=\"https:\/\/grace-guolin-qigong.org\/wp-content\/uploads\/2026\/04\/affiche-Mtre-LI-stage.webp 847w, https:\/\/grace-guolin-qigong.org\/wp-content\/uploads\/2026\/04\/affiche-Mtre-LI-stage-300x206.webp 300w, https:\/\/grace-guolin-qigong.org\/wp-content\/uploads\/2026\/04\/affiche-Mtre-LI-stage-768x527.webp 768w\" sizes=\"(max-width: 800px) 100vw, 800px\" \/>\t\t\t\t\t\t\t\t\t\t\t<figcaption class=\"widget-image-caption wp-caption-text\">Stage Guo Lin Qi Gong Angers octobre 2026 avec Ma\u00eetre Li Lanxue<\/figcaption>\n\t\t\t\t\t\t\t\t\t\t<\/figure>\n\t\t\t\t\t\t\t<\/div>\n\t\t\t\t<\/div>\n\t\t\t\t\t<\/div>\n\t\t\t\t<\/div>\n\t\t<div class=\"elementor-element elementor-element-f88fdae e-flex e-con-boxed e-con e-parent\" data-id=\"f88fdae\" data-element_type=\"container\">\n\t\t\t\t\t<div class=\"e-con-inner\">\n\t\t\t\t<div class=\"elementor-element elementor-element-c0b8a17 elementor-widget elementor-widget-text-editor\" data-id=\"c0b8a17\" data-element_type=\"widget\" data-widget_type=\"text-editor.default\">\n\t\t\t\t<div class=\"elementor-widget-container\">\n\t\t\t\t\t\t\t<h2 class=\"western\">\ud83d\udcc5 Stage de Guo Lin Qi Gong \u00e0 Angers<\/h2>\n<p><strong>Du mercredi <\/strong><strong>30<\/strong><strong> septembre (apr\u00e8s-midi) au dimanche <\/strong><strong>4<\/strong> <strong>octobre<\/strong><strong> 2026 \u00e0 14h<\/strong><br \/>\ud83d\udccd <em>Angers \u2013 Hostellerie du Bon Pasteur<\/em><\/p>\n<p>\u00a0<\/p>\n<h2 class=\"western\">\ud83c\udf3f \u00c0 propos de Ma\u00eetre Li Lanxue<\/h2>\n<p>Originaire de Rongcheng (province du Shandong), Ma\u00eetre Li Lanxue a \u00e9t\u00e9 confront\u00e9 \u00e0 un cancer du poumon particuli\u00e8rement agressif \u00e0 l\u2019\u00e2ge de 49 ans. La pratique du <strong>Guo Lin Qi Gong<\/strong> a profond\u00e9ment contribu\u00e9 \u00e0 son parcours, transformant sa relation \u00e0 la maladie et \u00e0 la vie.<\/p>\n<p>Aujourd\u2019hui, il est reconnu pour :<\/p>\n<ul>\n<li>\n<p>sa <strong>ma\u00eetrise technique<\/strong>,<\/p>\n<\/li>\n<li>\n<p>sa <strong>compr\u00e9hension approfondie des principes du Qi Gong<\/strong>,<\/p>\n<\/li>\n<li>\n<p>et son <strong>engagement dans la transmission<\/strong>.<\/p>\n<\/li>\n<\/ul>\n<p>Son enseignement, \u00e0 la fois rigoureux et bienveillant, est particuli\u00e8rement appr\u00e9ci\u00e9 pour ses qualit\u00e9s p\u00e9dagogiques.<\/p>\n<p>Chaque ann\u00e9e, il anime en Chine plusieurs stages de formation de longue dur\u00e9e, poursuivant avec conviction l\u2019esprit de Guo Lin :<\/p>\n<blockquote><em>\u00ab S\u2019engager pour le Guo Lin Qi Gong et offrir des bienfaits \u00e0 l\u2019humanit\u00e9 \u00bb.<\/em><\/blockquote>\n<p>Form\u00e9 aupr\u00e8s de ma\u00eetres renomm\u00e9s, disciples directs de Guo Lin, il a d\u00e9velopp\u00e9 une pratique personnelle caract\u00e9ris\u00e9e par :<\/p>\n<ul>\n<li>\n<p>une <strong>grande souplesse gestuelle<\/strong>,<\/p>\n<\/li>\n<li>\n<p>une <strong>ouverture du mouvement<\/strong>,<\/p>\n<\/li>\n<li>\n<p>et une <strong>pr\u00e9sence int\u00e9rieure profonde<\/strong>.<\/p>\n<\/li>\n<\/ul>\n<p>Son enseignement constitue une opportunit\u00e9 pr\u00e9cieuse, aussi bien pour les d\u00e9butants que pour les pratiquants confirm\u00e9s souhaitant approfondir leur pratique.<\/p>\n<h2 class=\"western\">\ud83c\udfe1 Lieu du stage : Hostellerie du Bon Pasteur<\/h2>\n<p>Le stage se d\u00e9roulera dans un cadre privil\u00e9gi\u00e9, \u00e0 quelques minutes du centre historique et de la gare d\u2019Angers.<\/p>\n<p>Ce lieu a \u00e9t\u00e9 choisi pour plusieurs raisons :<\/p>\n<ul>\n<li>\n<p>\ud83c\udf33 un <strong>grand parc arbor\u00e9<\/strong>, id\u00e9al pour la pratique<\/p>\n<\/li>\n<li>\n<p>\ud83d\udecf\ufe0f des <strong>h\u00e9bergements confortables<\/strong><\/p>\n<\/li>\n<li>\n<p>\ud83c\udf7d\ufe0f une <strong>restauration de qualit\u00e9<\/strong> (produits frais, locaux et de saison)<\/p>\n<\/li>\n<li>\n<p>\ud83d\ude86 une <strong>accessibilit\u00e9 facile depuis Paris<\/strong> (1h30 depuis Montparnasse)<\/p>\n<\/li>\n<\/ul>\n<p>\ud83d\udd17 Pour d\u00e9couvrir le lieu :<br \/><a href=\"https:\/\/bonpasteur-hostellerie.org\/\">https:\/\/bonpasteur-hostellerie.org\/<\/a><\/p>\n<h2 class=\"western\">\ud83d\udc65 Public et organisation<\/h2>\n<p>Le stage est ouvert en priorit\u00e9 :<\/p>\n<ul>\n<li>\n<p>aux personnes atteintes de <strong>cancer ou de maladies chroniques<\/strong>,<\/p>\n<\/li>\n<li>\n<p>aux <strong>professionnels de sant\u00e9<\/strong>,<\/p>\n<\/li>\n<\/ul>\n<p>et, selon les places disponibles :<\/p>\n<ul>\n<li>\n<p>\u00e0 toute personne souhaitant pratiquer dans une d\u00e9marche de <strong>pr\u00e9vention et de bien-\u00eatre<\/strong>.<\/p>\n<\/li>\n<\/ul>\n<p>L\u2019organisation p\u00e9dagogique permet :<\/p>\n<ul>\n<li>\n<p>aux <strong>d\u00e9butants<\/strong> d\u2019acqu\u00e9rir les bases essentielles,<\/p>\n<\/li>\n<li>\n<p>aux <strong>pratiquants confirm\u00e9s<\/strong> de progresser, d\u2019enrichir leur pratique et de d\u00e9couvrir de nouvelles approches<\/p>\n<\/li>\n<\/ul>\t\t\t\t\t\t<\/div>\n\t\t\t\t<\/div>\n\t\t\t\t\t<\/div>\n\t\t\t\t<\/div>\n\t\t<div class=\"elementor-element elementor-element-b2c522d e-flex e-con-boxed e-con e-parent\" data-id=\"b2c522d\" data-element_type=\"container\">\n\t\t\t\t\t<div class=\"e-con-inner\">\n\t\t\t\t<div class=\"elementor-element elementor-element-40e3144 elementor-widget elementor-widget-button\" data-id=\"40e3144\" data-element_type=\"widget\" data-widget_type=\"button.default\">\n\t\t\t\t<div class=\"elementor-widget-container\">\n\t\t\t\t\t<div class=\"elementor-button-wrapper\">\n\t\t\t<a class=\"elementor-button elementor-button-link elementor-size-sm\" href=\"mailto:graceglqg@gmail.com\">\n\t\t\t\t\t\t<span class=\"elementor-button-content-wrapper\">\n\t\t\t\t\t\t\t\t\t<span class=\"elementor-button-text\">Pour les modalit\u00e9s d'inscription, cliquez ici<\/span>\n\t\t\t\t\t<\/span>\n\t\t\t\t\t<\/a>\n\t\t<\/div>\n\t\t\t\t<\/div>\n\t\t\t\t<\/div>\n\t\t\t\t\t<\/div>\n\t\t\t\t<\/div>\n\t\t<div class=\"elementor-element elementor-element-5b126fab e-flex e-con-boxed e-con e-parent\" data-id=\"5b126fab\" data-element_type=\"container\">\n\t\t\t\t\t<div class=\"e-con-inner\">\n\t\t\t\t<div class=\"elementor-element elementor-element-560d28a0 elementor-widget elementor-widget-text-editor\" data-id=\"560d28a0\" data-element_type=\"widget\" data-widget_type=\"text-editor.default\">\n\t\t\t\t<div class=\"elementor-widget-container\">\n\t\t\t\t\t\t\t<p class=\"p1\">L\u2019association GRACE accompagne les personnes atteintes de cancer et de maladies chroniques en proposant des s\u00e9ances de GuoLin Qi Gong, une pratique adapt\u00e9e pour favoriser le mieux-\u00eatre physique et\u00a0mental.<\/p>\n<p class=\"p1\">Cr\u00e9\u00e9e le 4 juin 2018, GRACE est une association loi 1901 \u00e0 but non lucratif, fond\u00e9e en partenariat avec le <a href=\"https:\/\/medecinechinoise.aphp.fr\/\">Centre Int\u00e9gr\u00e9 de la M\u00e9decine Chinoise de l\u2019h\u00f4pital de la Piti\u00e9-Salp\u00eatri\u00e8re \u00e0 Paris<\/a>. Elle\u00a0 r\u00e9sulte d\u2019une coop\u00e9ration active entre patients et soignants fran\u00e7ais ainsi que d\u2019associations sp\u00e9cialis\u00e9es en oncologie int\u00e9grative en Chine, notamment \u00e0 P\u00e9kin et Zibo.<\/p>\n<p class=\"p1\"><strong><i>Le Qi Gong GuoLin : Un Soutien Face au Cancer<\/i><\/strong><\/p>\n<p class=\"p1\">Le Qi Gong GuoLin est une pratique sp\u00e9cifique d\u00e9velopp\u00e9e pour accompagner les personnes vivant avec\u00a0un cancer ou une maladie chronique. Chez GRACE, il est enseign\u00e9 dans le strict respect du parcours de soins conventionnels et vise \u00e0 am\u00e9liorer la qualit\u00e9 de vie des patients. Les s\u00e9ances sont encadr\u00e9es par le Dr Bing Kai LIU et une \u00e9quipe exp\u00e9riment\u00e9e, compos\u00e9e de personnes en r\u00e9mission ou dans un \u00e9tat de sant\u00e9 stable, pratiquant quotidiennement ce qi gong adapt\u00e9 au cancer.<\/p>\n<p class=\"p1\"><strong><i>Une Communaut\u00e9 de Soutien<\/i><\/strong><\/p>\n<p class=\"p1\">Fond\u00e9e par des patients et pour des patients, l\u2019association GRACE offre un espace de partage et\u00a0d\u2019\u00e9change pour toutes les personnes confront\u00e9es \u00e0 la maladie. L\u2019objectif est de leur permettre d\u2019exp\u00e9rimenter les bienfaits du Qi Gong, tant sur le plan physique que psychologique, en compl\u00e9ment des traitements m\u00e9dicaux traditionnels.<\/p>\n<p class=\"p1\"><strong><i>Des S\u00e9ances Collectives Ouvertes<\/i><\/strong><\/p>\n<p class=\"p1\">Chaque troisi\u00e8me dimanche du mois, GRACE organise une <a href=\"https:\/\/grace-guolin-qigong.org\/index.php\/marche-xi-xi-hu-pour-lutter-contre-le-cancer-a-vincennes-paris\/\">s\u00e9ance collective de GuoLin Qi Gong au bois\u00a0de Vincennes<\/a>, \u00e0 Paris. Cette rencontre permet aux participants de pratiquer en plein air, dans un cadre apaisant, et de partager un moment de bienveillance et de solidarit\u00e9.<\/p>\n<p class=\"p1\">Si vous \u00eates concern\u00e9 par le cancer ou une maladie chronique, et que vous souhaitez d\u00e9couvrir le Qi\u00a0Gong GuoLin, rejoignez-nous pour b\u00e9n\u00e9ficier d\u2019un accompagnement adapt\u00e9 \u00e0 vos besoins.<\/p>\n<p><!-- \/wp:paragraph --><!-- wp:paragraph --><!-- \/wp:paragraph --><\/p>\t\t\t\t\t\t<\/div>\n\t\t\t\t<\/div>\n\t\t\t\t\t<\/div>\n\t\t\t\t<\/div>\n\t\t<div class=\"elementor-element elementor-element-536fa19 e-flex e-con-boxed e-con e-parent\" data-id=\"536fa19\" data-element_type=\"container\">\n\t\t\t\t\t<div class=\"e-con-inner\">\n\t\t\t\t<div class=\"elementor-element elementor-element-021db67 elementor-widget elementor-widget-image\" data-id=\"021db67\" data-element_type=\"widget\" data-widget_type=\"image.default\">\n\t\t\t\t<div class=\"elementor-widget-container\">\n\t\t\t\t\t\t\t\t\t\t\t\t\t<img decoding=\"async\" width=\"300\" height=\"169\" src=\"https:\/\/grace-guolin-qigong.org\/wp-content\/uploads\/2023\/11\/2022-09-30_08-11-21_115-300x169.jpg\" class=\"attachment-medium size-medium wp-image-807\" alt=\"\" srcset=\"https:\/\/grace-guolin-qigong.org\/wp-content\/uploads\/2023\/11\/2022-09-30_08-11-21_115-300x169.jpg 300w, https:\/\/grace-guolin-qigong.org\/wp-content\/uploads\/2023\/11\/2022-09-30_08-11-21_115-1024x576.jpg 1024w, https:\/\/grace-guolin-qigong.org\/wp-content\/uploads\/2023\/11\/2022-09-30_08-11-21_115-768x432.jpg 768w, https:\/\/grace-guolin-qigong.org\/wp-content\/uploads\/2023\/11\/2022-09-30_08-11-21_115-1536x864.jpg 1536w, https:\/\/grace-guolin-qigong.org\/wp-content\/uploads\/2023\/11\/2022-09-30_08-11-21_115-2048x1152.jpg 2048w\" sizes=\"(max-width: 300px) 100vw, 300px\" \/>\t\t\t\t\t\t\t\t\t\t\t\t\t<\/div>\n\t\t\t\t<\/div>\n\t\t\t\t\t<\/div>\n\t\t\t\t<\/div>\n\t\t<div class=\"elementor-element elementor-element-1e76bef e-flex e-con-boxed e-con e-parent\" data-id=\"1e76bef\" data-element_type=\"container\">\n\t\t\t\t\t<div class=\"e-con-inner\">\n\t\t<div class=\"elementor-element elementor-element-af934be e-con-full e-flex e-con e-child\" data-id=\"af934be\" data-element_type=\"container\">\n\t\t\t\t<div class=\"elementor-element elementor-element-4b65a74 elementor-widget__width-initial elementor-widget elementor-widget-button\" data-id=\"4b65a74\" data-element_type=\"widget\" data-widget_type=\"button.default\">\n\t\t\t\t<div class=\"elementor-widget-container\">\n\t\t\t\t\t<div class=\"elementor-button-wrapper\">\n\t\t\t<a class=\"elementor-button elementor-button-link elementor-size-sm\" href=\"https:\/\/grace-guolin-qigong.org\/index.php\/marche-xi-xi-hu-pour-lutter-contre-le-cancer-a-vincennes-paris\/\">\n\t\t\t\t\t\t<span class=\"elementor-button-content-wrapper\">\n\t\t\t\t\t\t\t\t\t<span class=\"elementor-button-text\">Cliquez ici<\/span>\n\t\t\t\t\t<\/span>\n\t\t\t\t\t<\/a>\n\t\t<\/div>\n\t\t\t\t<\/div>\n\t\t\t\t<\/div>\n\t\t\t\t<\/div>\n\t\t<div class=\"elementor-element elementor-element-f7a486b e-con-full e-flex e-con e-child\" data-id=\"f7a486b\" data-element_type=\"container\">\n\t\t\t\t<div class=\"elementor-element elementor-element-fccf338 elementor-widget elementor-widget-text-editor\" data-id=\"fccf338\" data-element_type=\"widget\" data-widget_type=\"text-editor.default\">\n\t\t\t\t<div class=\"elementor-widget-container\">\n\t\t\t\t\t\t\t<p>pour plus d&rsquo;informations sur cette marche<\/p>\t\t\t\t\t\t<\/div>\n\t\t\t\t<\/div>\n\t\t\t\t<\/div>\n\t\t\t\t\t<\/div>\n\t\t\t\t<\/div>\n\t\t\t\t<\/div>\n\t\t","protected":false},"excerpt":{"rendered":"<p>Stage Guo Lin Qi Gong Angers octobre 2026 avec Ma\u00eetre Li Lanxue \ud83d\udcc5 Stage de Guo Lin Qi Gong \u00e0 Angers Du mercredi 30 septembre (apr\u00e8s-midi) au dimanche 4 octobre 2026 \u00e0 14h\ud83d\udccd Angers \u2013 Hostellerie du Bon Pasteur \u00a0 \ud83c\udf3f \u00c0 propos de Ma\u00eetre Li Lanxue Originaire de Rongcheng (province du Shandong), Ma\u00eetre Li [&hellip;]<\/p>\n","protected":false},"author":1,"featured_media":0,"parent":0,"menu_order":0,"comment_status":"closed","ping_status":"closed","template":"","meta":{"_monsterinsights_skip_tracking":false,"_monsterinsights_sitenote_active":false,"_monsterinsights_sitenote_note":"","_monsterinsights_sitenote_category":0,"_uf_show_specific_survey":0,"_uf_disable_surveys":false,"footnotes":""},"class_list":["post-6","page","type-page","status-publish","hentry"],"aioseo_notices":[],"yoast_head":"<!-- This site is optimized with the Yoast SEO plugin v27.2 - https:\/\/yoast.com\/product\/yoast-seo-wordpress\/ -->\n<title>Qi Gong et Cancer : GRACE, une Association pour un Mieux-\u00catre - GRACE<\/title>\n<meta name=\"description\" content=\"Qi Gong Cancer Paris | GRACE \u2013 Am\u00e9liorez votre qualit\u00e9 de vie gr\u00e2ce au GuoLin Qi Gong, une m\u00e9thode th\u00e9rapeutique adapt\u00e9e aux patients atteints de cancer. Encadr\u00e9 par le Dr Bing Kai LIU et son \u00e9quipe, pratiquez \u00e0 Paris dans un cadre bienveillant, en compl\u00e9ment des soins conventionnels. S\u00e9ances mensuelles au Bois de Vincennes.\" \/>\n<meta name=\"robots\" content=\"index, follow, max-snippet:-1, max-image-preview:large, max-video-preview:-1\" \/>\n<link rel=\"canonical\" href=\"https:\/\/grace-guolin-qigong.org\/\" \/>\n<meta property=\"og:locale\" content=\"fr_FR\" \/>\n<meta property=\"og:type\" content=\"article\" \/>\n<meta property=\"og:title\" content=\"Qi Gong et Cancer : GRACE, une Association pour un Mieux-\u00catre - GRACE\" \/>\n<meta property=\"og:description\" content=\"Qi Gong Cancer Paris | GRACE \u2013 Am\u00e9liorez votre qualit\u00e9 de vie gr\u00e2ce au GuoLin Qi Gong, une m\u00e9thode th\u00e9rapeutique adapt\u00e9e aux patients atteints de cancer. Encadr\u00e9 par le Dr Bing Kai LIU et son \u00e9quipe, pratiquez \u00e0 Paris dans un cadre bienveillant, en compl\u00e9ment des soins conventionnels. S\u00e9ances mensuelles au Bois de Vincennes.\" \/>\n<meta property=\"og:url\" content=\"https:\/\/grace-guolin-qigong.org\/\" \/>\n<meta property=\"og:site_name\" content=\"GRACE\" \/>\n<meta property=\"article:modified_time\" content=\"2026-04-27T06:05:14+00:00\" \/>\n<meta property=\"og:image\" content=\"https:\/\/grace-guolin-qigong.org\/wp-content\/uploads\/2026\/04\/affiche-Mtre-LI-stage.webp\" \/>\n\t<meta property=\"og:image:width\" content=\"847\" \/>\n\t<meta property=\"og:image:height\" content=\"581\" \/>\n\t<meta property=\"og:image:type\" content=\"image\/webp\" \/>\n<meta name=\"twitter:card\" content=\"summary_large_image\" \/>\n<meta name=\"twitter:label1\" content=\"Dur\u00e9e de lecture estim\u00e9e\" \/>\n\t<meta name=\"twitter:data1\" content=\"6 minutes\" \/>\n<script type=\"application\/ld+json\" class=\"yoast-schema-graph\">{\"@context\":\"https:\/\/schema.org\",\"@graph\":[{\"@type\":\"WebPage\",\"@id\":\"https:\/\/grace-guolin-qigong.org\/\",\"url\":\"https:\/\/grace-guolin-qigong.org\/\",\"name\":\"Qi Gong et Cancer : GRACE, une Association pour un Mieux-\u00catre - GRACE\",\"isPartOf\":{\"@id\":\"https:\/\/grace-guolin-qigong.org\/#website\"},\"primaryImageOfPage\":{\"@id\":\"https:\/\/grace-guolin-qigong.org\/#primaryimage\"},\"image\":{\"@id\":\"https:\/\/grace-guolin-qigong.org\/#primaryimage\"},\"thumbnailUrl\":\"http:\/\/grace-guolin-qigong.org\/wp-content\/uploads\/2026\/04\/affiche-Mtre-LI-stage.webp\",\"datePublished\":\"2023-10-14T07:30:32+00:00\",\"dateModified\":\"2026-04-27T06:05:14+00:00\",\"description\":\"Qi Gong Cancer Paris | GRACE \u2013 Am\u00e9liorez votre qualit\u00e9 de vie gr\u00e2ce au GuoLin Qi Gong, une m\u00e9thode th\u00e9rapeutique adapt\u00e9e aux patients atteints de cancer. Encadr\u00e9 par le Dr Bing Kai LIU et son \u00e9quipe, pratiquez \u00e0 Paris dans un cadre bienveillant, en compl\u00e9ment des soins conventionnels. S\u00e9ances mensuelles au Bois de Vincennes.\",\"breadcrumb\":{\"@id\":\"https:\/\/grace-guolin-qigong.org\/#breadcrumb\"},\"inLanguage\":\"fr-FR\",\"potentialAction\":[{\"@type\":\"ReadAction\",\"target\":[\"https:\/\/grace-guolin-qigong.org\/\"]}]},{\"@type\":\"ImageObject\",\"inLanguage\":\"fr-FR\",\"@id\":\"https:\/\/grace-guolin-qigong.org\/#primaryimage\",\"url\":\"https:\/\/grace-guolin-qigong.org\/wp-content\/uploads\/2026\/04\/affiche-Mtre-LI-stage.webp\",\"contentUrl\":\"https:\/\/grace-guolin-qigong.org\/wp-content\/uploads\/2026\/04\/affiche-Mtre-LI-stage.webp\",\"width\":847,\"height\":581,\"caption\":\"Stage Guo Lin Qi Gong Angers octobre 2026 avec Ma\u00eetre Li Lanxue\"},{\"@type\":\"BreadcrumbList\",\"@id\":\"https:\/\/grace-guolin-qigong.org\/#breadcrumb\",\"itemListElement\":[{\"@type\":\"ListItem\",\"position\":1,\"name\":\"Accueil\",\"item\":\"https:\/\/grace-guolin-qigong.org\/\"},{\"@type\":\"ListItem\",\"position\":2,\"name\":\"Qi Gong et Cancer : GRACE, une Association pour un Mieux-\u00catre\"}]},{\"@type\":\"WebSite\",\"@id\":\"https:\/\/grace-guolin-qigong.org\/#website\",\"url\":\"https:\/\/grace-guolin-qigong.org\/\",\"name\":\"GRACE\",\"description\":\"\",\"publisher\":{\"@id\":\"https:\/\/grace-guolin-qigong.org\/#organization\"},\"potentialAction\":[{\"@type\":\"SearchAction\",\"target\":{\"@type\":\"EntryPoint\",\"urlTemplate\":\"https:\/\/grace-guolin-qigong.org\/?s={search_term_string}\"},\"query-input\":{\"@type\":\"PropertyValueSpecification\",\"valueRequired\":true,\"valueName\":\"search_term_string\"}}],\"inLanguage\":\"fr-FR\"},{\"@type\":\"Organization\",\"@id\":\"https:\/\/grace-guolin-qigong.org\/#organization\",\"name\":\"GRACE\",\"url\":\"https:\/\/grace-guolin-qigong.org\/\",\"logo\":{\"@type\":\"ImageObject\",\"inLanguage\":\"fr-FR\",\"@id\":\"https:\/\/grace-guolin-qigong.org\/#\/schema\/logo\/image\/\",\"url\":\"https:\/\/grace-guolin-qigong.org\/wp-content\/uploads\/2023\/10\/logo-blanc-grace-video.jpg\",\"contentUrl\":\"https:\/\/grace-guolin-qigong.org\/wp-content\/uploads\/2023\/10\/logo-blanc-grace-video.jpg\",\"width\":841,\"height\":595,\"caption\":\"GRACE\"},\"image\":{\"@id\":\"https:\/\/grace-guolin-qigong.org\/#\/schema\/logo\/image\/\"}}]}<\/script>\n<!-- \/ Yoast SEO plugin. -->","yoast_head_json":{"title":"Qi Gong et Cancer : GRACE, une Association pour un Mieux-\u00catre - GRACE","description":"Qi Gong Cancer Paris | GRACE \u2013 Am\u00e9liorez votre qualit\u00e9 de vie gr\u00e2ce au GuoLin Qi Gong, une m\u00e9thode th\u00e9rapeutique adapt\u00e9e aux patients atteints de cancer. Encadr\u00e9 par le Dr Bing Kai LIU et son \u00e9quipe, pratiquez \u00e0 Paris dans un cadre bienveillant, en compl\u00e9ment des soins conventionnels. S\u00e9ances mensuelles au Bois de Vincennes.","robots":{"index":"index","follow":"follow","max-snippet":"max-snippet:-1","max-image-preview":"max-image-preview:large","max-video-preview":"max-video-preview:-1"},"canonical":"https:\/\/grace-guolin-qigong.org\/","og_locale":"fr_FR","og_type":"article","og_title":"Qi Gong et Cancer : GRACE, une Association pour un Mieux-\u00catre - GRACE","og_description":"Qi Gong Cancer Paris | GRACE \u2013 Am\u00e9liorez votre qualit\u00e9 de vie gr\u00e2ce au GuoLin Qi Gong, une m\u00e9thode th\u00e9rapeutique adapt\u00e9e aux patients atteints de cancer. Encadr\u00e9 par le Dr Bing Kai LIU et son \u00e9quipe, pratiquez \u00e0 Paris dans un cadre bienveillant, en compl\u00e9ment des soins conventionnels. S\u00e9ances mensuelles au Bois de Vincennes.","og_url":"https:\/\/grace-guolin-qigong.org\/","og_site_name":"GRACE","article_modified_time":"2026-04-27T06:05:14+00:00","og_image":[{"width":847,"height":581,"url":"https:\/\/grace-guolin-qigong.org\/wp-content\/uploads\/2026\/04\/affiche-Mtre-LI-stage.webp","type":"image\/webp"}],"twitter_card":"summary_large_image","twitter_misc":{"Dur\u00e9e de lecture estim\u00e9e":"6 minutes"},"schema":{"@context":"https:\/\/schema.org","@graph":[{"@type":"WebPage","@id":"https:\/\/grace-guolin-qigong.org\/","url":"https:\/\/grace-guolin-qigong.org\/","name":"Qi Gong et Cancer : GRACE, une Association pour un Mieux-\u00catre - GRACE","isPartOf":{"@id":"https:\/\/grace-guolin-qigong.org\/#website"},"primaryImageOfPage":{"@id":"https:\/\/grace-guolin-qigong.org\/#primaryimage"},"image":{"@id":"https:\/\/grace-guolin-qigong.org\/#primaryimage"},"thumbnailUrl":"http:\/\/grace-guolin-qigong.org\/wp-content\/uploads\/2026\/04\/affiche-Mtre-LI-stage.webp","datePublished":"2023-10-14T07:30:32+00:00","dateModified":"2026-04-27T06:05:14+00:00","description":"Qi Gong Cancer Paris | GRACE \u2013 Am\u00e9liorez votre qualit\u00e9 de vie gr\u00e2ce au GuoLin Qi Gong, une m\u00e9thode th\u00e9rapeutique adapt\u00e9e aux patients atteints de cancer. Encadr\u00e9 par le Dr Bing Kai LIU et son \u00e9quipe, pratiquez \u00e0 Paris dans un cadre bienveillant, en compl\u00e9ment des soins conventionnels. S\u00e9ances mensuelles au Bois de Vincennes.","breadcrumb":{"@id":"https:\/\/grace-guolin-qigong.org\/#breadcrumb"},"inLanguage":"fr-FR","potentialAction":[{"@type":"ReadAction","target":["https:\/\/grace-guolin-qigong.org\/"]}]},{"@type":"ImageObject","inLanguage":"fr-FR","@id":"https:\/\/grace-guolin-qigong.org\/#primaryimage","url":"https:\/\/grace-guolin-qigong.org\/wp-content\/uploads\/2026\/04\/affiche-Mtre-LI-stage.webp","contentUrl":"https:\/\/grace-guolin-qigong.org\/wp-content\/uploads\/2026\/04\/affiche-Mtre-LI-stage.webp","width":847,"height":581,"caption":"Stage Guo Lin Qi Gong Angers octobre 2026 avec Ma\u00eetre Li Lanxue"},{"@type":"BreadcrumbList","@id":"https:\/\/grace-guolin-qigong.org\/#breadcrumb","itemListElement":[{"@type":"ListItem","position":1,"name":"Accueil","item":"https:\/\/grace-guolin-qigong.org\/"},{"@type":"ListItem","position":2,"name":"Qi Gong et Cancer : GRACE, une Association pour un Mieux-\u00catre"}]},{"@type":"WebSite","@id":"https:\/\/grace-guolin-qigong.org\/#website","url":"https:\/\/grace-guolin-qigong.org\/","name":"GRACE","description":"","publisher":{"@id":"https:\/\/grace-guolin-qigong.org\/#organization"},"potentialAction":[{"@type":"SearchAction","target":{"@type":"EntryPoint","urlTemplate":"https:\/\/grace-guolin-qigong.org\/?s={search_term_string}"},"query-input":{"@type":"PropertyValueSpecification","valueRequired":true,"valueName":"search_term_string"}}],"inLanguage":"fr-FR"},{"@type":"Organization","@id":"https:\/\/grace-guolin-qigong.org\/#organization","name":"GRACE","url":"https:\/\/grace-guolin-qigong.org\/","logo":{"@type":"ImageObject","inLanguage":"fr-FR","@id":"https:\/\/grace-guolin-qigong.org\/#\/schema\/logo\/image\/","url":"https:\/\/grace-guolin-qigong.org\/wp-content\/uploads\/2023\/10\/logo-blanc-grace-video.jpg","contentUrl":"https:\/\/grace-guolin-qigong.org\/wp-content\/uploads\/2023\/10\/logo-blanc-grace-video.jpg","width":841,"height":595,"caption":"GRACE"},"image":{"@id":"https:\/\/grace-guolin-qigong.org\/#\/schema\/logo\/image\/"}}]}},"_links":{"self":[{"href":"https:\/\/grace-guolin-qigong.org\/index.php\/wp-json\/wp\/v2\/pages\/6","targetHints":{"allow":["GET"]}}],"collection":[{"href":"https:\/\/grace-guolin-qigong.org\/index.php\/wp-json\/wp\/v2\/pages"}],"about":[{"href":"https:\/\/grace-guolin-qigong.org\/index.php\/wp-json\/wp\/v2\/types\/page"}],"author":[{"embeddable":true,"href":"https:\/\/grace-guolin-qigong.org\/index.php\/wp-json\/wp\/v2\/users\/1"}],"replies":[{"embeddable":true,"href":"https:\/\/grace-guolin-qigong.org\/index.php\/wp-json\/wp\/v2\/comments?post=6"}],"version-history":[{"count":386,"href":"https:\/\/grace-guolin-qigong.org\/index.php\/wp-json\/wp\/v2\/pages\/6\/revisions"}],"predecessor-version":[{"id":2820,"href":"https:\/\/grace-guolin-qigong.org\/index.php\/wp-json\/wp\/v2\/pages\/6\/revisions\/2820"}],"wp:attachment":[{"href":"https:\/\/grace-guolin-qigong.org\/index.php\/wp-json\/wp\/v2\/media?parent=6"}],"curies":[{"name":"wp","href":"https:\/\/api.w.org\/{rel}","templated":true}]}}